{"id":14,"date":"2018-03-19T07:16:05","date_gmt":"2018-03-19T07:16:05","guid":{"rendered":"http:\/\/new.vcwolfurt.at\/beach\/?page_id=14"},"modified":"2026-02-23T08:24:41","modified_gmt":"2026-02-23T07:24:41","slug":"fur-die-kinder","status":"publish","type":"page","link":"https:\/\/vcwolfurt.at\/beach\/index.php\/fur-die-kinder\/","title":{"rendered":"F\u00fcr die Kinder"},"content":{"rendered":"<h1><span style=\"font-size: 18pt;\"><span style=\"font-family: georgia, palatino, serif; color: #000000;\">ASK\u00d6 Kinderspielefest<\/span><\/span><\/h1>\n<p style=\"margin: 0in; font-family: Calibri; font-size: 11.0pt;\"><span style=\"font-family: georgia, palatino, serif; font-size: 12pt;\">Mehr als 200 Kinder nehmen J\u00e4hrlich am ASK\u00d6 Spiel- und Bewegungsfest im Rahmen der Wolfurttrophy teil. An den Stationen kann jeder sein Geschick bei verschiedenen Sportarten und Bastellaktivit\u00e4ten unter Beweis stellen und sich dann einen attraktiven Preis aussuchen.<\/span><\/p>\n<p style=\"margin: 0in; font-family: Calibri; font-size: 11.0pt;\"><span style=\"font-family: georgia, palatino, serif; font-size: 12pt;\">Immer wieder werden alle \u00f6rtlichen Vereine eingeladen, ihr Sportangebot zu pr\u00e4sentieren und f\u00fcr Mitglieder zu werben.\u00a0Polizei, Feuerwehr, Streichelzoo, Balancieren, Minitischtennis, Volleyball, Badminton und vieles mehr war geboten. Mit dem Spielpass kann man keine Bewegungsstation \u00fcbersehen und nach der erfolgreichen Absolvierung aller warten attraktive Preise auf die Teilnehmer.<\/span><\/p>\n<p style=\"margin: 0in; font-family: Calibri; font-size: 11.0pt;\"><span style=\"font-family: georgia, palatino, serif; font-size: 12pt;\">In diesem Jahr findet das Kinderspielefest zum 11. Mal statt und es ist ein wahrer Erfolg, \u00f6rtliche Verein haben einen enormen Zuwachs von Nachwuchssportlern. Kinder zu mehr Bewegung f\u00fchren das ist das Ziel des Kinderspielefestes.<\/span><\/p>\n<p>&nbsp;<\/p>\n<h2><span style=\"color: #000000;\"><strong><span style=\"font-size: 12pt;\">ASK\u00d6 Kinderspielefest &#8211; Samstag 08.08.2026 11:00 &#8211; 16:00 Uhr<\/span><\/strong><\/span><\/h2>\n<p>Jedes Kind, dass alle Stationen absolviert, erh\u00e4lt am Samstag 08.08.2026 freien Eintritt in den Center Court<\/p>\n<h3><\/h3>\n<h1>Kindercamp<\/h1>\n<p>Auch in diesem Jahr findet am Donnerstag, den 06. August, das Raiffeisen Club Beachvolleyball Camp f\u00fcr Kinder und Jugendliche, im Rahmen der Raiffeisen Wolfurttrophy, statt &#8211; organisiert vom Raiffeisen VC Wolfurt.<\/p>\n<p>F\u00fcr Beachvolleyball-(un)erfahrene Kinder im Alter von 10 bis 14 Jahren besteht die M\u00f6glichkeit an einem eint\u00e4gigen Beachvolleyball-Camp teilzunehmen. Erfolgreiche Beachvolleyball-Spieler erkl\u00e4ren die Trendsportart, bringen den Kindern die notwendigen Techniken bei, und helfen ihnen \u201eBeachvolleyball zu erleben\u201c.<\/p>\n<p>F\u00fcr das leibliche Wohl ist gesorgt: erfrischende Fruchts\u00e4fte von PFANNER stehen bereit; das Mittagessen wird vom Raiffeisen Volleyballclub Wolfurt organisiert. Die jungen Sportler\/-innen haben somit die M\u00f6glichkeit, einen aktiven Sporttag mit professionellen Coaches zu erleben!<\/p>\n<p>Das Raiffeisen Beachvolleyball Camp 2026 findet an den Beachpl\u00e4tzen bei der Beacharena an der Ach in Wolfurt statt. Als Trainer stehen Top-Teams zur Verf\u00fcgung, die vom Volleyballclub engagiert werden.<\/p>\n<p><strong>Kosten:<\/strong><\/p>\n<p>20 \u20ac Pro Teilnehmer (zu Zahlen in Bar vor Veranstaltungsbeginn)<\/p>\n<p><b>Programm:<\/b><\/p>\n<p>09:45 Uhr Treffpunkt<br \/>\n10:00 Uhr Begr\u00fc\u00dfung und Vormittagstraining<br \/>\n12:00 Uhr Mittagspause<br \/>\n13:00 Uhr Nachmittagstraining<\/p>\n<p>15:00 Uhr Ende<br \/>\n16:00 Uhr Qualifikation Raiffeisen Wolfurttrophy<\/p>\n<p><b>Factbox:<\/b><br \/>\nBeachvolleyball Camp f\u00fcr Kinder und Jugendliche (10 \u2013 14 J.)<br \/>\nDonnerstag, 6. August 2026, 10.00 \u2013 15.00 Uhr<br \/>\nBeacharena an der Ach in Wolfurt (Dammstra\u00dfe)<br \/>\nEssen und Pfanner Fruchts\u00e4fte<br \/>\n\u201eGoodie Bag\u201c vom Raiffeisen Club f\u00fcr jedes Kind<br \/>\nKeine (Beach-)Volleyballkenntnisse notwendig<\/p>\n<p>&nbsp;<\/p>\n<h2><strong>Anmeldung Kindercamp 2026<\/strong><\/h2>\n<p>Die Anmeldung wir Mitte M\u00e4rz ge\u00f6ffnet.<\/p>\n<p>&nbsp;<\/p>\n","protected":false},"excerpt":{"rendered":"<p>ASK\u00d6 Kinderspielefest Mehr als 200 Kinder nehmen J\u00e4hrlich am ASK\u00d6 Spiel- und Bewegungsfest im Rahmen der Wolfurttrophy teil. An den Stationen kann jeder sein Geschick bei verschiedenen Sportarten und Bastellaktivit\u00e4ten unter Beweis stellen und sich dann einen attraktiven Preis aussuchen. Immer wieder werden alle \u00f6rtlichen Vereine eingeladen, ihr Sportangebot zu pr\u00e4sentieren und f\u00fcr Mitglieder zu [&hellip;]<\/p>\n","protected":false},"author":1,"featured_media":0,"parent":0,"menu_order":0,"comment_status":"closed","ping_status":"closed","template":"","meta":{"footnotes":""},"class_list":["post-14","page","type-page","status-publish","hentry"],"_links":{"self":[{"href":"https:\/\/vcwolfurt.at\/beach\/index.php\/wp-json\/wp\/v2\/pages\/14","targetHints":{"allow":["GET"]}}],"collection":[{"href":"https:\/\/vcwolfurt.at\/beach\/index.php\/wp-json\/wp\/v2\/pages"}],"about":[{"href":"https:\/\/vcwolfurt.at\/beach\/index.php\/wp-json\/wp\/v2\/types\/page"}],"author":[{"embeddable":true,"href":"https:\/\/vcwolfurt.at\/beach\/index.php\/wp-json\/wp\/v2\/users\/1"}],"replies":[{"embeddable":true,"href":"https:\/\/vcwolfurt.at\/beach\/index.php\/wp-json\/wp\/v2\/comments?post=14"}],"version-history":[{"count":55,"href":"https:\/\/vcwolfurt.at\/beach\/index.php\/wp-json\/wp\/v2\/pages\/14\/revisions"}],"predecessor-version":[{"id":2698,"href":"https:\/\/vcwolfurt.at\/beach\/index.php\/wp-json\/wp\/v2\/pages\/14\/revisions\/2698"}],"wp:attachment":[{"href":"https:\/\/vcwolfurt.at\/beach\/index.php\/wp-json\/wp\/v2\/media?parent=14"}],"curies":[{"name":"wp","href":"https:\/\/api.w.org\/{rel}","templated":true}]}}