{"id":185,"date":"2018-04-14T14:14:28","date_gmt":"2018-04-14T12:14:28","guid":{"rendered":"http:\/\/new.vcwolfurt.at\/beach\/?page_id=185"},"modified":"2026-01-20T11:04:50","modified_gmt":"2026-01-20T10:04:50","slug":"sponsormoeglichkeiten","status":"publish","type":"page","link":"https:\/\/vcwolfurt.at\/beach\/index.php\/sponsormoeglichkeiten\/","title":{"rendered":"Sponsorm\u00f6glichkeiten"},"content":{"rendered":"<h2>Liebe Sponsoren \/ G\u00f6nner \/ Unterst\u00fctzer \/ Helfer des Raiffeisen Volleyballclubs Wolfurt!<\/h2>\n<p>Seit nunmehr knapp 30 Jahren veranstaltet der VC Wolfurt erfolgreich die Wolfurttrophy!<br \/>\nAls gr\u00f6\u00dften Volleyballverein in Vorarlberg sind wir und die RWT von der Unterst\u00fctzung verschiedener Sponsoren abh\u00e4ngig.<br \/>\nViele Vereinsmitglieder und Freunde von anderen Vereinen investieren ihre Zeit in den Trib\u00fcnen-\/Zelt-Aufbau &amp; Abbau sowie in unz\u00e4hlige Wochenenddienste.<br \/>\nViele Sponsoren pr\u00e4sentieren ihre Firma bereits seit Jahren erfolgreich und unterst\u00fctzen damit unseren Verein ma\u00dfgeblich!<\/p>\n<p><strong>Daher sagen wir allen recht herzlichen Dank!<\/strong><br \/>\n<strong> Ohne euch w\u00e4re so eine Veranstaltung nicht m\u00f6glich.<\/strong><\/p>\n<p>Sie sind noch kein Sponsor \/ G\u00f6nner \/ Unterst\u00fctzer \/ Helfer?<br \/>\nWollen Sie bei einem der gr\u00f6\u00dften Beachvolleyball-Turniere in \u00d6sterreich dabei sein? Dann schauen Sie in unserer Sponsorenmappe nach, welche M\u00f6glichkeiten Sie bei uns haben! Unsere Sponsorenangebote stellen eine Auswahl dar, f\u00fcr individuelle Vorschl\u00e4ge ist unser Verein immer offen.<\/p>\n<p><a href=\"https:\/\/vcwolfurt.at\/beach\/wp-content\/uploads\/2025\/05\/WT25-BOOKLET.pdf\" target=\"_blank\" rel=\"noopener noreferrer\"><button class=\"btn btn-normal\">Unsere Sponsorenmappe<\/button><\/a><\/p>\n<h3>Auflistung der m\u00f6glichen Leistungen:<\/h3>\n<ul>\n<li><span style=\"font-size: 1.2em; line-height: 1.5em;\">Trib\u00fcnensponsor auf Anfrage<\/span><\/li>\n<li><span style=\"font-size: 1.2em; line-height: 1.5em;\">Anzeigepaneel preise lt. Booklet<\/span><\/li>\n<\/ul>\n<ul>\n<li><span style=\"font-size: 1.2em; line-height: 1.5em;\">1 Sekunde EUR 10,00<\/span><\/li>\n<li><span style=\"font-size: 1.2em; line-height: 1.5em;\">10 Sekunden (Video) EUR 100,00<\/span><\/li>\n<li><span style=\"font-size: 1.2em; line-height: 1.5em;\">20 Einblendungen a\u2018 10 sek EUR 2.000,00<\/span><\/li>\n<li><span style=\"font-size: 1.2em; line-height: 1.5em;\">50 Einblendungen a\u2018 10 sek EUR 4.000,00<\/span><\/li>\n<li><span style=\"font-size: 1.2em; line-height: 1.5em;\">Finalsponsor 3000\u20ac<\/span><\/li>\n<li><span style=\"font-size: 1.2em; line-height: 1.5em;\">Boxenturm 2500\u20ac<\/span><\/li>\n<li><span style=\"font-size: 1.2em; line-height: 1.5em;\">T-Shirt Sponsor auf Anfrage<\/span><\/li>\n<li><span style=\"font-size: 1.2em; line-height: 1.5em;\">Schiedsrichterstuhl 2000\u20ac (dazu kommen die Kosten f\u00fcr den Schiedsrichterstuhl)<\/span><\/li>\n<li><span style=\"font-size: 1.2em; line-height: 1.5em;\">Transparent Centercourt 1500\u20ac<\/span><\/li>\n<li><span style=\"font-size: 1.2em; line-height: 1.5em;\">Transparent Sidecourt 1000\u20ac<\/span><\/li>\n<li><span style=\"font-size: 1.2em; line-height: 1.5em;\">Transparent Hofsteigturnier 500\u20ac<\/span><\/li>\n<\/ul>\n<hr style=\"margin-top: 50px; margin-bottom: 50px;\" \/>\n<h2>Sponsoring Kontakt:<\/h2>\n<p>Unsere Sponsorenangebote sollen nur eine Auswahl darstellen, f\u00fcr individuelle Vorschl\u00e4ge ist unser Verein immer offen. Gerne k\u00f6nnen sie unseren Obmann Sebastian Vonach kontaktieren, er steht gerne f\u00fcr Termine aber auch Telefonate zur Verf\u00fcgung. Da es sehr viele M\u00f6glichkeiten gibt den Raiffeisen VCWolfurt zu unterst\u00fctzen, k\u00f6nnen bei pers\u00f6nlichen Gespr\u00e4chen individuell angepasste Pakete geschn\u00fcrt werden.<\/p>\n<table class=\"board-list\">\n<tbody>\n<tr>\n<td style=\"min-width: 50px; min-height: 150px;\" width=\"15%\"><img decoding=\"async\" class=\"alignnone wp-image-534\" style=\"min-width: 120px; height: auto;\" src=\"https:\/\/vcwolfurt.at\/wp-content\/uploads\/2018\/04\/Vonach-300x199.jpg\" sizes=\"(max-width: 300px) 100vw, 300px\" srcset=\"https:\/\/vcwolfurt.at\/wp-content\/uploads\/2018\/04\/Vonach-300x199.jpg 300w, https:\/\/vcwolfurt.at\/wp-content\/uploads\/2018\/04\/Vonach-768x511.jpg 768w, https:\/\/vcwolfurt.at\/wp-content\/uploads\/2018\/04\/Vonach-1024x681.jpg 1024w\" alt=\"\" \/><\/td>\n<td>Sebastian Vonach<br \/>\nObmann VCWolfurt<br \/>\nobmann(at)vcwolfurt.at<\/td>\n<\/tr>\n<\/tbody>\n<\/table>\n","protected":false},"excerpt":{"rendered":"<p>Liebe Sponsoren \/ G\u00f6nner \/ Unterst\u00fctzer \/ Helfer des Raiffeisen Volleyballclubs Wolfurt! Seit nunmehr knapp 30 Jahren veranstaltet der VC Wolfurt erfolgreich die Wolfurttrophy! Als gr\u00f6\u00dften Volleyballverein in Vorarlberg sind wir und die RWT von der Unterst\u00fctzung verschiedener Sponsoren abh\u00e4ngig. Viele Vereinsmitglieder und Freunde von anderen Vereinen investieren ihre Zeit in den Trib\u00fcnen-\/Zelt-Aufbau &amp; Abbau [&hellip;]<\/p>\n","protected":false},"author":1,"featured_media":0,"parent":0,"menu_order":0,"comment_status":"closed","ping_status":"closed","template":"","meta":{"footnotes":""},"class_list":["post-185","page","type-page","status-publish","hentry"],"_links":{"self":[{"href":"https:\/\/vcwolfurt.at\/beach\/index.php\/wp-json\/wp\/v2\/pages\/185","targetHints":{"allow":["GET"]}}],"collection":[{"href":"https:\/\/vcwolfurt.at\/beach\/index.php\/wp-json\/wp\/v2\/pages"}],"about":[{"href":"https:\/\/vcwolfurt.at\/beach\/index.php\/wp-json\/wp\/v2\/types\/page"}],"author":[{"embeddable":true,"href":"https:\/\/vcwolfurt.at\/beach\/index.php\/wp-json\/wp\/v2\/users\/1"}],"replies":[{"embeddable":true,"href":"https:\/\/vcwolfurt.at\/beach\/index.php\/wp-json\/wp\/v2\/comments?post=185"}],"version-history":[{"count":36,"href":"https:\/\/vcwolfurt.at\/beach\/index.php\/wp-json\/wp\/v2\/pages\/185\/revisions"}],"predecessor-version":[{"id":2691,"href":"https:\/\/vcwolfurt.at\/beach\/index.php\/wp-json\/wp\/v2\/pages\/185\/revisions\/2691"}],"wp:attachment":[{"href":"https:\/\/vcwolfurt.at\/beach\/index.php\/wp-json\/wp\/v2\/media?parent=185"}],"curies":[{"name":"wp","href":"https:\/\/api.w.org\/{rel}","templated":true}]}}