{"id":1928,"date":"2022-05-12T09:04:32","date_gmt":"2022-05-12T07:04:32","guid":{"rendered":"https:\/\/vcwolfurt.at\/beach\/?page_id=1928"},"modified":"2026-04-07T21:45:09","modified_gmt":"2026-04-07T19:45:09","slug":"bagger-partie-info","status":"publish","type":"page","link":"https:\/\/vcwolfurt.at\/beach\/index.php\/bagger-partie-info\/","title":{"rendered":"Baggerpartie Info"},"content":{"rendered":"<p>&nbsp;<\/p>\n<p>Die Bagger-Partie wird aus Tradition noch immer, wie seit Beginn der Wolfurttrophy vor \u00fcber 30 Jahren, auf S\u00e4gesp\u00e4nen gespielt. Aufgrund der zahlreichen Landesliga Spieler, Hobbyspieler und G\u00e4ste aus den umliegenden L\u00e4ndern ist das Niveau sehr gut, dennoch steht der Spa\u00df und die gemeinsame Zeit zu genie\u00dfen im Vordergrund. Die Sieger erhalten spannende Preise und bei den Beachparties am Abend wird der Tag nochmals geb\u00fchrend verabschiedet.<br \/>\nEs stehen f\u00fcr alle Spieler Duschen zur Verf\u00fcgung, damit ihr top gestylt auf der Beachparty erscheinen k\u00f6nnt.<br \/>\nDer Raiffeisen Volleyballclub Wolfurt freut sich auf eine atemberaubende Veranstaltung und euer Kommen.<\/p>\n<p>&nbsp;<\/p>\n<h4><strong>Freitag 07.08.2026<br \/>\n<\/strong><\/h4>\n<p>Baggerpartie Quattro Mixed<br \/>\n(mind. 2 Damen\/Team)<br \/>\nNenngeld EUR 80,-\/Team<br \/>\nZusatzoption: 4 Abendeintritte f\u00fcr Freitag um 50\u20ac anstatt 64\u20ac<br \/>\n13:30 \u2013 19:30 Uhr mit anschl. Siegerehrung<br \/>\nTeilnahme ab 15 Jahren<\/p>\n<p>&nbsp;<\/p>\n<h4><strong>Samstag 08.08.2026:<br \/>\n<\/strong><\/h4>\n<p>Baggerpartie 2er Damen<br \/>\nNenngeld EUR 40,-\/Team<\/p>\n<p>Baggerpartie 2er Herren<br \/>\nNenngeld EUR 40,-\/Team<\/p>\n<p>inklusive Stadioneintritt<br \/>\nZusatzoption: 2 Abendeintritte f\u00fcr Samstag um \u20ac 25,- anstatt \u20ac32,- im Package buchbar.<br \/>\n09:30-17:00 Uhr mit anschl. Siegerehrung<br \/>\nTeilnahme ab 15 Jahren<\/p>\n<p>&nbsp;<\/p>\n<h4><strong>H<\/strong><strong>ighlights:<\/strong><\/h4>\n<ul>\n<li>H\u00e4nge ab in der Chill-Out-Area direkt am Court<\/li>\n<li>K\u00fchl dich ab an der Bagger-Bar<\/li>\n<li>Atme die internationale Luft am Centercourt<\/li>\n<li>Hol dir WiGe-Gutscheine und weitere Sachpreise.<\/li>\n<\/ul>\n<p>&nbsp;<\/p>\n<h4><strong>Infos:<\/strong><\/h4>\n<ul>\n<li>Achtung Teilnehmerzahl ist begrenzt<\/li>\n<li>Spielberechtigt sind Spielerinnen- und Spieler ab 15 Jahren<\/li>\n<li>Duschm\u00f6glichkeit im Pfadfinderheim vorhanden<\/li>\n<\/ul>\n<p>&nbsp;<\/p>\n<h4><strong>Kontakt:<\/strong><\/h4>\n<ul>\n<li>baggerpartie@wolfurttrophy.cc<\/li>\n<\/ul>\n<p>&nbsp;<\/p>\n<h4><strong>Media:<\/strong><\/h4>\n<p><a href=\"https:\/\/bilder.bagger-partie.at\/index.php?\/category\/15\">Baggerpartie Fotos<\/a><\/p>\n<p>&nbsp;<\/p>\n<h4><strong>Zur Anmeldung:<\/strong><\/h4>\n<p><a href=\"https:\/\/tournifyapp.com\/live\/baggerpartie2026\">Zur Anmeldung<\/a><\/p>\n","protected":false},"excerpt":{"rendered":"<p>&nbsp; Die Bagger-Partie wird aus Tradition noch immer, wie seit Beginn der Wolfurttrophy vor \u00fcber 30 Jahren, auf S\u00e4gesp\u00e4nen gespielt. Aufgrund der zahlreichen Landesliga Spieler, Hobbyspieler und G\u00e4ste aus den umliegenden L\u00e4ndern ist das Niveau sehr gut, dennoch steht der Spa\u00df und die gemeinsame Zeit zu genie\u00dfen im Vordergrund. Die Sieger erhalten spannende Preise und [&hellip;]<\/p>\n","protected":false},"author":4,"featured_media":0,"parent":0,"menu_order":0,"comment_status":"closed","ping_status":"closed","template":"","meta":{"footnotes":""},"class_list":["post-1928","page","type-page","status-publish","hentry"],"_links":{"self":[{"href":"https:\/\/vcwolfurt.at\/beach\/index.php\/wp-json\/wp\/v2\/pages\/1928","targetHints":{"allow":["GET"]}}],"collection":[{"href":"https:\/\/vcwolfurt.at\/beach\/index.php\/wp-json\/wp\/v2\/pages"}],"about":[{"href":"https:\/\/vcwolfurt.at\/beach\/index.php\/wp-json\/wp\/v2\/types\/page"}],"author":[{"embeddable":true,"href":"https:\/\/vcwolfurt.at\/beach\/index.php\/wp-json\/wp\/v2\/users\/4"}],"replies":[{"embeddable":true,"href":"https:\/\/vcwolfurt.at\/beach\/index.php\/wp-json\/wp\/v2\/comments?post=1928"}],"version-history":[{"count":54,"href":"https:\/\/vcwolfurt.at\/beach\/index.php\/wp-json\/wp\/v2\/pages\/1928\/revisions"}],"predecessor-version":[{"id":2710,"href":"https:\/\/vcwolfurt.at\/beach\/index.php\/wp-json\/wp\/v2\/pages\/1928\/revisions\/2710"}],"wp:attachment":[{"href":"https:\/\/vcwolfurt.at\/beach\/index.php\/wp-json\/wp\/v2\/media?parent=1928"}],"curies":[{"name":"wp","href":"https:\/\/api.w.org\/{rel}","templated":true}]}}