{"id":292,"date":"2018-04-18T23:02:15","date_gmt":"2018-04-18T21:02:15","guid":{"rendered":"http:\/\/vcwolfurt.at\/beach\/?page_id=292"},"modified":"2025-08-14T14:11:57","modified_gmt":"2025-08-14T12:11:57","slug":"siegertafel","status":"publish","type":"page","link":"https:\/\/vcwolfurt.at\/beach\/index.php\/siegertafel\/","title":{"rendered":"Siegertafel"},"content":{"rendered":"<h2>Herren<\/h2>\n<table class=\"player-list\" style=\"height: 582px; width: 50.6601%;\">\n<thead>\n<tr style=\"height: 23px;\">\n<td style=\"height: 23px; width: 6.82788%;\">Jahr<\/td>\n<td style=\"height: 23px; width: 30.441%;\">1. Platz<\/td>\n<td style=\"height: 23px; width: 29.5875%;\">2. Platz<\/td>\n<td style=\"height: 23px; width: 31.4367%;\">3. Platz<\/td>\n<\/tr>\n<\/thead>\n<tbody>\n<tr style=\"height: 23px;\">\n<td style=\"height: 23px; width: 6.82788%;\">2025<\/td>\n<td style=\"width: 30.441%; height: 24px;\">Semerad\/Stocek (CZE)<\/td>\n<td style=\"width: 29.5875%; height: 24px;\">Czachorowski\/Lejawa (POL)<\/td>\n<td style=\"width: 31.4367%; height: 24px;\">Schnetzer\/Friedl (AUT)<\/td>\n<\/tr>\n<tr style=\"height: 23px;\">\n<td style=\"height: 23px; width: 6.82788%;\">2024<\/td>\n<td style=\"width: 30.441%; height: 24px;\">Trummer\/Dressler (AUT)<\/td>\n<td style=\"width: 29.5875%; height: 24px;\">Leitner\/Pascariuc (AUT)<\/td>\n<td style=\"width: 31.4367%; height: 24px;\">Reiter\/Waller (AUT)<\/td>\n<\/tr>\n<tr style=\"height: 23px;\">\n<td style=\"height: 23px; width: 6.82788%;\">2023<\/td>\n<td style=\"height: 23px; width: 30.441%;\">Trummer\/Dressler (AUT)<\/td>\n<td style=\"height: 23px; width: 29.5875%;\">Batrane\/Bialokoz (ENG)<\/td>\n<td style=\"height: 23px; width: 31.4367%;\">Kufa\/Williams (CZE)<\/td>\n<\/tr>\n<tr style=\"height: 23px;\">\n<td style=\"height: 23px; width: 6.82788%;\">2022<\/td>\n<td style=\"height: 23px; width: 30.441%;\">Heidrich\/Dillier (SUI)<\/td>\n<td style=\"height: 23px; width: 29.5875%;\">Seiser\/Kindl (AUT)<\/td>\n<td style=\"height: 23px; width: 31.4367%;\">Friedl\/Gerson (AUT\/SUI)<\/td>\n<\/tr>\n<tr style=\"height: 23px;\">\n<td style=\"height: 23px; width: 6.82788%;\">2021<\/td>\n<td style=\"height: 23px; width: 30.441%;\">Metral\/Haussener (SUI)<\/td>\n<td style=\"height: 23px; width: 29.5875%;\">Dzavoronok\/Tezzele (CZE)<\/td>\n<td style=\"height: 23px; width: 31.4367%;\">Seiser\/Kindl (AUT)<\/td>\n<\/tr>\n<tr style=\"height: 23px;\">\n<td style=\"height: 23px; width: 6.82788%;\">2020<\/td>\n<td style=\"height: 23px; width: 30.441%;\">Waller\/H\u00f6rl (AUT)<\/td>\n<td style=\"height: 23px; width: 29.5875%;\">Pristauz\/Leitner (AUT)<\/td>\n<td style=\"height: 23px; width: 31.4367%;\">Heidrich\/Gerson (SUI)<\/td>\n<\/tr>\n<tr style=\"height: 23px;\">\n<td style=\"height: 23px; width: 6.82788%;\">2019<\/td>\n<td style=\"height: 23px; width: 30.441%;\">Baldauf\/Reiter (WOLFURT)<\/td>\n<td style=\"height: 23px; width: 29.5875%;\">Fr\u00fchbauer\/Murauer (AUT)<\/td>\n<td style=\"height: 23px; width: 31.4367%;\">Metral\/Breer (SUI)<\/td>\n<\/tr>\n<tr style=\"height: 23px;\">\n<td style=\"height: 23px; width: 6.82788%;\">2018<\/td>\n<td style=\"height: 23px; width: 30.441%;\">Kufa\/Williams (CZE\/RSA)<\/td>\n<td style=\"height: 23px; width: 29.5875%;\">Schnetzer1\/M\u00fcllner (AUT)<\/td>\n<td style=\"height: 23px; width: 31.4367%;\">Murauer\/Kindl (AUT)<\/td>\n<\/tr>\n<tr style=\"height: 23px;\">\n<td style=\"height: 23px; width: 6.82788%;\">2017<\/td>\n<td style=\"height: 23px; width: 30.441%;\">Huber \/ H\u00f6rl (AUT)<\/td>\n<td style=\"height: 23px; width: 29.5875%;\">Eglseer \/ Schnetzer (AUT)<\/td>\n<td style=\"height: 23px; width: 31.4367%;\">Fr\u00fchbauer \/ Wutzl (AUT)<\/td>\n<\/tr>\n<tr style=\"height: 23px;\">\n<td style=\"height: 23px; width: 6.82788%;\">2016<\/td>\n<td style=\"height: 23px; width: 30.441%;\">Hupfer \/ H\u00f6rl (AUT)<\/td>\n<td style=\"height: 23px; width: 29.5875%;\">Eglseer \/ Schnetzer (AUT)<\/td>\n<td style=\"height: 23px; width: 31.4367%;\">Fr\u00fchbauer \/ Wutzl (AUT)<\/td>\n<\/tr>\n<tr style=\"height: 23px;\">\n<td style=\"height: 23px; width: 6.82788%;\">2015<\/td>\n<td style=\"height: 23px; width: 30.441%;\">Dumek \/ Kufa (CZE)<\/td>\n<td style=\"height: 23px; width: 29.5875%;\">Petutschnig \/ Winter (AUT)<\/td>\n<td style=\"height: 23px; width: 31.4367%;\">Dressler \/ Kunert (AUT)<\/td>\n<\/tr>\n<tr style=\"height: 22px;\">\n<td style=\"height: 22px; width: 6.82788%;\">2014<\/td>\n<td style=\"height: 22px; width: 30.441%;\">Murauer\/Schnetzer (AUT)<\/td>\n<td style=\"height: 22px; width: 29.5875%;\">Hukel\/Horvath (SLK)<\/td>\n<td style=\"height: 22px; width: 31.4367%;\">Kriener\/Wallner (AUT)<\/td>\n<\/tr>\n<tr style=\"height: 23px;\">\n<td style=\"height: 23px; width: 6.82788%;\">2013<\/td>\n<td style=\"height: 23px; width: 30.441%;\">Hatch\/Redman (CAN)<\/td>\n<td style=\"height: 23px; width: 29.5875%;\">Kufa \/ Lenc (CZE)<\/td>\n<td style=\"height: 23px; width: 31.4367%;\">Koraimann\/Schnetzer (AUT)<\/td>\n<\/tr>\n<tr style=\"height: 23px;\">\n<td style=\"height: 23px; width: 6.82788%;\">2012<\/td>\n<td style=\"height: 23px; width: 30.441%;\">Marcio \/ Kufa (BRA\/CZE)<\/td>\n<td style=\"height: 23px; width: 29.5875%;\">\u00a0Kufa \/ Pridal (CZE)<\/td>\n<td style=\"height: 23px; width: 31.4367%;\">Dumek \/ Tichy (CZE)<\/td>\n<\/tr>\n<tr style=\"height: 31px;\">\n<td style=\"height: 31px; width: 6.82788%;\">2011<\/td>\n<td style=\"height: 31px; width: 30.441%;\">Binstock \/ Hatch (CAN)<\/td>\n<td style=\"height: 31px; width: 29.5875%;\">Kufa \/ Kufa (CZE)<\/td>\n<td style=\"height: 31px; width: 31.4367%;\">Bernardo \/ Beto Pitta (BRA)<\/td>\n<\/tr>\n<tr style=\"height: 23px;\">\n<td style=\"height: 23px; width: 6.82788%;\">2010<\/td>\n<td style=\"height: 23px; width: 30.441%;\">Para \/ Roberto (BRA)<\/td>\n<td style=\"height: 23px; width: 29.5875%;\">Bernardo \/ Jan (BRA)<\/td>\n<td style=\"height: 23px; width: 31.4367%;\">Zbyszewski \/ Binstock (CAN)<\/td>\n<\/tr>\n<tr style=\"height: 23px;\">\n<td style=\"height: 23px; width: 6.82788%;\">2009<\/td>\n<td style=\"height: 23px; width: 30.441%;\">Jan \/ Santos (BRA)<\/td>\n<td style=\"height: 23px; width: 29.5875%;\">H\u00fctthaler \/ Traxler (AUT)<\/td>\n<td style=\"height: 23px; width: 31.4367%;\">Para \/ Bernado (BRA)<\/td>\n<\/tr>\n<tr style=\"height: 23px;\">\n<td style=\"height: 23px; width: 6.82788%;\">2008<\/td>\n<td style=\"height: 23px; width: 30.441%;\">Jan \/ Thiago (BRA)<\/td>\n<td style=\"height: 23px; width: 29.5875%;\">Para \/ Da Silva (BRA)<\/td>\n<td style=\"height: 23px; width: 31.4367%;\">Buber \/ Bl\u00e4uel (AUT)<\/td>\n<\/tr>\n<tr style=\"height: 23px;\">\n<td style=\"height: 23px; width: 6.82788%;\">2007<\/td>\n<td style=\"height: 23px; width: 30.441%;\">Para \/ Jan Sieger (BRA)<\/td>\n<td style=\"height: 23px; width: 29.5875%;\">Kais \/ Arak (EST)<\/td>\n<td style=\"height: 23px; width: 31.4367%;\">Dumek \/ Kufa (CZE)<\/td>\n<\/tr>\n<tr style=\"height: 23px;\">\n<td style=\"height: 23px; width: 6.82788%;\">2006<\/td>\n<td style=\"height: 23px; width: 30.441%;\">Berger \/ Nowotny (AUT)<\/td>\n<td style=\"height: 23px; width: 29.5875%;\">Dumek \/ Pak (CZE)<\/td>\n<td style=\"height: 23px; width: 31.4367%;\">Jan \/ Para (BRA)<\/td>\n<\/tr>\n<tr style=\"height: 23px;\">\n<td style=\"height: 23px; width: 6.82788%;\">2005<\/td>\n<td style=\"height: 23px; width: 30.441%;\">Para \/ Jan (BRA)<\/td>\n<td style=\"height: 23px; width: 29.5875%;\">Schroffis (AUT)<\/td>\n<td style=\"height: 23px; width: 31.4367%;\">Bellarguarda \/ Vesti (SUI)<\/td>\n<\/tr>\n<tr style=\"height: 23px;\">\n<td style=\"height: 23px; width: 6.82788%;\">2004<\/td>\n<td style=\"height: 23px; width: 30.441%;\">G\u00f6ttlinger \/ Horst (AUT)<\/td>\n<td style=\"height: 23px; width: 29.5875%;\">Schroffis (AUT)<\/td>\n<td style=\"height: 23px; width: 31.4367%;\"><\/td>\n<\/tr>\n<tr style=\"height: 23px;\">\n<td style=\"height: 23px; width: 6.82788%;\">2003<\/td>\n<td style=\"height: 23px; width: 30.441%;\">Gosch \/ Strauss (AUT)<\/td>\n<td style=\"height: 23px; width: 29.5875%;\">Palinek \/ Smrcka (CZE)<\/td>\n<td style=\"height: 23px; width: 31.4367%;\"><\/td>\n<\/tr>\n<tr style=\"height: 23px;\">\n<td style=\"height: 23px; width: 6.82788%;\">2002<\/td>\n<td style=\"height: 23px; width: 30.441%;\">Berger \/ Doppler (AUT)<\/td>\n<td style=\"height: 23px; width: 29.5875%;\">Nowotny\/Gartmayer (AUT)<\/td>\n<td style=\"height: 23px; width: 31.4367%;\"><\/td>\n<\/tr>\n<tr style=\"height: 23px;\">\n<td style=\"width: 6.82788%; height: 23px;\">2001<\/td>\n<td style=\"height: 23px; width: 30.441%;\">Nowotny\/Gartmayer(AUT)<\/td>\n<td style=\"height: 23px; width: 29.5875%;\">\u00a0Hirner\/Reiter (AUT)<\/td>\n<td style=\"width: 31.4367%; height: 23px;\"><\/td>\n<\/tr>\n<\/tbody>\n<\/table>\n<h2>Damen<\/h2>\n<table class=\"player-list\" style=\"width: 55.9051%; height: 504px;\">\n<thead>\n<tr style=\"height: 24px;\">\n<td style=\"width: 6.9863%; height: 24px;\">Jahr<\/td>\n<td style=\"width: 30.2171%; height: 24px;\">1. Platz<\/td>\n<td style=\"width: 31.4364%; height: 24px;\">2. Platz<\/td>\n<td style=\"width: 35.6311%; height: 24px;\">3. Platz<\/td>\n<\/tr>\n<\/thead>\n<tbody>\n<tr style=\"height: 24px;\">\n<td style=\"width: 6.9863%; height: 24px;\">2025<\/td>\n<td style=\"width: 30.2171%; height: 24px;\">Andressa\/Taina (BRA)<\/td>\n<td style=\"width: 31.4364%; height: 24px;\">Lorenzova\/Tomasova (CZE)<\/td>\n<td style=\"width: 35.6311%; height: 24px;\">Lovsin N.\/Kotnik (SLO)<\/td>\n<\/tr>\n<tr style=\"height: 24px;\">\n<td style=\"width: 6.9863%; height: 24px;\">2024<\/td>\n<td style=\"width: 30.2171%; height: 24px;\">Berger\/Hohenauer (AUT)<\/td>\n<td style=\"width: 31.4364%; height: 24px;\">Holzer\/Rabitsch (AUT)<\/td>\n<td style=\"width: 35.6311%; height: 24px;\">De Meersmann\/Shkarupa (AUT)<\/td>\n<\/tr>\n<tr style=\"height: 24px;\">\n<td style=\"width: 6.9863%; height: 24px;\">2023<\/td>\n<td style=\"width: 30.2171%; height: 24px;\">Friedl\/Sch\u00fctzenh\u00f6fer (AUT)<\/td>\n<td style=\"width: 31.4364%; height: 24px;\">Slukova\/Zolnercikova (CZE)<\/td>\n<td style=\"width: 35.6311%; height: 24px;\">Berger\/Hohenauer (AUT)<\/td>\n<\/tr>\n<tr style=\"height: 24px;\">\n<td style=\"width: 6.9863%; height: 24px;\">2022<\/td>\n<td style=\"width: 30.2171%; height: 24px;\">Trailovic\/Rabitsch (AUT)<\/td>\n<td style=\"width: 31.4364%; height: 24px;\">Wiesmeyr\/Freiberger (AUT)<\/td>\n<td style=\"width: 35.6311%; height: 24px;\">Hohenauer\/Bruckner (AUT)<\/td>\n<\/tr>\n<tr style=\"height: 24px;\">\n<td style=\"width: 6.9863%; height: 24px;\">2021<\/td>\n<td style=\"width: 30.2171%; height: 24px;\">Williams\/Stochlova (CZE)<\/td>\n<td style=\"width: 31.4364%; height: 24px;\">Kotnik\/Lovsin (SLO)<\/td>\n<td style=\"width: 35.6311%; height: 24px;\">Fink\/Freiberger (AUT)<\/td>\n<\/tr>\n<tr style=\"height: 24px;\">\n<td style=\"width: 6.9863%; height: 24px;\">2020<\/td>\n<td style=\"width: 30.2171%; height: 24px;\">Plesiutschnig\/Klinger (AUT)<\/td>\n<td style=\"width: 31.4364%; height: 24px;\">Friedl\/Pfeffer (AUT)<\/td>\n<td style=\"width: 35.6311%; height: 24px;\">Olivova\/Williams (CZE)<\/td>\n<\/tr>\n<tr style=\"height: 24px;\">\n<td style=\"width: 6.9863%; height: 24px;\">2019<\/td>\n<td style=\"width: 30.2171%; height: 24px;\">Rehackova\/Olivova (CZE)<\/td>\n<td style=\"width: 31.4364%; height: 24px;\">Kotnik\/Jancar (SLO)<\/td>\n<td style=\"width: 35.6311%; height: 24px;\">Almer\/Radl (AUT)<\/td>\n<\/tr>\n<tr style=\"height: 24px;\">\n<td style=\"width: 6.9863%; height: 24px;\">2018<\/td>\n<td style=\"width: 30.2171%; height: 24px;\">Rehackova\/Bonnerova (CZE)<\/td>\n<td style=\"width: 31.4364%; height: 24px;\">Freiberger\/Teufl (AUT)<\/td>\n<td style=\"width: 35.6311%; height: 24px;\">Lovsin\/Kotnik (SLO)<\/td>\n<\/tr>\n<tr style=\"height: 24px;\">\n<td style=\"width: 6.9863%; height: 24px;\">2017<\/td>\n<td style=\"width: 30.2171%; height: 24px;\">Fankhauser\/Almer (AUT)<\/td>\n<td style=\"width: 31.4364%; height: 24px;\">Strauss\/Lovsin (AUT\/SLO)<\/td>\n<td style=\"width: 35.6311%; height: 24px;\">Rimser\/Plesiutschnig (AUT)<\/td>\n<\/tr>\n<tr style=\"height: 24px;\">\n<td style=\"width: 6.9863%; height: 24px;\">2016<\/td>\n<td style=\"width: 30.2171%; height: 24px;\">Gruszczynska \/ Strag (POL)<\/td>\n<td style=\"width: 31.4364%; height: 24px;\">Dostalova\/Rehackova (CZE)<\/td>\n<td style=\"width: 35.6311%; height: 24px;\">Strauss \/ Strauss (AUT)<\/td>\n<\/tr>\n<tr style=\"height: 24px;\">\n<td style=\"width: 6.9863%; height: 24px;\">2015<\/td>\n<td style=\"width: 30.2171%; height: 24px;\">Hermannova\/Slukova (CZE)<\/td>\n<td style=\"width: 31.4364%; height: 24px;\">D\u00f6rfler \/ Radl (AUT)<\/td>\n<td style=\"width: 35.6311%; height: 24px;\">Rimser \/ Strauss (AUT)<\/td>\n<\/tr>\n<tr style=\"height: 24px;\">\n<td style=\"width: 6.9863%; height: 24px;\">2014<\/td>\n<td style=\"width: 30.2171%; height: 24px;\">Driessen\/Meertens (NL)<\/td>\n<td style=\"width: 31.4364%; height: 24px;\">Rimser\/Swoboda (AUT)<\/td>\n<td style=\"width: 35.6311%; height: 24px;\">Claes\/Venier-S. (USA\/CRO)<\/td>\n<\/tr>\n<tr style=\"height: 24px;\">\n<td style=\"width: 6.9863%; height: 24px;\">2013<\/td>\n<td style=\"width: 30.2171%; height: 24px;\">Chukwuma\/Almer (AUT)<\/td>\n<td style=\"width: 31.4364%; height: 24px;\">Fankhauser\/Kreuzriegler(AUT)<\/td>\n<td style=\"width: 35.6311%; height: 24px;\">Kongshavn\/Kiens(NOR\/EST)<\/td>\n<\/tr>\n<tr style=\"height: 24px;\">\n<td style=\"width: 6.9863%; height: 24px;\">2012<\/td>\n<td style=\"width: 30.2171%; height: 24px;\">Alves \/ Freitag (BRA)<\/td>\n<td style=\"width: 31.4364%; height: 24px;\">Vodeb \/ Fabjan (SLO)<\/td>\n<td style=\"width: 35.6311%; height: 24px;\">Rehackova\/Vorlova (CZE)<\/td>\n<\/tr>\n<tr style=\"height: 24px;\">\n<td style=\"width: 6.9863%; height: 24px;\">2011<\/td>\n<td style=\"width: 30.2171%; height: 24px;\">Lehmann\/Zautys (GER)<\/td>\n<td style=\"width: 31.4364%; height: 24px;\">Pichler\/Rimser (AUT)<\/td>\n<td style=\"width: 35.6311%; height: 24px;\">Plesiut.\/Sch\u00fctzenh. (AUT)<\/td>\n<\/tr>\n<tr style=\"height: 24px;\">\n<td style=\"width: 6.9863%; height: 24px;\">2010<\/td>\n<td style=\"width: 30.2171%; height: 24px;\">Pichler\/Rimser (AUT)<\/td>\n<td style=\"width: 31.4364%; height: 24px;\">Teufl\/Vernier-Schuster (AUT)<\/td>\n<td style=\"width: 35.6311%; height: 24px;\">Wink \/ Bertozzo (BRA)<\/td>\n<\/tr>\n<tr style=\"height: 24px;\">\n<td style=\"width: 6.9863%; height: 24px;\">2009<\/td>\n<td style=\"width: 30.2171%; height: 24px;\">Barbara Seixas\/Sabino (BRA)<\/td>\n<td style=\"width: 31.4364%; height: 24px;\">Swoboda\/Jasbar (AUT)<\/td>\n<td style=\"width: 35.6311%; height: 24px;\">Chukwuma \/ Horvath (AUT)<\/td>\n<\/tr>\n<tr style=\"height: 24px;\">\n<td style=\"width: 6.9863%; height: 24px;\">2008<\/td>\n<td style=\"width: 30.2171%; height: 24px;\">Rimser \/ Jirak (AUT)<\/td>\n<td style=\"width: 31.4364%; height: 24px;\">Storkova \/ Weissova (TCH)<\/td>\n<td style=\"width: 35.6311%; height: 24px;\">Vorlova Rehackova (TCH)<\/td>\n<\/tr>\n<tr style=\"height: 24px;\">\n<td style=\"width: 6.9863%; height: 24px;\">2007<\/td>\n<td style=\"width: 30.2171%; height: 24px;\">Lima \/ Santos (BRA)<\/td>\n<td style=\"width: 31.4364%; height: 24px;\">Naiana \/ Alexandra (BRA)<\/td>\n<td style=\"width: 35.6311%; height: 24px;\">Jasbar \/ Rimser (AUT)<\/td>\n<\/tr>\n<tr style=\"height: 24px;\">\n<td style=\"width: 6.9863%; height: 24px;\">2006<\/td>\n<td style=\"width: 30.2171%; height: 24px;\">Gschweidl \/ Hansel (AUT)<\/td>\n<td style=\"width: 31.4364%; height: 24px;\">Purtscheller \/ Gasser (AUT)<\/td>\n<td style=\"width: 35.6311%; height: 24px;\">Sommer \/ Klopf (AUT)<\/td>\n<\/tr>\n<tr style=\"height: 24px;\">\n<td style=\"width: 6.9863%; height: 24px;\">2005<\/td>\n<td style=\"width: 30.2171%; height: 24px;\">\u00a0Montagnolli \/ Swoboda (AUT)<\/td>\n<td style=\"width: 31.4364%; height: 24px;\">Moser \/ Jasbar (AUT)<\/td>\n<td style=\"width: 35.6311%; height: 24px;\">M\u00fcnchmeyer \/ Oberh. (AUT)<\/td>\n<\/tr>\n<\/tbody>\n<\/table>\n<h3>Wolfurttrophy 2024<\/h3>\n<p>Die Raiffeisen Wolfurttrophy wurde als \u00d6sterreichische Meisterschaft zum ersten mal in Wolfurt ausgetragen. Bei strahlendem Sonnenschein und einen perfekten Wochenende kr\u00f6nten sich die neuen Staatsmeister.<\/p>\n<h3>Wolfurttrophy 2022<\/h3>\n<p>Nach 2 Jahren mit Einschr\u00e4nkungen, konnten endlich wieder Spiele mit vollem Stadion bestaunt werden. Ein geniales Wochenende ging mit Schweizer Siegern bei der Herren und mit jungen \u00d6sterreicherinnen bei den Damen zu Ende. Erstmalig nach Corona wurden auch jetzt Eintritte f\u00fcr den Center Court verlangt, die Regularien wurden Seitens \u00d6VV ver\u00e4ndert und das war f\u00fcr die Tour verpflichtend.<\/p>\n<h3>Wolfurttrophy 2017<\/h3>\n<p>Bei der Trophy 2017 wurde das Turniersystem umgestellt, um einen fairen Turnierablauf zu gew\u00e4hrleisten. Bei Damen als auch bei Herren wurde ein Gruppensystem auf 3 Tage gespielt, diese System tr\u00e4gt dazu bei das die Damen nicht pro Tag 5 Spiel haben und zus\u00e4tzlich die Qualit\u00e4t der Spiele angehoben wurde. Wie schon die Jahre zuvor wuchsen die \u00f6sterreichischen Teams \u00fcber sich hinaus und lie\u00dfen der Internationalen Teams keine Chance.<\/p>\n<h3>Wolfurttrophy 2015<\/h3>\n<p>Ein unglaubliches Turnier. Der Setzliste nach, schien es eine &#8222;gemachte Wiesn&#8220; f\u00fcr die ausl\u00e4ndischen Teams. Wer h\u00e4tte sich aber aber bei den Herren vorab getraut zu wetten, da\u00df die Brasis nur 13.te werden, dass 3 der vier Halbfinalisten \u00d6sterreicher sein werden? W\u00e4re eine Risikowette gewesen. Fast setzten sich die \u00d6sterreicher durch. Nur Bob Kufa und Jan Kufa hielten dem Ansturm stand und gewannen in einem spannenden Finale 2:1 gegen die \u00f6sterr. Jungstars Petutschnig \/ Winter.<\/p>\n<p>Geradzu eine Sensation war das antreten der olympia-5.ten von London 2012 Marketa Slukova. Mit ihrer neuen Partnerin Barbora Hermannova dominierte Marketa das Turnier. Ohne Satzverlust gewann das Weltklasseteam die Wolfurttrophy 2015.<\/p>\n<h3>Damenfinale 2014<\/h3>\n<p>Die Sieger kommen aus Holland.<br \/>\nWahnsinn&#8230; spannender konnten es die Finalistinnen nicht machen.<br \/>\nDer erste Satz ging klar an das Team Austria. Im zweiten Satz servierten die Niederl\u00e4nderinnen deutlich st\u00e4rker und entschieden somit diesen Satz klar f\u00fcr sich. Es braucht also einen 3. Satz, um die Entscheidung zu bringen. Lange Zeit waren die beiden Teams gleich auf. Dann konnten Rimser\/Swoboda sich mit 3 Punkten absetzen. Die Niederl\u00e4nderinnen k\u00e4mpften sich jedoch zur\u00fcck ins Spiel und beendeten den Satz mit 15:13.<\/p>\n<h3>Herrenfinale 2014<\/h3>\n<p>Die Durststrecke ist beendet &#8211; \u00d6sterreichischer Sieg!<br \/>\nSensationell&#8230;.<br \/>\nHier fehlen fast die Worte um etwas zu schreiben.<br \/>\nDas Stadion tobt, Schnetzer fliegt, die Sonne strahlt.<br \/>\nHerzlichen Gl\u00fcckwunsch Florian und Michael. Vielen Dank an das Publikum, das so sehr mitgefiebert hat!<br \/>\nTriumph ohne Satzverlust<br \/>\nFlorian Schnetzer und sein Tiroler Partner Michael Murauer f\u00fcr den ersten rot-wei\u00df-roten Sieg seit 2006, als Nik Berger und Robert Nowotny sich in die Siegerliste eingetragen hatten. Schnetzer\/Murauer blieben in allen sechs Partien ohne Satzverlust, im Finale wurden Igor Horvath\/Matej Hukel mit 21:15, 22:20 bezwungen.<\/p>\n<p>Die Siegerlisten Herren+Damen der letzten Jahr k\u00f6nnte von der World Tour stammen.<br \/>\nz.B. Barbara Seixas: die WT09 Siegerin z\u00e4hlt inzwischen zur absoluten Weltelite! Zahlreiche Halbfinal und Finalteilnahmen der WM-Dritten von 2013 (in Stare Jablonki, PL) auf der World Tour in den letzten 3 Jahren beweisen dies. Leider reichte es bisher &#8222;nur&#8220; zu einem Sieg auf der Tour.<\/p>\n<h3>Geschichte Wolfurttrophy<\/h3>\n<p><b>Pritschen und Baggern hat bereits ein lange Tradition.<\/b><\/p>\n<p>Weltmeister und Olympiastarter gaben bereits ihr Stelldichein bei der Wolfurttrophy.<\/p>\n<p>Was 1989 mit einen Hobbyturnier begann wurde in den Jahren zu einem Fixpunkt in der heimischen Sportszene. 1992 unternahm der Volleyballclub Wolfurt mit dem Turnier auf dem Sportplatz hinter dem Bauhof an der Ach die ersten zaghaften Versuche, die bis dato praktisch unbekannte Sportart Beachvolleyball im L\u00e4ndle zu pr\u00e4sentieren.<br \/>\nAnl\u00e4sslich des 15-j\u00e4hrigen Vereinsjubil\u00e4ums wurde dann vom 9. bis 11. Juli 1993 im Innenhof der Hauptschule das erste Beachturnier in Vorarlberg ausgetragen. \u201eGespielt wurde damals aber auf S\u00e4gesp\u00e4nen,\u201c erinnert sich Gerold \u201eM\u00f6be\u201c Mohr, einer jener Vereinsmitglieder, die bei der Premiere federf\u00fchrend dabei waren. \u201eIch kann mich noch gut daran erinnern, dass wir damals gro\u00dfe Probleme mit dem Regen hatten. Im guten Glauben versuchten wir, die von unserem damaligen Hauptsponsor Holzbau Kaufmann zur Verf\u00fcgung gestellten S\u00e4gesp\u00e4ne in den Spielpausen zu trocknen. Wie sich herausstellte war dies aber der falsche Weg, um f\u00fcr eine spieltaugliche Unterlage zu sorgen.\u201c<br \/>\nBei der Auflage 1994 holten sich die Bulgaren Brahil Pancev und Valeri Vacek, die als Statisten bei den Festspielen arbeiteten, den Sieg. Ein Jahr sp\u00e4ter konnten sich die jahrelangen Publikumslieblinge Tom und Paul Schroffenegger erstmals in die Siegerliste eintragen. Die Tiroler Br\u00fcder triumphierten auch bei der Auflage 1996 (im Finale bezwangen sie die sp\u00e4teren Olympiastarter Oliver Stamm und Robert Nowotny), als erstmals auf dem heutigen Gel\u00e4nde an der Ach gespielt wurde.<br \/>\nEinen Hauch von Beachvolleyball auf Weltniveau zu sehen gab es 1995, als der Schweizer Sascha Heyer bei einer Exhibition sein K\u00f6nnen zeigte.<\/p>\n<p><b>Hochkar\u00e4tige Spieler dabei<\/b><br \/>\nBeim ersten Turnier des neuen Jahrhunderts 2000, als im Rahmen des \u201eTwist of the Beach\u201c ein Einzelturnier ausgetragen wurde, gewann Nik Berger. Der Salzburger erreichte wenige Woche sp\u00e4ter bei den olympischen Sommerspielen in Sydney an der Seite von Oliver Stamm das Achtelfinale.<br \/>\n2002 wurde das einzige Mal in der Geschichte nicht in Wolfurt, sondern auf dem Symphonikerplatz vor dem Festspielhaus in Bregenz gespielt. Sieger bei der kurzfristig vom \u00d6VV ins Leben gerufenen Masterserie wurden Nik Berger und Clemens Doppler.<br \/>\nIm folgenden Jahr erfolgte eine Z\u00e4sur und der Verein entschloss sich, den Status eine internationalen Turniers abzugeben und fortan einen A-Cup auszurichten. \u201eDie finanziellen Auflagen der Masters Tour h\u00e4tten fr\u00fcher oder sp\u00e4ter zu einem Crash gef\u00fchrt. Deshalb haben wir uns unter dem Motto \u201eBack to the Roots\u201c zu diesem Schritt entschlossen\u201c, so Mohr. Die R\u00fcckkehr zu den Wurzel wurde auch damit ausgedr\u00fcckt, dass man sich optisch ver\u00e4nderte. Der Platz wurde gedreht und die alten Holztrib\u00fcnen gegen modernere Aufbauten ausgetauscht.<\/p>\n<p><b>Premiere der Damen 2005<\/b><br \/>\nDen n\u00e4chsten Meilenstein gab es 2005: Der erstmals ausgetragenen Damenbewerb endete mit einem Triumph von Sara Montagnolli und Sabine Swoboda. Bei den Herren sorgten der Weltmeister von 1997, Para Rogerio, mit seinem Bruder Jan de Souza Ferreira mit einem 2:0-Finalsieg \u00fcber Florian Gosch\/Didi Maderb\u00f6ck f\u00fcr den ersten brasilianischen Erfolgen in Wolfurt. Die Resonanz bei den Zuschauern \u2013 nicht nur einmal in den letzten Jahren durfte man sich \u00fcber 10.000 und mehr Zuseher freuen \u2013 und der einzigartige Flair der Beacharena an der Ach sorgen daf\u00fcr, dass zahlreiche Topspieler aus vielen L\u00e4ndern immer wieder gerne nach Wolfurt kommen. Die Sportler aus Brasilien, Kanada, Lettland oder Tschechien werden bei Gastfamilien in Wolfurt untergebracht. \u201eDadurch entsteht eine ganz pers\u00f6nliche Bindung. Wir bitten auf der einen Seite absoluten Spitzensport und gleichzeitig wird bei uns der famili\u00e4re Charakter gepflegt und von den Beteiligten sehr gesch\u00e4tzt\u201c, so Mohr, der die ehrenamtliche Unterst\u00fctzung der Wolfurter Vereine ebenfalls als Teil des Erfolgsrezeptes nennt. \u201eIn Summe sind es viele kleine Mosaikstein, die der Wolfurttrophy den Ruf eines einzigartigen Events einbrachte\u201c, betont der VCW-Obmann abschlie\u00dfend.<\/p>\n","protected":false},"excerpt":{"rendered":"<p>Herren Jahr 1. Platz 2. Platz 3. Platz 2025 Semerad\/Stocek (CZE) Czachorowski\/Lejawa (POL) Schnetzer\/Friedl (AUT) 2024 Trummer\/Dressler (AUT) Leitner\/Pascariuc (AUT) Reiter\/Waller (AUT) 2023 Trummer\/Dressler (AUT) Batrane\/Bialokoz (ENG) Kufa\/Williams (CZE) 2022 Heidrich\/Dillier (SUI) Seiser\/Kindl (AUT) Friedl\/Gerson (AUT\/SUI) 2021 Metral\/Haussener (SUI) Dzavoronok\/Tezzele (CZE) Seiser\/Kindl (AUT) 2020 Waller\/H\u00f6rl (AUT) Pristauz\/Leitner (AUT) Heidrich\/Gerson (SUI) 2019 Baldauf\/Reiter (WOLFURT) Fr\u00fchbauer\/Murauer (AUT) [&hellip;]<\/p>\n","protected":false},"author":1,"featured_media":0,"parent":0,"menu_order":0,"comment_status":"closed","ping_status":"closed","template":"","meta":{"footnotes":""},"class_list":["post-292","page","type-page","status-publish","hentry"],"_links":{"self":[{"href":"https:\/\/vcwolfurt.at\/beach\/index.php\/wp-json\/wp\/v2\/pages\/292","targetHints":{"allow":["GET"]}}],"collection":[{"href":"https:\/\/vcwolfurt.at\/beach\/index.php\/wp-json\/wp\/v2\/pages"}],"about":[{"href":"https:\/\/vcwolfurt.at\/beach\/index.php\/wp-json\/wp\/v2\/types\/page"}],"author":[{"embeddable":true,"href":"https:\/\/vcwolfurt.at\/beach\/index.php\/wp-json\/wp\/v2\/users\/1"}],"replies":[{"embeddable":true,"href":"https:\/\/vcwolfurt.at\/beach\/index.php\/wp-json\/wp\/v2\/comments?post=292"}],"version-history":[{"count":30,"href":"https:\/\/vcwolfurt.at\/beach\/index.php\/wp-json\/wp\/v2\/pages\/292\/revisions"}],"predecessor-version":[{"id":2678,"href":"https:\/\/vcwolfurt.at\/beach\/index.php\/wp-json\/wp\/v2\/pages\/292\/revisions\/2678"}],"wp:attachment":[{"href":"https:\/\/vcwolfurt.at\/beach\/index.php\/wp-json\/wp\/v2\/media?parent=292"}],"curies":[{"name":"wp","href":"https:\/\/api.w.org\/{rel}","templated":true}]}}