{"id":1184,"date":"2019-11-06T20:22:24","date_gmt":"2019-11-06T19:22:24","guid":{"rendered":"https:\/\/vcwolfurt.at\/?page_id=1184"},"modified":"2023-08-16T20:16:31","modified_gmt":"2023-08-16T18:16:31","slug":"sascha-kempf","status":"publish","type":"page","link":"https:\/\/vcwolfurt.at\/index.php\/sascha-kempf\/","title":{"rendered":"Sascha Kempf"},"content":{"rendered":"<div class=\"row\" style=\"background-color: #d8d9da;\">\n<div class=\"col-sm-2 col-xs-5 col-sm-offset-0\" style=\"padding: 0;\">\n<p><img loading=\"lazy\" decoding=\"async\" class=\"alignnone wp-image-2121 size-full\" src=\"https:\/\/vcwolfurt.at\/wp-content\/uploads\/2023\/08\/12.png\" alt=\"\" width=\"851\" height=\"1000\" srcset=\"https:\/\/vcwolfurt.at\/wp-content\/uploads\/2023\/08\/12.png 851w, https:\/\/vcwolfurt.at\/wp-content\/uploads\/2023\/08\/12-255x300.png 255w, https:\/\/vcwolfurt.at\/wp-content\/uploads\/2023\/08\/12-768x902.png 768w\" sizes=\"auto, (max-width: 851px) 100vw, 851px\" \/><\/p>\n<\/div>\n<div class=\"col-sm-9 col-xs-7 col-sm-offset-0\" style=\"background-color: #d8d9da; padding: 0;\">\n<div class=\"col-xs-12\" style=\"padding: 0.8em; padding-left: 2em;\">\n<h1>Nr. 14<\/h1>\n<\/div>\n<div class=\"col-xs-12\" style=\"padding: 0.8em; padding-left: 2em;\">\n<h2>Kempf Sascha<\/h2>\n<p>&nbsp;<\/p>\n<h3>Libero<\/h3>\n<\/div>\n<\/div>\n<\/div>\n<p>&nbsp;<\/p>\n<div class=\"row player-type\">\n<table class=\"player-list\" style=\"width: 38.044%;\">\n<tbody>\n<tr>\n<td style=\"width: 48.2436%;\">Geburtsdatum<\/td>\n<td style=\"width: 70.3673%;\">11.12.1991<\/td>\n<\/tr>\n<tr>\n<td style=\"width: 48.2436%;\">Wohnort<\/td>\n<td style=\"width: 70.3673%;\">Andelsbuch<\/td>\n<\/tr>\n<tr>\n<td style=\"width: 48.2436%;\">Beruf<\/td>\n<td style=\"width: 70.3673%;\">Fachangestellter f\u00fcr B\u00e4derbetriebe<\/td>\n<\/tr>\n<tr>\n<td style=\"width: 48.2436%;\">Funktion im Verein<\/td>\n<td style=\"width: 70.3673%;\">Trainer, Spieler<\/td>\n<\/tr>\n<tr>\n<td style=\"width: 48.2436%;\">Lieblingsessen<\/td>\n<td style=\"width: 70.3673%;\">alles was Sabrina kocht<\/td>\n<\/tr>\n<tr>\n<td style=\"width: 48.2436%;\">Lieblingsgetr\u00e4nk<\/td>\n<td style=\"width: 70.3673%;\">Erdinger Alkoholfrei<\/td>\n<\/tr>\n<tr>\n<td style=\"width: 48.2436%;\">Beschreibt sich selbst als<\/td>\n<td style=\"width: 70.3673%;\">laut, motivierend<\/td>\n<\/tr>\n<tr>\n<td style=\"width: 48.2436%;\">Lieblingsspruch<\/td>\n<td style=\"width: 70.3673%;\">Prost.<\/td>\n<\/tr>\n<tr>\n<td style=\"width: 48.2436%;\">Gr\u00f6\u00dfe<\/td>\n<td style=\"width: 70.3673%;\">185cm<\/td>\n<\/tr>\n<tr>\n<td style=\"width: 48.2436%;\">Spielt Volleyball seit<\/td>\n<td style=\"width: 70.3673%;\">2002<\/td>\n<\/tr>\n<tr>\n<td style=\"width: 48.2436%;\">Ist bei Wolfurt seit<\/td>\n<td style=\"width: 70.3673%;\">2010<\/td>\n<\/tr>\n<\/tbody>\n<\/table>\n<\/div>\n","protected":false},"excerpt":{"rendered":"<p>Nr. 14 Kempf Sascha &nbsp; Libero &nbsp; Geburtsdatum 11.12.1991 Wohnort Andelsbuch Beruf Fachangestellter f\u00fcr B\u00e4derbetriebe Funktion im Verein Trainer, Spieler Lieblingsessen alles was Sabrina kocht Lieblingsgetr\u00e4nk Erdinger Alkoholfrei Beschreibt sich selbst als laut, motivierend Lieblingsspruch Prost. Gr\u00f6\u00dfe 185cm Spielt Volleyball seit 2002 Ist bei Wolfurt seit 2010<\/p>\n","protected":false},"author":1,"featured_media":0,"parent":0,"menu_order":0,"comment_status":"closed","ping_status":"closed","template":"single-person.php","meta":{"footnotes":""},"class_list":["post-1184","page","type-page","status-publish","hentry"],"_links":{"self":[{"href":"https:\/\/vcwolfurt.at\/index.php\/wp-json\/wp\/v2\/pages\/1184","targetHints":{"allow":["GET"]}}],"collection":[{"href":"https:\/\/vcwolfurt.at\/index.php\/wp-json\/wp\/v2\/pages"}],"about":[{"href":"https:\/\/vcwolfurt.at\/index.php\/wp-json\/wp\/v2\/types\/page"}],"author":[{"embeddable":true,"href":"https:\/\/vcwolfurt.at\/index.php\/wp-json\/wp\/v2\/users\/1"}],"replies":[{"embeddable":true,"href":"https:\/\/vcwolfurt.at\/index.php\/wp-json\/wp\/v2\/comments?post=1184"}],"version-history":[{"count":8,"href":"https:\/\/vcwolfurt.at\/index.php\/wp-json\/wp\/v2\/pages\/1184\/revisions"}],"predecessor-version":[{"id":2149,"href":"https:\/\/vcwolfurt.at\/index.php\/wp-json\/wp\/v2\/pages\/1184\/revisions\/2149"}],"wp:attachment":[{"href":"https:\/\/vcwolfurt.at\/index.php\/wp-json\/wp\/v2\/media?parent=1184"}],"curies":[{"name":"wp","href":"https:\/\/api.w.org\/{rel}","templated":true}]}}