{"id":1458,"date":"2021-09-10T11:00:15","date_gmt":"2021-09-10T09:00:15","guid":{"rendered":"https:\/\/vcwolfurt.at\/?page_id=1458"},"modified":"2021-10-08T18:54:36","modified_gmt":"2021-10-08T16:54:36","slug":"jan-jalowietzki","status":"publish","type":"page","link":"https:\/\/vcwolfurt.at\/index.php\/jan-jalowietzki\/","title":{"rendered":"Jan Jalowietzki"},"content":{"rendered":"<div class=\"row\" style=\"background-color: #d8d9da;\">\n<div class=\"col-sm-2 col-xs-5 col-sm-offset-0\" style=\"padding: 0;\">\n<div id=\"attachment_1575\" style=\"width: 692px\" class=\"wp-caption alignnone\"><img loading=\"lazy\" decoding=\"async\" aria-describedby=\"caption-attachment-1575\" class=\"wp-image-1575 size-large\" src=\"https:\/\/vcwolfurt.at\/wp-content\/uploads\/2021\/10\/210917_Volleyball_Shourot021-682x1024.jpg\" alt=\"\" width=\"682\" height=\"1024\" srcset=\"https:\/\/vcwolfurt.at\/wp-content\/uploads\/2021\/10\/210917_Volleyball_Shourot021-682x1024.jpg 682w, https:\/\/vcwolfurt.at\/wp-content\/uploads\/2021\/10\/210917_Volleyball_Shourot021-200x300.jpg 200w, https:\/\/vcwolfurt.at\/wp-content\/uploads\/2021\/10\/210917_Volleyball_Shourot021-768x1153.jpg 768w, https:\/\/vcwolfurt.at\/wp-content\/uploads\/2021\/10\/210917_Volleyball_Shourot021-1023x1536.jpg 1023w, https:\/\/vcwolfurt.at\/wp-content\/uploads\/2021\/10\/210917_Volleyball_Shourot021.jpg 1332w\" sizes=\"auto, (max-width: 682px) 100vw, 682px\" \/><p id=\"caption-attachment-1575\" class=\"wp-caption-text\">Jan Jalowietzki, VC, Wolfurt, Volleyball, Foto, Maurice Shourot, Shourot,<\/p><\/div>\n<\/div>\n<div class=\"col-sm-9 col-xs-7 col-sm-offset-0\" style=\"background-color: #d8d9da; padding: 0;\">\n<div class=\"col-xs-12\" style=\"padding: 0.8em; padding-left: 2em;\">\n<h1>Nr. 2<\/h1>\n<\/div>\n<div class=\"col-xs-12\" style=\"padding: 0.8em; padding-left: 2em;\">\n<h2>Jan Jalowietzki<\/h2>\n<p>&nbsp;<\/p>\n<h3>Au\u00dfen<\/h3>\n<\/div>\n<\/div>\n<\/div>\n<p>&nbsp;<\/p>\n<div class=\"row player-type\">\n<table class=\"player-list\">\n<tbody>\n<tr>\n<td>Geburtsdatum<\/td>\n<td>16.02.1996<\/td>\n<\/tr>\n<tr>\n<td>Wohnort<\/td>\n<td>Eriskirch (D)<\/td>\n<\/tr>\n<tr>\n<td>Beruf<\/td>\n<td>Reha \/ Fitnesstrainer<\/td>\n<\/tr>\n<tr>\n<td>Funktion im Verein<\/td>\n<td>Spieler<\/td>\n<\/tr>\n<tr>\n<td>Lieblingsessen<\/td>\n<td>Placki z Gulaszem<\/td>\n<\/tr>\n<tr>\n<td>Lieblingsgetr\u00e4nk<\/td>\n<td>Whiskey auf Eis oder Wasser<\/td>\n<\/tr>\n<tr>\n<td>Beschreibt sich selbst als<\/td>\n<td>Dauersingle und verr\u00fcckt<\/td>\n<\/tr>\n<tr>\n<td>Gr\u00f6\u00dfe<\/td>\n<td>193cm<\/td>\n<\/tr>\n<tr>\n<td>Position<\/td>\n<td>Au\u00dfen<\/td>\n<\/tr>\n<tr>\n<td>Spielt Volleyball seit<\/td>\n<td>er laufen kann<\/td>\n<\/tr>\n<tr>\n<td>Ist bei Wolfurt seit<\/td>\n<td>01.08.2021<\/td>\n<\/tr>\n<\/tbody>\n<\/table>\n<\/div>\n","protected":false},"excerpt":{"rendered":"<p>Nr. 2 Jan Jalowietzki &nbsp; Au\u00dfen &nbsp; Geburtsdatum 16.02.1996 Wohnort Eriskirch (D) Beruf Reha \/ Fitnesstrainer Funktion im Verein Spieler Lieblingsessen Placki z Gulaszem Lieblingsgetr\u00e4nk Whiskey auf Eis oder Wasser Beschreibt sich selbst als Dauersingle und verr\u00fcckt Gr\u00f6\u00dfe 193cm Position Au\u00dfen Spielt Volleyball seit er laufen kann Ist bei Wolfurt seit 01.08.2021<\/p>\n","protected":false},"author":4,"featured_media":0,"parent":0,"menu_order":0,"comment_status":"closed","ping_status":"closed","template":"","meta":{"footnotes":""},"class_list":["post-1458","page","type-page","status-publish","hentry"],"_links":{"self":[{"href":"https:\/\/vcwolfurt.at\/index.php\/wp-json\/wp\/v2\/pages\/1458","targetHints":{"allow":["GET"]}}],"collection":[{"href":"https:\/\/vcwolfurt.at\/index.php\/wp-json\/wp\/v2\/pages"}],"about":[{"href":"https:\/\/vcwolfurt.at\/index.php\/wp-json\/wp\/v2\/types\/page"}],"author":[{"embeddable":true,"href":"https:\/\/vcwolfurt.at\/index.php\/wp-json\/wp\/v2\/users\/4"}],"replies":[{"embeddable":true,"href":"https:\/\/vcwolfurt.at\/index.php\/wp-json\/wp\/v2\/comments?post=1458"}],"version-history":[{"count":3,"href":"https:\/\/vcwolfurt.at\/index.php\/wp-json\/wp\/v2\/pages\/1458\/revisions"}],"predecessor-version":[{"id":1582,"href":"https:\/\/vcwolfurt.at\/index.php\/wp-json\/wp\/v2\/pages\/1458\/revisions\/1582"}],"wp:attachment":[{"href":"https:\/\/vcwolfurt.at\/index.php\/wp-json\/wp\/v2\/media?parent=1458"}],"curies":[{"name":"wp","href":"https:\/\/api.w.org\/{rel}","templated":true}]}}