{"id":1465,"date":"2021-09-10T11:01:23","date_gmt":"2021-09-10T09:01:23","guid":{"rendered":"https:\/\/vcwolfurt.at\/?page_id=1465"},"modified":"2023-08-16T20:11:51","modified_gmt":"2023-08-16T18:11:51","slug":"elias-enz","status":"publish","type":"page","link":"https:\/\/vcwolfurt.at\/index.php\/elias-enz\/","title":{"rendered":"Elias Enz"},"content":{"rendered":"<div class=\"row\" style=\"background-color: #d8d9da;\">\n<div class=\"col-sm-2 col-xs-5 col-sm-offset-0\" style=\"padding: 0;\">\n<p><img loading=\"lazy\" decoding=\"async\" class=\"alignnone wp-image-2115 size-full\" src=\"https:\/\/vcwolfurt.at\/wp-content\/uploads\/2023\/08\/4.png\" alt=\"\" width=\"883\" height=\"1000\" srcset=\"https:\/\/vcwolfurt.at\/wp-content\/uploads\/2023\/08\/4.png 883w, https:\/\/vcwolfurt.at\/wp-content\/uploads\/2023\/08\/4-265x300.png 265w, https:\/\/vcwolfurt.at\/wp-content\/uploads\/2023\/08\/4-768x870.png 768w\" sizes=\"auto, (max-width: 883px) 100vw, 883px\" \/><\/p>\n<\/div>\n<div class=\"col-sm-9 col-xs-7 col-sm-offset-0\" style=\"background-color: #d8d9da; padding: 0;\">\n<div class=\"col-xs-12\" style=\"padding: 0.8em; padding-left: 2em;\">\n<h1>Nr. 4<\/h1>\n<\/div>\n<div class=\"col-xs-12\" style=\"padding: 0.8em; padding-left: 2em;\">\n<h2>Enz Elias<\/h2>\n<p>&nbsp;<\/p>\n<h3>Au\u00dfen<\/h3>\n<\/div>\n<\/div>\n<\/div>\n<p>&nbsp;<\/p>\n<div class=\"row player-type\">\n<table class=\"player-list\">\n<tbody>\n<tr>\n<td>Geburtsdatum<\/td>\n<td>17.07.2001<\/td>\n<\/tr>\n<tr>\n<td>Wohnort<\/td>\n<td>Dornbirn<\/td>\n<\/tr>\n<tr>\n<td>Beruf<\/td>\n<td>Ausbildung zum Physiotherapeuten<\/td>\n<\/tr>\n<tr>\n<td>Funktion im Verein<\/td>\n<td>Spieler<\/td>\n<\/tr>\n<tr>\n<td>Lieblingsessen<\/td>\n<td>K\u00e4ssp\u00e4tzle<\/td>\n<\/tr>\n<tr>\n<td>Lieblingsgetr\u00e4nk<\/td>\n<td>Mangosaft<\/td>\n<\/tr>\n<tr>\n<td>Beschreibt sich selbst als<\/td>\n<td>ehrgeizig, zielstrebig<\/td>\n<\/tr>\n<tr>\n<td>Gr\u00f6\u00dfe<\/td>\n<td>180cm<\/td>\n<\/tr>\n<tr>\n<td>Position<\/td>\n<td>Au\u00dfenangriff<\/td>\n<\/tr>\n<tr>\n<td>Spielt Volleyball seit<\/td>\n<td>2009<\/td>\n<\/tr>\n<tr>\n<td>Ist bei Wolfurt seit<\/td>\n<td>2011-2018; 2021 &#8211;<\/td>\n<\/tr>\n<\/tbody>\n<\/table>\n<\/div>\n","protected":false},"excerpt":{"rendered":"<p>Nr. 4 Enz Elias &nbsp; Au\u00dfen &nbsp; Geburtsdatum 17.07.2001 Wohnort Dornbirn Beruf Ausbildung zum Physiotherapeuten Funktion im Verein Spieler Lieblingsessen K\u00e4ssp\u00e4tzle Lieblingsgetr\u00e4nk Mangosaft Beschreibt sich selbst als ehrgeizig, zielstrebig Gr\u00f6\u00dfe 180cm Position Au\u00dfenangriff Spielt Volleyball seit 2009 Ist bei Wolfurt seit 2011-2018; 2021 &#8211;<\/p>\n","protected":false},"author":4,"featured_media":0,"parent":0,"menu_order":0,"comment_status":"closed","ping_status":"closed","template":"","meta":{"footnotes":""},"class_list":["post-1465","page","type-page","status-publish","hentry"],"_links":{"self":[{"href":"https:\/\/vcwolfurt.at\/index.php\/wp-json\/wp\/v2\/pages\/1465","targetHints":{"allow":["GET"]}}],"collection":[{"href":"https:\/\/vcwolfurt.at\/index.php\/wp-json\/wp\/v2\/pages"}],"about":[{"href":"https:\/\/vcwolfurt.at\/index.php\/wp-json\/wp\/v2\/types\/page"}],"author":[{"embeddable":true,"href":"https:\/\/vcwolfurt.at\/index.php\/wp-json\/wp\/v2\/users\/4"}],"replies":[{"embeddable":true,"href":"https:\/\/vcwolfurt.at\/index.php\/wp-json\/wp\/v2\/comments?post=1465"}],"version-history":[{"count":7,"href":"https:\/\/vcwolfurt.at\/index.php\/wp-json\/wp\/v2\/pages\/1465\/revisions"}],"predecessor-version":[{"id":2145,"href":"https:\/\/vcwolfurt.at\/index.php\/wp-json\/wp\/v2\/pages\/1465\/revisions\/2145"}],"wp:attachment":[{"href":"https:\/\/vcwolfurt.at\/index.php\/wp-json\/wp\/v2\/media?parent=1465"}],"curies":[{"name":"wp","href":"https:\/\/api.w.org\/{rel}","templated":true}]}}