{"id":1468,"date":"2021-09-10T11:00:32","date_gmt":"2021-09-10T09:00:32","guid":{"rendered":"https:\/\/vcwolfurt.at\/?page_id=1468"},"modified":"2021-10-08T18:54:07","modified_gmt":"2021-10-08T16:54:07","slug":"elias-monsorno","status":"publish","type":"page","link":"https:\/\/vcwolfurt.at\/index.php\/elias-monsorno\/","title":{"rendered":"Elias Monsorno"},"content":{"rendered":"<div class=\"row\" style=\"background-color: #d8d9da;\">\n<div class=\"col-sm-2 col-xs-5 col-sm-offset-0\" style=\"padding: 0;\">\n<div id=\"attachment_1578\" style=\"width: 692px\" class=\"wp-caption alignnone\"><img loading=\"lazy\" decoding=\"async\" aria-describedby=\"caption-attachment-1578\" class=\"wp-image-1578 size-large\" src=\"https:\/\/vcwolfurt.at\/wp-content\/uploads\/2021\/10\/210917_Volleyball_Shourot024-682x1024.jpg\" alt=\"\" width=\"682\" height=\"1024\" srcset=\"https:\/\/vcwolfurt.at\/wp-content\/uploads\/2021\/10\/210917_Volleyball_Shourot024-682x1024.jpg 682w, https:\/\/vcwolfurt.at\/wp-content\/uploads\/2021\/10\/210917_Volleyball_Shourot024-200x300.jpg 200w, https:\/\/vcwolfurt.at\/wp-content\/uploads\/2021\/10\/210917_Volleyball_Shourot024-768x1153.jpg 768w, https:\/\/vcwolfurt.at\/wp-content\/uploads\/2021\/10\/210917_Volleyball_Shourot024-1023x1536.jpg 1023w, https:\/\/vcwolfurt.at\/wp-content\/uploads\/2021\/10\/210917_Volleyball_Shourot024.jpg 1332w\" sizes=\"auto, (max-width: 682px) 100vw, 682px\" \/><p id=\"caption-attachment-1578\" class=\"wp-caption-text\">Elias Monsorno, VC, Wolfurt, Volleyball, Foto, Maurice Shourot, Shourot,<\/p><\/div>\n<\/div>\n<div class=\"col-sm-9 col-xs-7 col-sm-offset-0\" style=\"background-color: #d8d9da; padding: 0;\">\n<div class=\"col-xs-12\" style=\"padding: 0.8em; padding-left: 2em;\">\n<h1>Nr. 13<\/h1>\n<\/div>\n<div class=\"col-xs-12\" style=\"padding: 0.8em; padding-left: 2em;\">\n<h2>Elias Monsorno<\/h2>\n<p>&nbsp;<\/p>\n<h3>Libero<\/h3>\n<\/div>\n<\/div>\n<\/div>\n<p>&nbsp;<\/p>\n<div class=\"row player-type\">\n<table class=\"player-list\">\n<tbody>\n<tr>\n<td>Geburtsdatum<\/td>\n<td>04.11.2004<\/td>\n<\/tr>\n<tr>\n<td>Wohnort<\/td>\n<td>Schwarzach<\/td>\n<\/tr>\n<tr>\n<td>Beruf<\/td>\n<td>Sch\u00fcler<\/td>\n<\/tr>\n<tr>\n<td>Funktion im Verein<\/td>\n<td>Spieler<\/td>\n<\/tr>\n<tr>\n<td>Lieblingsessen<\/td>\n<td>D\u00f6ner<\/td>\n<\/tr>\n<tr>\n<td>Lieblingsgetr\u00e4nk<\/td>\n<td>Zirbe Zitrone<\/td>\n<\/tr>\n<tr>\n<td>Beschreibt sich selbst als<\/td>\n<td>ehrgeizig<\/td>\n<\/tr>\n<tr>\n<td>Gr\u00f6\u00dfe<\/td>\n<td>172cm<\/td>\n<\/tr>\n<tr>\n<td>Position<\/td>\n<td>Libero<\/td>\n<\/tr>\n<tr>\n<td>Spielt Volleyball seit<\/td>\n<td>2015<\/td>\n<\/tr>\n<tr>\n<td>Ist bei Wolfurt seit<\/td>\n<td>2015<\/td>\n<\/tr>\n<\/tbody>\n<\/table>\n<\/div>\n","protected":false},"excerpt":{"rendered":"<p>Nr. 13 Elias Monsorno &nbsp; Libero &nbsp; Geburtsdatum 04.11.2004 Wohnort Schwarzach Beruf Sch\u00fcler Funktion im Verein Spieler Lieblingsessen D\u00f6ner Lieblingsgetr\u00e4nk Zirbe Zitrone Beschreibt sich selbst als ehrgeizig Gr\u00f6\u00dfe 172cm Position Libero Spielt Volleyball seit 2015 Ist bei Wolfurt seit 2015<\/p>\n","protected":false},"author":4,"featured_media":0,"parent":0,"menu_order":0,"comment_status":"closed","ping_status":"closed","template":"","meta":{"footnotes":""},"class_list":["post-1468","page","type-page","status-publish","hentry"],"_links":{"self":[{"href":"https:\/\/vcwolfurt.at\/index.php\/wp-json\/wp\/v2\/pages\/1468","targetHints":{"allow":["GET"]}}],"collection":[{"href":"https:\/\/vcwolfurt.at\/index.php\/wp-json\/wp\/v2\/pages"}],"about":[{"href":"https:\/\/vcwolfurt.at\/index.php\/wp-json\/wp\/v2\/types\/page"}],"author":[{"embeddable":true,"href":"https:\/\/vcwolfurt.at\/index.php\/wp-json\/wp\/v2\/users\/4"}],"replies":[{"embeddable":true,"href":"https:\/\/vcwolfurt.at\/index.php\/wp-json\/wp\/v2\/comments?post=1468"}],"version-history":[{"count":4,"href":"https:\/\/vcwolfurt.at\/index.php\/wp-json\/wp\/v2\/pages\/1468\/revisions"}],"predecessor-version":[{"id":1581,"href":"https:\/\/vcwolfurt.at\/index.php\/wp-json\/wp\/v2\/pages\/1468\/revisions\/1581"}],"wp:attachment":[{"href":"https:\/\/vcwolfurt.at\/index.php\/wp-json\/wp\/v2\/media?parent=1468"}],"curies":[{"name":"wp","href":"https:\/\/api.w.org\/{rel}","templated":true}]}}