{"id":1510,"date":"2021-10-08T17:57:45","date_gmt":"2021-10-08T15:57:45","guid":{"rendered":"https:\/\/vcwolfurt.at\/?page_id=1510"},"modified":"2024-01-09T16:36:06","modified_gmt":"2024-01-09T15:36:06","slug":"annika-linder","status":"publish","type":"page","link":"https:\/\/vcwolfurt.at\/index.php\/annika-linder\/","title":{"rendered":"Annika Linder"},"content":{"rendered":"<div class=\"row\" style=\"background-color: #d8d9da;\">\n<div class=\"col-sm-2 col-xs-5 col-sm-offset-0\" style=\"padding: 0;\">\n<p><img loading=\"lazy\" decoding=\"async\" class=\"alignnone wp-image-2389 size-full\" src=\"https:\/\/vcwolfurt.at\/wp-content\/uploads\/2024\/01\/DSCF0404.png\" alt=\"\" width=\"1000\" height=\"1507\" srcset=\"https:\/\/vcwolfurt.at\/wp-content\/uploads\/2024\/01\/DSCF0404.png 1000w, https:\/\/vcwolfurt.at\/wp-content\/uploads\/2024\/01\/DSCF0404-199x300.png 199w, https:\/\/vcwolfurt.at\/wp-content\/uploads\/2024\/01\/DSCF0404-679x1024.png 679w, https:\/\/vcwolfurt.at\/wp-content\/uploads\/2024\/01\/DSCF0404-768x1157.png 768w\" sizes=\"auto, (max-width: 1000px) 100vw, 1000px\" \/><\/p>\n<\/div>\n<div class=\"col-sm-9 col-xs-7 col-sm-offset-0\" style=\"background-color: #d8d9da; padding: 0;\">\n<div class=\"col-xs-12\" style=\"padding: 0.8em; padding-left: 2em;\">\n<h1>Nr. 12<\/h1>\n<\/div>\n<div class=\"col-xs-12\" style=\"padding: 0.8em; padding-left: 2em;\">\n<h2>LINDER Annika<\/h2>\n<p>&nbsp;<\/p>\n<h3>Zuspiel<\/h3>\n<\/div>\n<\/div>\n<\/div>\n<p>&nbsp;<\/p>\n<div class=\"row player-type\">\n<table class=\"player-list\" style=\"width: 52.1787%; height: 264px;\">\n<tbody>\n<tr style=\"height: 24px;\">\n<td style=\"height: 24px; width: 42.4916%;\">Geburtsdatum<\/td>\n<td style=\"height: 24px; width: 90.4297%;\">22.08.2005<\/td>\n<\/tr>\n<tr style=\"height: 24px;\">\n<td style=\"height: 24px; width: 42.4916%;\">Wohnort<\/td>\n<td style=\"height: 24px; width: 90.4297%;\">Wolfurt<\/td>\n<\/tr>\n<tr style=\"height: 24px;\">\n<td style=\"height: 24px; width: 42.4916%;\">Beruf<\/td>\n<td style=\"height: 24px; width: 90.4297%;\">Sch\u00fclerin<\/td>\n<\/tr>\n<tr style=\"height: 24px;\">\n<td style=\"height: 24px; width: 42.4916%;\">Funktion im Verein<\/td>\n<td style=\"height: 24px; width: 90.4297%;\">Spieler<\/td>\n<\/tr>\n<tr style=\"height: 24px;\">\n<td style=\"height: 24px; width: 42.4916%;\">Lieblingsessen<\/td>\n<td style=\"height: 24px; width: 90.4297%;\">Lasagne<\/td>\n<\/tr>\n<tr style=\"height: 24px;\">\n<td style=\"height: 26px; width: 42.4916%;\">Lieblingsgetr\u00e4nk<\/td>\n<td style=\"height: 26px; width: 90.4297%;\">Multivitamin<\/td>\n<\/tr>\n<tr style=\"height: 24px;\">\n<td style=\"height: 24px; width: 42.4916%;\">Meine Mannschaft beschreibt mich als<\/td>\n<td style=\"height: 24px; width: 90.4297%;\">Manschaftsk\u00fcken und Speedy Gonzales<\/td>\n<\/tr>\n<tr style=\"height: 24px;\">\n<td style=\"height: 24px; width: 42.4916%;\">Gr\u00f6\u00dfe<\/td>\n<td style=\"height: 24px; width: 90.4297%;\">160cm<\/td>\n<\/tr>\n<tr style=\"height: 22px;\">\n<td style=\"height: 22px; width: 42.4916%;\">Position<\/td>\n<td style=\"height: 22px; width: 90.4297%;\">Zuspiel<\/td>\n<\/tr>\n<tr style=\"height: 24px;\">\n<td style=\"height: 24px; width: 42.4916%;\">Spielt Volleyball seit<\/td>\n<td style=\"height: 24px; width: 90.4297%;\">2016<\/td>\n<\/tr>\n<tr style=\"height: 24px;\">\n<td style=\"height: 24px; width: 42.4916%;\">Ist bei Wolfurt seit<\/td>\n<td style=\"height: 24px; width: 90.4297%;\">2016<\/td>\n<\/tr>\n<\/tbody>\n<\/table>\n<\/div>\n","protected":false},"excerpt":{"rendered":"<p>Nr. 12 LINDER Annika &nbsp; Zuspiel &nbsp; Geburtsdatum 22.08.2005 Wohnort Wolfurt Beruf Sch\u00fclerin Funktion im Verein Spieler Lieblingsessen Lasagne Lieblingsgetr\u00e4nk Multivitamin Meine Mannschaft beschreibt mich als Manschaftsk\u00fcken und Speedy Gonzales Gr\u00f6\u00dfe 160cm Position Zuspiel Spielt Volleyball seit 2016 Ist bei Wolfurt seit 2016<\/p>\n","protected":false},"author":4,"featured_media":0,"parent":0,"menu_order":0,"comment_status":"closed","ping_status":"closed","template":"","meta":{"footnotes":""},"class_list":["post-1510","page","type-page","status-publish","hentry"],"_links":{"self":[{"href":"https:\/\/vcwolfurt.at\/index.php\/wp-json\/wp\/v2\/pages\/1510","targetHints":{"allow":["GET"]}}],"collection":[{"href":"https:\/\/vcwolfurt.at\/index.php\/wp-json\/wp\/v2\/pages"}],"about":[{"href":"https:\/\/vcwolfurt.at\/index.php\/wp-json\/wp\/v2\/types\/page"}],"author":[{"embeddable":true,"href":"https:\/\/vcwolfurt.at\/index.php\/wp-json\/wp\/v2\/users\/4"}],"replies":[{"embeddable":true,"href":"https:\/\/vcwolfurt.at\/index.php\/wp-json\/wp\/v2\/comments?post=1510"}],"version-history":[{"count":3,"href":"https:\/\/vcwolfurt.at\/index.php\/wp-json\/wp\/v2\/pages\/1510\/revisions"}],"predecessor-version":[{"id":2443,"href":"https:\/\/vcwolfurt.at\/index.php\/wp-json\/wp\/v2\/pages\/1510\/revisions\/2443"}],"wp:attachment":[{"href":"https:\/\/vcwolfurt.at\/index.php\/wp-json\/wp\/v2\/media?parent=1510"}],"curies":[{"name":"wp","href":"https:\/\/api.w.org\/{rel}","templated":true}]}}