{"id":1513,"date":"2021-10-08T17:58:07","date_gmt":"2021-10-08T15:58:07","guid":{"rendered":"https:\/\/vcwolfurt.at\/?page_id=1513"},"modified":"2021-10-09T15:34:23","modified_gmt":"2021-10-09T13:34:23","slug":"sophia-dell-osbel","status":"publish","type":"page","link":"https:\/\/vcwolfurt.at\/index.php\/sophia-dell-osbel\/","title":{"rendered":"Sofia Dell-Osbel"},"content":{"rendered":"<div class=\"row\" style=\"background-color: #d8d9da;\">\n<div class=\"col-sm-2 col-xs-5 col-sm-offset-0\" style=\"padding: 0;\">\n<p><img loading=\"lazy\" decoding=\"async\" class=\"alignnone wp-image-1514 size-large\" src=\"https:\/\/vcwolfurt.at\/wp-content\/uploads\/2021\/10\/Sofia-877x1024.jpeg\" alt=\"\" width=\"877\" height=\"1024\" srcset=\"https:\/\/vcwolfurt.at\/wp-content\/uploads\/2021\/10\/Sofia-877x1024.jpeg 877w, https:\/\/vcwolfurt.at\/wp-content\/uploads\/2021\/10\/Sofia-257x300.jpeg 257w, https:\/\/vcwolfurt.at\/wp-content\/uploads\/2021\/10\/Sofia-768x896.jpeg 768w, https:\/\/vcwolfurt.at\/wp-content\/uploads\/2021\/10\/Sofia-1316x1536.jpeg 1316w, https:\/\/vcwolfurt.at\/wp-content\/uploads\/2021\/10\/Sofia.jpeg 1371w\" sizes=\"auto, (max-width: 877px) 100vw, 877px\" \/><\/p>\n<\/div>\n<div class=\"col-sm-9 col-xs-7 col-sm-offset-0\" style=\"background-color: #d8d9da; padding: 0;\">\n<div class=\"col-xs-12\" style=\"padding: 0.8em; padding-left: 2em;\">\n<h1>Nr. 1<\/h1>\n<\/div>\n<div class=\"col-xs-12\" style=\"padding: 0.8em; padding-left: 2em;\">\n<h2>DELL-OSBEL Sofia<\/h2>\n<p>&nbsp;<\/p>\n<h3>Zuspiel<\/h3>\n<\/div>\n<\/div>\n<\/div>\n<p>&nbsp;<\/p>\n<div class=\"row player-type\">\n<table class=\"player-list\" style=\"width: 52.1787%; height: 264px;\">\n<tbody>\n<tr style=\"height: 24px;\">\n<td style=\"height: 24px; width: 42.4916%;\">Geburtsdatum<\/td>\n<td style=\"height: 24px; width: 90.4297%;\">30.04.2004<\/td>\n<\/tr>\n<tr style=\"height: 24px;\">\n<td style=\"height: 24px; width: 42.4916%;\">Wohnort<\/td>\n<td style=\"height: 24px; width: 90.4297%;\">Bregenz<\/td>\n<\/tr>\n<tr style=\"height: 24px;\">\n<td style=\"height: 24px; width: 42.4916%;\">Beruf<\/td>\n<td style=\"height: 24px; width: 90.4297%;\">Sch\u00fclerin<\/td>\n<\/tr>\n<tr style=\"height: 24px;\">\n<td style=\"height: 24px; width: 42.4916%;\">Funktion im Verein<\/td>\n<td style=\"height: 24px; width: 90.4297%;\">Spielerin<\/td>\n<\/tr>\n<tr style=\"height: 24px;\">\n<td style=\"height: 24px; width: 42.4916%;\">Lieblingsessen<\/td>\n<td style=\"height: 24px; width: 90.4297%;\">K\u00e4sssp\u00e4tzle<\/td>\n<\/tr>\n<tr style=\"height: 24px;\">\n<td style=\"height: 26px; width: 42.4916%;\">Lieblingsgetr\u00e4nk<\/td>\n<td style=\"height: 26px; width: 90.4297%;\">Johannisbeersaft<\/td>\n<\/tr>\n<tr style=\"height: 24px;\">\n<td style=\"height: 24px; width: 42.4916%;\">Meine Mannschaft beschreibt mich als<\/td>\n<td style=\"height: 24px; width: 90.4297%;\">Weltenbummlerin und klein aber oho<\/td>\n<\/tr>\n<tr style=\"height: 24px;\">\n<td style=\"height: 24px; width: 42.4916%;\">Gr\u00f6\u00dfe<\/td>\n<td style=\"height: 24px; width: 90.4297%;\">163cm<\/td>\n<\/tr>\n<tr style=\"height: 22px;\">\n<td style=\"height: 22px; width: 42.4916%;\">Position<\/td>\n<td style=\"height: 22px; width: 90.4297%;\">Zuspiel<\/td>\n<\/tr>\n<tr style=\"height: 24px;\">\n<td style=\"height: 24px; width: 42.4916%;\">Spielt Volleyball seit<\/td>\n<td style=\"height: 24px; width: 90.4297%;\">2018<\/td>\n<\/tr>\n<tr style=\"height: 24px;\">\n<td style=\"height: 24px; width: 42.4916%;\">Ist bei Wolfurt seit<\/td>\n<td style=\"height: 24px; width: 90.4297%;\">2018<\/td>\n<\/tr>\n<\/tbody>\n<\/table>\n<\/div>\n","protected":false},"excerpt":{"rendered":"<p>Nr. 1 DELL-OSBEL Sofia &nbsp; Zuspiel &nbsp; Geburtsdatum 30.04.2004 Wohnort Bregenz Beruf Sch\u00fclerin Funktion im Verein Spielerin Lieblingsessen K\u00e4sssp\u00e4tzle Lieblingsgetr\u00e4nk Johannisbeersaft Meine Mannschaft beschreibt mich als Weltenbummlerin und klein aber oho Gr\u00f6\u00dfe 163cm Position Zuspiel Spielt Volleyball seit 2018 Ist bei Wolfurt seit 2018<\/p>\n","protected":false},"author":4,"featured_media":0,"parent":0,"menu_order":0,"comment_status":"closed","ping_status":"closed","template":"","meta":{"footnotes":""},"class_list":["post-1513","page","type-page","status-publish","hentry"],"_links":{"self":[{"href":"https:\/\/vcwolfurt.at\/index.php\/wp-json\/wp\/v2\/pages\/1513","targetHints":{"allow":["GET"]}}],"collection":[{"href":"https:\/\/vcwolfurt.at\/index.php\/wp-json\/wp\/v2\/pages"}],"about":[{"href":"https:\/\/vcwolfurt.at\/index.php\/wp-json\/wp\/v2\/types\/page"}],"author":[{"embeddable":true,"href":"https:\/\/vcwolfurt.at\/index.php\/wp-json\/wp\/v2\/users\/4"}],"replies":[{"embeddable":true,"href":"https:\/\/vcwolfurt.at\/index.php\/wp-json\/wp\/v2\/comments?post=1513"}],"version-history":[{"count":3,"href":"https:\/\/vcwolfurt.at\/index.php\/wp-json\/wp\/v2\/pages\/1513\/revisions"}],"predecessor-version":[{"id":1588,"href":"https:\/\/vcwolfurt.at\/index.php\/wp-json\/wp\/v2\/pages\/1513\/revisions\/1588"}],"wp:attachment":[{"href":"https:\/\/vcwolfurt.at\/index.php\/wp-json\/wp\/v2\/media?parent=1513"}],"curies":[{"name":"wp","href":"https:\/\/api.w.org\/{rel}","templated":true}]}}