{"id":1526,"date":"2021-10-08T18:06:24","date_gmt":"2021-10-08T16:06:24","guid":{"rendered":"https:\/\/vcwolfurt.at\/?page_id=1526"},"modified":"2024-01-09T16:43:13","modified_gmt":"2024-01-09T15:43:13","slug":"nina-gugganig","status":"publish","type":"page","link":"https:\/\/vcwolfurt.at\/index.php\/nina-gugganig\/","title":{"rendered":"Nina Gugganig"},"content":{"rendered":"<p>&nbsp;<\/p>\n<div class=\"row\" style=\"background-color: #d8d9da;\">\n<div class=\"col-sm-2 col-xs-5 col-sm-offset-0\" style=\"padding: 0;\">\n<p><img loading=\"lazy\" decoding=\"async\" class=\"alignnone wp-image-2383 size-full\" src=\"https:\/\/vcwolfurt.at\/wp-content\/uploads\/2024\/01\/DSCF0387.png\" alt=\"\" width=\"1000\" height=\"1210\" srcset=\"https:\/\/vcwolfurt.at\/wp-content\/uploads\/2024\/01\/DSCF0387.png 1000w, https:\/\/vcwolfurt.at\/wp-content\/uploads\/2024\/01\/DSCF0387-248x300.png 248w, https:\/\/vcwolfurt.at\/wp-content\/uploads\/2024\/01\/DSCF0387-846x1024.png 846w, https:\/\/vcwolfurt.at\/wp-content\/uploads\/2024\/01\/DSCF0387-768x929.png 768w\" sizes=\"auto, (max-width: 1000px) 100vw, 1000px\" \/><\/p>\n<\/div>\n<div class=\"col-sm-9 col-xs-7 col-sm-offset-0\" style=\"background-color: #d8d9da; padding: 0;\">\n<div class=\"col-xs-12\" style=\"padding: 0.8em; padding-left: 2em;\">\n<h1>Nr. 4<\/h1>\n<\/div>\n<div class=\"col-xs-12\" style=\"padding: 0.8em; padding-left: 2em;\">\n<h2>GUGGANIG Nina<\/h2>\n<p>&nbsp;<\/p>\n<h3>Au\u00dfen<\/h3>\n<\/div>\n<\/div>\n<\/div>\n<p>&nbsp;<\/p>\n<div class=\"row player-type\">\n<table class=\"player-list\" style=\"width: 52.1787%; height: 264px;\">\n<tbody>\n<tr style=\"height: 24px;\">\n<td style=\"height: 24px; width: 42.4916%;\">Geburtsdatum<\/td>\n<td style=\"height: 24px; width: 90.4297%;\">02.10.99<\/td>\n<\/tr>\n<tr style=\"height: 24px;\">\n<td style=\"height: 24px; width: 42.4916%;\">Wohnort<\/td>\n<td style=\"height: 24px; width: 90.4297%;\">Dornbirn<\/td>\n<\/tr>\n<tr style=\"height: 24px;\">\n<td style=\"height: 24px; width: 42.4916%;\">Beruf<\/td>\n<td style=\"height: 24px; width: 90.4297%;\">Bauleiterin<\/td>\n<\/tr>\n<tr style=\"height: 24px;\">\n<td style=\"height: 24px; width: 42.4916%;\">Funktion im Verein<\/td>\n<td style=\"height: 24px; width: 90.4297%;\">Spielerin<\/td>\n<\/tr>\n<tr style=\"height: 24px;\">\n<td style=\"height: 24px; width: 42.4916%;\">Lieblingsessen<\/td>\n<td style=\"height: 24px; width: 90.4297%;\">K\u00e4sssp\u00e4tzle mit Kartoffelsalat<\/td>\n<\/tr>\n<tr style=\"height: 24px;\">\n<td style=\"height: 26px; width: 42.4916%;\">Lieblingsgetr\u00e4nk<\/td>\n<td style=\"height: 26px; width: 90.4297%;\">Himbi<\/td>\n<\/tr>\n<tr style=\"height: 24px;\">\n<td style=\"height: 24px; width: 42.4916%;\">Meine Mannschaft beschreibt mich als<\/td>\n<td style=\"height: 24px; width: 90.4297%;\">Blondie und Nina die Baumeisterin<\/td>\n<\/tr>\n<tr style=\"height: 24px;\">\n<td style=\"height: 24px; width: 42.4916%;\">Gr\u00f6\u00dfe<\/td>\n<td style=\"height: 24px; width: 90.4297%;\">174cm<\/td>\n<\/tr>\n<tr style=\"height: 22px;\">\n<td style=\"height: 22px; width: 42.4916%;\">Position<\/td>\n<td style=\"height: 22px; width: 90.4297%;\">Diagonal, Au\u00dfen<\/td>\n<\/tr>\n<tr style=\"height: 24px;\">\n<td style=\"height: 24px; width: 42.4916%;\">Spielt Volleyball seit<\/td>\n<td style=\"height: 24px; width: 90.4297%;\">2010<\/td>\n<\/tr>\n<tr style=\"height: 24px;\">\n<td style=\"height: 24px; width: 42.4916%;\">Ist bei Wolfurt seit<\/td>\n<td style=\"height: 24px; width: 90.4297%;\">2021<\/td>\n<\/tr>\n<\/tbody>\n<\/table>\n<\/div>\n","protected":false},"excerpt":{"rendered":"<p>&nbsp; Nr. 4 GUGGANIG Nina &nbsp; Au\u00dfen &nbsp; Geburtsdatum 02.10.99 Wohnort Dornbirn Beruf Bauleiterin Funktion im Verein Spielerin Lieblingsessen K\u00e4sssp\u00e4tzle mit Kartoffelsalat Lieblingsgetr\u00e4nk Himbi Meine Mannschaft beschreibt mich als Blondie und Nina die Baumeisterin Gr\u00f6\u00dfe 174cm Position Diagonal, Au\u00dfen Spielt Volleyball seit 2010 Ist bei Wolfurt seit 2021<\/p>\n","protected":false},"author":4,"featured_media":0,"parent":0,"menu_order":0,"comment_status":"closed","ping_status":"closed","template":"","meta":{"footnotes":""},"class_list":["post-1526","page","type-page","status-publish","hentry"],"_links":{"self":[{"href":"https:\/\/vcwolfurt.at\/index.php\/wp-json\/wp\/v2\/pages\/1526","targetHints":{"allow":["GET"]}}],"collection":[{"href":"https:\/\/vcwolfurt.at\/index.php\/wp-json\/wp\/v2\/pages"}],"about":[{"href":"https:\/\/vcwolfurt.at\/index.php\/wp-json\/wp\/v2\/types\/page"}],"author":[{"embeddable":true,"href":"https:\/\/vcwolfurt.at\/index.php\/wp-json\/wp\/v2\/users\/4"}],"replies":[{"embeddable":true,"href":"https:\/\/vcwolfurt.at\/index.php\/wp-json\/wp\/v2\/comments?post=1526"}],"version-history":[{"count":4,"href":"https:\/\/vcwolfurt.at\/index.php\/wp-json\/wp\/v2\/pages\/1526\/revisions"}],"predecessor-version":[{"id":2459,"href":"https:\/\/vcwolfurt.at\/index.php\/wp-json\/wp\/v2\/pages\/1526\/revisions\/2459"}],"wp:attachment":[{"href":"https:\/\/vcwolfurt.at\/index.php\/wp-json\/wp\/v2\/media?parent=1526"}],"curies":[{"name":"wp","href":"https:\/\/api.w.org\/{rel}","templated":true}]}}