{"id":1534,"date":"2021-10-08T18:13:31","date_gmt":"2021-10-08T16:13:31","guid":{"rendered":"https:\/\/vcwolfurt.at\/?page_id=1534"},"modified":"2024-01-09T16:41:38","modified_gmt":"2024-01-09T15:41:38","slug":"johanna-eberle","status":"publish","type":"page","link":"https:\/\/vcwolfurt.at\/index.php\/johanna-eberle\/","title":{"rendered":"Johanna Eberle"},"content":{"rendered":"<p>&nbsp;<\/p>\n<div class=\"row\" style=\"background-color: #d8d9da;\">\n<div class=\"col-sm-2 col-xs-5 col-sm-offset-0\" style=\"padding: 0;\">\n<p><img loading=\"lazy\" decoding=\"async\" class=\"alignnone wp-image-2384 size-full\" src=\"https:\/\/vcwolfurt.at\/wp-content\/uploads\/2024\/01\/DSCF0391.png\" alt=\"\" width=\"1000\" height=\"1293\" srcset=\"https:\/\/vcwolfurt.at\/wp-content\/uploads\/2024\/01\/DSCF0391.png 1000w, https:\/\/vcwolfurt.at\/wp-content\/uploads\/2024\/01\/DSCF0391-232x300.png 232w, https:\/\/vcwolfurt.at\/wp-content\/uploads\/2024\/01\/DSCF0391-792x1024.png 792w, https:\/\/vcwolfurt.at\/wp-content\/uploads\/2024\/01\/DSCF0391-768x993.png 768w\" sizes=\"auto, (max-width: 1000px) 100vw, 1000px\" \/><\/p>\n<\/div>\n<div class=\"col-sm-9 col-xs-7 col-sm-offset-0\" style=\"background-color: #d8d9da; padding: 0;\">\n<div class=\"col-xs-12\" style=\"padding: 0.8em; padding-left: 2em;\">\n<h1>Nr. 11<\/h1>\n<\/div>\n<div class=\"col-xs-12\" style=\"padding: 0.8em; padding-left: 2em;\">\n<h2>EBERLE Johanna<\/h2>\n<p>&nbsp;<\/p>\n<h3>Mitte<\/h3>\n<\/div>\n<\/div>\n<\/div>\n<p>&nbsp;<\/p>\n<div class=\"row player-type\">\n<table class=\"player-list\" style=\"width: 52.1787%; height: 264px;\">\n<tbody>\n<tr style=\"height: 24px;\">\n<td style=\"height: 24px; width: 42.4916%;\">Geburtsdatum<\/td>\n<td style=\"height: 24px; width: 90.4297%;\">22.02.99<\/td>\n<\/tr>\n<tr style=\"height: 24px;\">\n<td style=\"height: 24px; width: 42.4916%;\">Wohnort<\/td>\n<td style=\"height: 24px; width: 90.4297%;\">Buch<\/td>\n<\/tr>\n<tr style=\"height: 24px;\">\n<td style=\"height: 24px; width: 42.4916%;\">Beruf<\/td>\n<td style=\"height: 24px; width: 90.4297%;\">Physiotherapeutin<\/td>\n<\/tr>\n<tr style=\"height: 24px;\">\n<td style=\"height: 24px; width: 42.4916%;\">Funktion im Verein<\/td>\n<td style=\"height: 24px; width: 90.4297%;\">Spielerin<\/td>\n<\/tr>\n<tr style=\"height: 24px;\">\n<td style=\"height: 24px; width: 42.4916%;\">Lieblingsessen<\/td>\n<td style=\"height: 24px; width: 90.4297%;\">Lasagne<\/td>\n<\/tr>\n<tr style=\"height: 24px;\">\n<td style=\"height: 26px; width: 42.4916%;\">Lieblingsgetr\u00e4nk<\/td>\n<td style=\"height: 26px; width: 90.4297%;\">Bacardi Cola<\/td>\n<\/tr>\n<tr style=\"height: 24px;\">\n<td style=\"height: 24px; width: 42.4916%;\">Meine Mannschaft beschreibt mich als<\/td>\n<td style=\"height: 24px; width: 90.4297%;\">Mannschaftsphysio und Mittelblockexpertin<\/td>\n<\/tr>\n<tr style=\"height: 24px;\">\n<td style=\"height: 24px; width: 42.4916%;\">Gr\u00f6\u00dfe<\/td>\n<td style=\"height: 24px; width: 90.4297%;\">170cm<\/td>\n<\/tr>\n<tr style=\"height: 22px;\">\n<td style=\"height: 22px; width: 42.4916%;\">Position<\/td>\n<td style=\"height: 22px; width: 90.4297%;\">Mitte<\/td>\n<\/tr>\n<tr style=\"height: 24px;\">\n<td style=\"height: 24px; width: 42.4916%;\">Spielt Volleyball seit<\/td>\n<td style=\"height: 24px; width: 90.4297%;\">2010<\/td>\n<\/tr>\n<tr style=\"height: 24px;\">\n<td style=\"height: 24px; width: 42.4916%;\">Ist bei Wolfurt seit<\/td>\n<td style=\"height: 24px; width: 90.4297%;\">2010<\/td>\n<\/tr>\n<\/tbody>\n<\/table>\n<\/div>\n","protected":false},"excerpt":{"rendered":"<p>&nbsp; Nr. 11 EBERLE Johanna &nbsp; Mitte &nbsp; Geburtsdatum 22.02.99 Wohnort Buch Beruf Physiotherapeutin Funktion im Verein Spielerin Lieblingsessen Lasagne Lieblingsgetr\u00e4nk Bacardi Cola Meine Mannschaft beschreibt mich als Mannschaftsphysio und Mittelblockexpertin Gr\u00f6\u00dfe 170cm Position Mitte Spielt Volleyball seit 2010 Ist bei Wolfurt seit 2010<\/p>\n","protected":false},"author":4,"featured_media":0,"parent":0,"menu_order":0,"comment_status":"closed","ping_status":"closed","template":"","meta":{"footnotes":""},"class_list":["post-1534","page","type-page","status-publish","hentry"],"_links":{"self":[{"href":"https:\/\/vcwolfurt.at\/index.php\/wp-json\/wp\/v2\/pages\/1534","targetHints":{"allow":["GET"]}}],"collection":[{"href":"https:\/\/vcwolfurt.at\/index.php\/wp-json\/wp\/v2\/pages"}],"about":[{"href":"https:\/\/vcwolfurt.at\/index.php\/wp-json\/wp\/v2\/types\/page"}],"author":[{"embeddable":true,"href":"https:\/\/vcwolfurt.at\/index.php\/wp-json\/wp\/v2\/users\/4"}],"replies":[{"embeddable":true,"href":"https:\/\/vcwolfurt.at\/index.php\/wp-json\/wp\/v2\/comments?post=1534"}],"version-history":[{"count":4,"href":"https:\/\/vcwolfurt.at\/index.php\/wp-json\/wp\/v2\/pages\/1534\/revisions"}],"predecessor-version":[{"id":2456,"href":"https:\/\/vcwolfurt.at\/index.php\/wp-json\/wp\/v2\/pages\/1534\/revisions\/2456"}],"wp:attachment":[{"href":"https:\/\/vcwolfurt.at\/index.php\/wp-json\/wp\/v2\/media?parent=1534"}],"curies":[{"name":"wp","href":"https:\/\/api.w.org\/{rel}","templated":true}]}}