{"id":1538,"date":"2021-10-08T18:16:12","date_gmt":"2021-10-08T16:16:12","guid":{"rendered":"https:\/\/vcwolfurt.at\/?page_id=1538"},"modified":"2024-01-09T16:37:53","modified_gmt":"2024-01-09T15:37:53","slug":"eva-geiger","status":"publish","type":"page","link":"https:\/\/vcwolfurt.at\/index.php\/eva-geiger\/","title":{"rendered":"Eva Geiger"},"content":{"rendered":"<p>&nbsp;<\/p>\n<div class=\"row\" style=\"background-color: #d8d9da;\">\n<div class=\"col-sm-2 col-xs-5 col-sm-offset-0\" style=\"padding: 0;\">\n<p><img loading=\"lazy\" decoding=\"async\" class=\"alignnone wp-image-2382 size-full\" src=\"https:\/\/vcwolfurt.at\/wp-content\/uploads\/2024\/01\/DSCF0385.png\" alt=\"\" width=\"1000\" height=\"1200\" srcset=\"https:\/\/vcwolfurt.at\/wp-content\/uploads\/2024\/01\/DSCF0385.png 1000w, https:\/\/vcwolfurt.at\/wp-content\/uploads\/2024\/01\/DSCF0385-250x300.png 250w, https:\/\/vcwolfurt.at\/wp-content\/uploads\/2024\/01\/DSCF0385-853x1024.png 853w, https:\/\/vcwolfurt.at\/wp-content\/uploads\/2024\/01\/DSCF0385-768x922.png 768w\" sizes=\"auto, (max-width: 1000px) 100vw, 1000px\" \/><\/p>\n<\/div>\n<div class=\"col-sm-9 col-xs-7 col-sm-offset-0\" style=\"background-color: #d8d9da; padding: 0;\">\n<div class=\"col-xs-12\" style=\"padding: 0.8em; padding-left: 2em;\">\n<h1>Nr. 10<\/h1>\n<\/div>\n<div class=\"col-xs-12\" style=\"padding: 0.8em; padding-left: 2em;\">\n<h2>GEIGER Eva<\/h2>\n<p>&nbsp;<\/p>\n<h3>Mitte<\/h3>\n<\/div>\n<\/div>\n<\/div>\n<p>&nbsp;<\/p>\n<div class=\"row player-type\">\n<table class=\"player-list\" style=\"width: 52.1787%; height: 265px;\">\n<tbody>\n<tr style=\"height: 24px;\">\n<td style=\"height: 25px; width: 42.6305%;\">Geburtsdatum<\/td>\n<td style=\"height: 25px; width: 90.2908%;\">17.01.00<\/td>\n<\/tr>\n<tr style=\"height: 24px;\">\n<td style=\"height: 24px; width: 42.6305%;\">Wohnort<\/td>\n<td style=\"height: 24px; width: 90.2908%;\">Dornbirn<\/td>\n<\/tr>\n<tr style=\"height: 24px;\">\n<td style=\"height: 24px; width: 42.6305%;\">Beruf<\/td>\n<td style=\"height: 24px; width: 90.2908%;\">Landesbedienstete<\/td>\n<\/tr>\n<tr style=\"height: 24px;\">\n<td style=\"height: 24px; width: 42.6305%;\">Funktion im Verein<\/td>\n<td style=\"height: 24px; width: 90.2908%;\">Spielerin, Trainerin<\/td>\n<\/tr>\n<tr style=\"height: 24px;\">\n<td style=\"height: 24px; width: 42.6305%;\">Lieblingsessen<\/td>\n<td style=\"height: 24px; width: 90.2908%;\">K\u00f6ttbular bei IKEA<\/td>\n<\/tr>\n<tr style=\"height: 24px;\">\n<td style=\"height: 26px; width: 42.6305%;\">Lieblingsgetr\u00e4nk<\/td>\n<td style=\"height: 26px; width: 90.2908%;\">Aranciata<\/td>\n<\/tr>\n<tr style=\"height: 24px;\">\n<td style=\"height: 24px; width: 42.6305%;\">Meine Mannschaft beschreibt mich als<\/td>\n<td style=\"height: 24px; width: 90.2908%;\">Spr\u00fccheklopferin und Dancing Queen<\/td>\n<\/tr>\n<tr style=\"height: 24px;\">\n<td style=\"height: 24px; width: 42.6305%;\">Gr\u00f6\u00dfe<\/td>\n<td style=\"height: 24px; width: 90.2908%;\">172cm<\/td>\n<\/tr>\n<tr style=\"height: 22px;\">\n<td style=\"height: 22px; width: 42.6305%;\">Position<\/td>\n<td style=\"height: 22px; width: 90.2908%;\">Mitte<\/td>\n<\/tr>\n<tr style=\"height: 24px;\">\n<td style=\"height: 24px; width: 42.6305%;\">Spielt Volleyball seit<\/td>\n<td style=\"height: 24px; width: 90.2908%;\">2012<\/td>\n<\/tr>\n<tr style=\"height: 24px;\">\n<td style=\"height: 24px; width: 42.6305%;\">Ist bei Wolfurt seit<\/td>\n<td style=\"height: 24px; width: 90.2908%;\">2013<\/td>\n<\/tr>\n<\/tbody>\n<\/table>\n<\/div>\n","protected":false},"excerpt":{"rendered":"<p>&nbsp; Nr. 10 GEIGER Eva &nbsp; Mitte &nbsp; Geburtsdatum 17.01.00 Wohnort Dornbirn Beruf Landesbedienstete Funktion im Verein Spielerin, Trainerin Lieblingsessen K\u00f6ttbular bei IKEA Lieblingsgetr\u00e4nk Aranciata Meine Mannschaft beschreibt mich als Spr\u00fccheklopferin und Dancing Queen Gr\u00f6\u00dfe 172cm Position Mitte Spielt Volleyball seit 2012 Ist bei Wolfurt seit 2013<\/p>\n","protected":false},"author":4,"featured_media":0,"parent":0,"menu_order":0,"comment_status":"closed","ping_status":"closed","template":"","meta":{"footnotes":""},"class_list":["post-1538","page","type-page","status-publish","hentry"],"_links":{"self":[{"href":"https:\/\/vcwolfurt.at\/index.php\/wp-json\/wp\/v2\/pages\/1538","targetHints":{"allow":["GET"]}}],"collection":[{"href":"https:\/\/vcwolfurt.at\/index.php\/wp-json\/wp\/v2\/pages"}],"about":[{"href":"https:\/\/vcwolfurt.at\/index.php\/wp-json\/wp\/v2\/types\/page"}],"author":[{"embeddable":true,"href":"https:\/\/vcwolfurt.at\/index.php\/wp-json\/wp\/v2\/users\/4"}],"replies":[{"embeddable":true,"href":"https:\/\/vcwolfurt.at\/index.php\/wp-json\/wp\/v2\/comments?post=1538"}],"version-history":[{"count":4,"href":"https:\/\/vcwolfurt.at\/index.php\/wp-json\/wp\/v2\/pages\/1538\/revisions"}],"predecessor-version":[{"id":2448,"href":"https:\/\/vcwolfurt.at\/index.php\/wp-json\/wp\/v2\/pages\/1538\/revisions\/2448"}],"wp:attachment":[{"href":"https:\/\/vcwolfurt.at\/index.php\/wp-json\/wp\/v2\/media?parent=1538"}],"curies":[{"name":"wp","href":"https:\/\/api.w.org\/{rel}","templated":true}]}}