{"id":1541,"date":"2021-10-08T18:19:16","date_gmt":"2021-10-08T16:19:16","guid":{"rendered":"https:\/\/vcwolfurt.at\/?page_id=1541"},"modified":"2021-10-08T18:19:16","modified_gmt":"2021-10-08T16:19:16","slug":"kristina-schwarz","status":"publish","type":"page","link":"https:\/\/vcwolfurt.at\/index.php\/kristina-schwarz\/","title":{"rendered":"Kristina Schwarz"},"content":{"rendered":"<p>&nbsp;<\/p>\n<div class=\"row\" style=\"background-color: #d8d9da;\">\n<div class=\"col-sm-2 col-xs-5 col-sm-offset-0\" style=\"padding: 0;\">\n<p><img loading=\"lazy\" decoding=\"async\" class=\"alignnone wp-image-1542 size-large\" src=\"https:\/\/vcwolfurt.at\/wp-content\/uploads\/2021\/10\/Kristina-877x1024.jpeg\" alt=\"\" width=\"877\" height=\"1024\" srcset=\"https:\/\/vcwolfurt.at\/wp-content\/uploads\/2021\/10\/Kristina-877x1024.jpeg 877w, https:\/\/vcwolfurt.at\/wp-content\/uploads\/2021\/10\/Kristina-257x300.jpeg 257w, https:\/\/vcwolfurt.at\/wp-content\/uploads\/2021\/10\/Kristina-768x896.jpeg 768w, https:\/\/vcwolfurt.at\/wp-content\/uploads\/2021\/10\/Kristina-1316x1536.jpeg 1316w, https:\/\/vcwolfurt.at\/wp-content\/uploads\/2021\/10\/Kristina.jpeg 1371w\" sizes=\"auto, (max-width: 877px) 100vw, 877px\" \/><\/p>\n<\/div>\n<div class=\"col-sm-9 col-xs-7 col-sm-offset-0\" style=\"background-color: #d8d9da; padding: 0;\">\n<div class=\"col-xs-12\" style=\"padding: 0.8em; padding-left: 2em;\">\n<h1>Nr. 16<\/h1>\n<\/div>\n<div class=\"col-xs-12\" style=\"padding: 0.8em; padding-left: 2em;\">\n<h2>Schwarz Kristina<\/h2>\n<p>&nbsp;<\/p>\n<h3>Mitte<\/h3>\n<\/div>\n<\/div>\n<\/div>\n<p>&nbsp;<\/p>\n<div class=\"row player-type\">\n<table class=\"player-list\" style=\"width: 52.1787%; height: 265px;\">\n<tbody>\n<tr style=\"height: 24px;\">\n<td style=\"height: 25px; width: 42.6305%;\">Geburtsdatum<\/td>\n<td style=\"height: 25px; width: 90.2908%;\">27.07.03<\/td>\n<\/tr>\n<tr style=\"height: 24px;\">\n<td style=\"height: 24px; width: 42.6305%;\">Wohnort<\/td>\n<td style=\"height: 24px; width: 90.2908%;\">Wolfurt<\/td>\n<\/tr>\n<tr style=\"height: 24px;\">\n<td style=\"height: 24px; width: 42.6305%;\">Beruf<\/td>\n<td style=\"height: 24px; width: 90.2908%;\">Sch\u00fclerin<\/td>\n<\/tr>\n<tr style=\"height: 24px;\">\n<td style=\"height: 24px; width: 42.6305%;\">Funktion im Verein<\/td>\n<td style=\"height: 24px; width: 90.2908%;\">Spielerin,<\/td>\n<\/tr>\n<tr style=\"height: 24px;\">\n<td style=\"height: 24px; width: 42.6305%;\">Lieblingsessen<\/td>\n<td style=\"height: 24px; width: 90.2908%;\">Lasagne<\/td>\n<\/tr>\n<tr style=\"height: 24px;\">\n<td style=\"height: 26px; width: 42.6305%;\">Lieblingsgetr\u00e4nk<\/td>\n<td style=\"height: 26px; width: 90.2908%;\">Lillet<\/td>\n<\/tr>\n<tr style=\"height: 24px;\">\n<td style=\"height: 24px; width: 42.6305%;\">Meine Mannschaft beschreibt mich als<\/td>\n<td style=\"height: 24px; width: 90.2908%;\">Stolperqueen und Schinkengipfelexpertin<\/td>\n<\/tr>\n<tr style=\"height: 24px;\">\n<td style=\"height: 24px; width: 42.6305%;\">Gr\u00f6\u00dfe<\/td>\n<td style=\"height: 24px; width: 90.2908%;\">170cm<\/td>\n<\/tr>\n<tr style=\"height: 22px;\">\n<td style=\"height: 22px; width: 42.6305%;\">Position<\/td>\n<td style=\"height: 22px; width: 90.2908%;\">Mitte<\/td>\n<\/tr>\n<tr style=\"height: 24px;\">\n<td style=\"height: 24px; width: 42.6305%;\">Spielt Volleyball seit<\/td>\n<td style=\"height: 24px; width: 90.2908%;\">2010<\/td>\n<\/tr>\n<tr style=\"height: 24px;\">\n<td style=\"height: 24px; width: 42.6305%;\">Ist bei Wolfurt seit<\/td>\n<td style=\"height: 24px; width: 90.2908%;\">2011<\/td>\n<\/tr>\n<\/tbody>\n<\/table>\n<\/div>\n","protected":false},"excerpt":{"rendered":"<p>&nbsp; Nr. 16 Schwarz Kristina &nbsp; Mitte &nbsp; Geburtsdatum 27.07.03 Wohnort Wolfurt Beruf Sch\u00fclerin Funktion im Verein Spielerin, Lieblingsessen Lasagne Lieblingsgetr\u00e4nk Lillet Meine Mannschaft beschreibt mich als Stolperqueen und Schinkengipfelexpertin Gr\u00f6\u00dfe 170cm Position Mitte Spielt Volleyball seit 2010 Ist bei Wolfurt seit 2011<\/p>\n","protected":false},"author":4,"featured_media":0,"parent":0,"menu_order":0,"comment_status":"closed","ping_status":"closed","template":"","meta":{"footnotes":""},"class_list":["post-1541","page","type-page","status-publish","hentry"],"_links":{"self":[{"href":"https:\/\/vcwolfurt.at\/index.php\/wp-json\/wp\/v2\/pages\/1541","targetHints":{"allow":["GET"]}}],"collection":[{"href":"https:\/\/vcwolfurt.at\/index.php\/wp-json\/wp\/v2\/pages"}],"about":[{"href":"https:\/\/vcwolfurt.at\/index.php\/wp-json\/wp\/v2\/types\/page"}],"author":[{"embeddable":true,"href":"https:\/\/vcwolfurt.at\/index.php\/wp-json\/wp\/v2\/users\/4"}],"replies":[{"embeddable":true,"href":"https:\/\/vcwolfurt.at\/index.php\/wp-json\/wp\/v2\/comments?post=1541"}],"version-history":[{"count":1,"href":"https:\/\/vcwolfurt.at\/index.php\/wp-json\/wp\/v2\/pages\/1541\/revisions"}],"predecessor-version":[{"id":1543,"href":"https:\/\/vcwolfurt.at\/index.php\/wp-json\/wp\/v2\/pages\/1541\/revisions\/1543"}],"wp:attachment":[{"href":"https:\/\/vcwolfurt.at\/index.php\/wp-json\/wp\/v2\/media?parent=1541"}],"curies":[{"name":"wp","href":"https:\/\/api.w.org\/{rel}","templated":true}]}}