{"id":1552,"date":"2021-10-08T18:33:17","date_gmt":"2021-10-08T16:33:17","guid":{"rendered":"https:\/\/vcwolfurt.at\/?page_id=1552"},"modified":"2024-01-09T16:36:41","modified_gmt":"2024-01-09T15:36:41","slug":"daniela-huber","status":"publish","type":"page","link":"https:\/\/vcwolfurt.at\/index.php\/daniela-huber\/","title":{"rendered":"Daniela Huber"},"content":{"rendered":"<p>&nbsp;<\/p>\n<div class=\"row\" style=\"background-color: #d8d9da;\">\n<div class=\"col-sm-2 col-xs-5 col-sm-offset-0\" style=\"padding: 0;\">\n<p><img loading=\"lazy\" decoding=\"async\" class=\"alignnone wp-image-2385 size-full\" src=\"https:\/\/vcwolfurt.at\/wp-content\/uploads\/2024\/01\/DSCF0392.png\" alt=\"\" width=\"1000\" height=\"1411\" srcset=\"https:\/\/vcwolfurt.at\/wp-content\/uploads\/2024\/01\/DSCF0392.png 1000w, https:\/\/vcwolfurt.at\/wp-content\/uploads\/2024\/01\/DSCF0392-213x300.png 213w, https:\/\/vcwolfurt.at\/wp-content\/uploads\/2024\/01\/DSCF0392-726x1024.png 726w, https:\/\/vcwolfurt.at\/wp-content\/uploads\/2024\/01\/DSCF0392-768x1084.png 768w\" sizes=\"auto, (max-width: 1000px) 100vw, 1000px\" \/><\/p>\n<\/div>\n<div class=\"col-sm-9 col-xs-7 col-sm-offset-0\" style=\"background-color: #d8d9da; padding: 0;\">\n<div class=\"col-xs-12\" style=\"padding: 0.8em; padding-left: 2em;\">\n<h1>Nr. 8<\/h1>\n<\/div>\n<div class=\"col-xs-12\" style=\"padding: 0.8em; padding-left: 2em;\">\n<h2>HUBER Daniela<\/h2>\n<p>&nbsp;<\/p>\n<h3>Au\u00dfen<\/h3>\n<\/div>\n<\/div>\n<\/div>\n<p>&nbsp;<\/p>\n<div class=\"row player-type\">\n<table class=\"player-list\" style=\"width: 52.1787%; height: 260px;\">\n<tbody>\n<tr style=\"height: 24px;\">\n<td style=\"height: 25px; width: 42.6305%;\">Geburtsdatum<\/td>\n<td style=\"height: 25px; width: 90.2908%;\">18.01.97<\/td>\n<\/tr>\n<tr style=\"height: 24px;\">\n<td style=\"height: 24px; width: 42.6305%;\">Wohnort<\/td>\n<td style=\"height: 24px; width: 90.2908%;\">Dornbirn<\/td>\n<\/tr>\n<tr style=\"height: 24px;\">\n<td style=\"height: 24px; width: 42.6305%;\">Beruf<\/td>\n<td style=\"height: 24px; width: 90.2908%;\">Personalverrechnerin<\/td>\n<\/tr>\n<tr style=\"height: 24px;\">\n<td style=\"height: 24px; width: 42.6305%;\">Funktion im Verein<\/td>\n<td style=\"height: 24px; width: 90.2908%;\">Spielerin<\/td>\n<\/tr>\n<tr style=\"height: 24px;\">\n<td style=\"height: 24px; width: 42.6305%;\">Lieblingsessen<\/td>\n<td style=\"height: 24px; width: 90.2908%;\">Pizza<\/td>\n<\/tr>\n<tr style=\"height: 24px;\">\n<td style=\"height: 26px; width: 42.6305%;\">Lieblingsgetr\u00e4nk<\/td>\n<td style=\"height: 26px; width: 90.2908%;\">Makava<\/td>\n<\/tr>\n<tr style=\"height: 24px;\">\n<td style=\"height: 19px; width: 42.6305%;\">Meine Mannschaft beschreibt mich als<\/td>\n<td style=\"height: 19px; width: 90.2908%;\">Beachqueen und Cocktailshakerin<\/td>\n<\/tr>\n<tr style=\"height: 24px;\">\n<td style=\"height: 24px; width: 42.6305%;\">Gr\u00f6\u00dfe<\/td>\n<td style=\"height: 24px; width: 90.2908%;\">167cm<\/td>\n<\/tr>\n<tr style=\"height: 22px;\">\n<td style=\"height: 22px; width: 42.6305%;\">Position<\/td>\n<td style=\"height: 22px; width: 90.2908%;\">Au\u00dfen<\/td>\n<\/tr>\n<tr style=\"height: 24px;\">\n<td style=\"height: 24px; width: 42.6305%;\">Spielt Volleyball seit<\/td>\n<td style=\"height: 24px; width: 90.2908%;\">2018<\/td>\n<\/tr>\n<tr style=\"height: 24px;\">\n<td style=\"height: 24px; width: 42.6305%;\">Ist bei Wolfurt seit<\/td>\n<td style=\"height: 24px; width: 90.2908%;\">2018<\/td>\n<\/tr>\n<\/tbody>\n<\/table>\n<p>&nbsp;<\/p>\n<\/div>\n","protected":false},"excerpt":{"rendered":"<p>&nbsp; Nr. 8 HUBER Daniela &nbsp; Au\u00dfen &nbsp; Geburtsdatum 18.01.97 Wohnort Dornbirn Beruf Personalverrechnerin Funktion im Verein Spielerin Lieblingsessen Pizza Lieblingsgetr\u00e4nk Makava Meine Mannschaft beschreibt mich als Beachqueen und Cocktailshakerin Gr\u00f6\u00dfe 167cm Position Au\u00dfen Spielt Volleyball seit 2018 Ist bei Wolfurt seit 2018 &nbsp;<\/p>\n","protected":false},"author":4,"featured_media":0,"parent":0,"menu_order":0,"comment_status":"closed","ping_status":"closed","template":"","meta":{"footnotes":""},"class_list":["post-1552","page","type-page","status-publish","hentry"],"_links":{"self":[{"href":"https:\/\/vcwolfurt.at\/index.php\/wp-json\/wp\/v2\/pages\/1552","targetHints":{"allow":["GET"]}}],"collection":[{"href":"https:\/\/vcwolfurt.at\/index.php\/wp-json\/wp\/v2\/pages"}],"about":[{"href":"https:\/\/vcwolfurt.at\/index.php\/wp-json\/wp\/v2\/types\/page"}],"author":[{"embeddable":true,"href":"https:\/\/vcwolfurt.at\/index.php\/wp-json\/wp\/v2\/users\/4"}],"replies":[{"embeddable":true,"href":"https:\/\/vcwolfurt.at\/index.php\/wp-json\/wp\/v2\/comments?post=1552"}],"version-history":[{"count":3,"href":"https:\/\/vcwolfurt.at\/index.php\/wp-json\/wp\/v2\/pages\/1552\/revisions"}],"predecessor-version":[{"id":2445,"href":"https:\/\/vcwolfurt.at\/index.php\/wp-json\/wp\/v2\/pages\/1552\/revisions\/2445"}],"wp:attachment":[{"href":"https:\/\/vcwolfurt.at\/index.php\/wp-json\/wp\/v2\/media?parent=1552"}],"curies":[{"name":"wp","href":"https:\/\/api.w.org\/{rel}","templated":true}]}}