{"id":1559,"date":"2021-10-08T18:37:58","date_gmt":"2021-10-08T16:37:58","guid":{"rendered":"https:\/\/vcwolfurt.at\/?page_id=1559"},"modified":"2021-10-08T18:37:58","modified_gmt":"2021-10-08T16:37:58","slug":"lisa-strodel","status":"publish","type":"page","link":"https:\/\/vcwolfurt.at\/index.php\/lisa-strodel\/","title":{"rendered":"Lisa Strodel"},"content":{"rendered":"<p>&nbsp;<\/p>\n<div class=\"row\" style=\"background-color: #d8d9da;\">\n<div class=\"col-sm-2 col-xs-5 col-sm-offset-0\" style=\"padding: 0;\">\n<p><img loading=\"lazy\" decoding=\"async\" class=\"alignnone wp-image-1560 size-large\" src=\"https:\/\/vcwolfurt.at\/wp-content\/uploads\/2021\/10\/Lisa-Strodel-877x1024.jpeg\" alt=\"\" width=\"877\" height=\"1024\" srcset=\"https:\/\/vcwolfurt.at\/wp-content\/uploads\/2021\/10\/Lisa-Strodel-877x1024.jpeg 877w, https:\/\/vcwolfurt.at\/wp-content\/uploads\/2021\/10\/Lisa-Strodel-257x300.jpeg 257w, https:\/\/vcwolfurt.at\/wp-content\/uploads\/2021\/10\/Lisa-Strodel-768x896.jpeg 768w, https:\/\/vcwolfurt.at\/wp-content\/uploads\/2021\/10\/Lisa-Strodel-1316x1536.jpeg 1316w, https:\/\/vcwolfurt.at\/wp-content\/uploads\/2021\/10\/Lisa-Strodel.jpeg 1371w\" sizes=\"auto, (max-width: 877px) 100vw, 877px\" \/><\/p>\n<\/div>\n<div class=\"col-sm-9 col-xs-7 col-sm-offset-0\" style=\"background-color: #d8d9da; padding: 0;\">\n<div class=\"col-xs-12\" style=\"padding: 0.8em; padding-left: 2em;\">\n<h1>Nr. 15<\/h1>\n<\/div>\n<div class=\"col-xs-12\" style=\"padding: 0.8em; padding-left: 2em;\">\n<h2>STRODEL Lisa<\/h2>\n<p>&nbsp;<\/p>\n<h3>Au\u00dfen<\/h3>\n<\/div>\n<\/div>\n<\/div>\n<p>&nbsp;<\/p>\n<div class=\"row player-type\">\n<table class=\"player-list\" style=\"width: 52.1787%; height: 260px;\">\n<tbody>\n<tr style=\"height: 24px;\">\n<td style=\"height: 25px; width: 42.6305%;\">Geburtsdatum<\/td>\n<td style=\"height: 25px; width: 90.2908%;\">11.04.89<\/td>\n<\/tr>\n<tr style=\"height: 24px;\">\n<td style=\"height: 24px; width: 42.6305%;\">Wohnort<\/td>\n<td style=\"height: 24px; width: 90.2908%;\">Lindau<\/td>\n<\/tr>\n<tr style=\"height: 24px;\">\n<td style=\"height: 24px; width: 42.6305%;\">Beruf<\/td>\n<td style=\"height: 24px; width: 90.2908%;\">Bauleiterin<\/td>\n<\/tr>\n<tr style=\"height: 24px;\">\n<td style=\"height: 24px; width: 42.6305%;\">Funktion im Verein<\/td>\n<td style=\"height: 24px; width: 90.2908%;\">Spielerin<\/td>\n<\/tr>\n<tr style=\"height: 24px;\">\n<td style=\"height: 24px; width: 42.6305%;\">Lieblingsessen<\/td>\n<td style=\"height: 24px; width: 90.2908%;\">Pizza<\/td>\n<\/tr>\n<tr style=\"height: 24px;\">\n<td style=\"height: 26px; width: 42.6305%;\">Lieblingsgetr\u00e4nk<\/td>\n<td style=\"height: 26px; width: 90.2908%;\">Gspritzter Saft<\/td>\n<\/tr>\n<tr style=\"height: 24px;\">\n<td style=\"height: 19px; width: 42.6305%;\">Meine Mannschaft beschreibt mich als<\/td>\n<td style=\"height: 19px; width: 90.2908%;\">Volleyballurgestein &amp; &#8222;wei\u00df wie der Hase l\u00e4uft&#8220;<\/td>\n<\/tr>\n<tr style=\"height: 24px;\">\n<td style=\"height: 24px; width: 42.6305%;\">Gr\u00f6\u00dfe<\/td>\n<td style=\"height: 24px; width: 90.2908%;\">177cm<\/td>\n<\/tr>\n<tr style=\"height: 22px;\">\n<td style=\"height: 22px; width: 42.6305%;\">Position<\/td>\n<td style=\"height: 22px; width: 90.2908%;\">Au\u00dfen<\/td>\n<\/tr>\n<tr style=\"height: 24px;\">\n<td style=\"height: 24px; width: 42.6305%;\">Spielt Volleyball seit<\/td>\n<td style=\"height: 24px; width: 90.2908%;\">\u00fcber 20 Jahre<\/td>\n<\/tr>\n<tr style=\"height: 24px;\">\n<td style=\"height: 24px; width: 42.6305%;\">Ist bei Wolfurt seit<\/td>\n<td style=\"height: 24px; width: 90.2908%;\">2021<\/td>\n<\/tr>\n<\/tbody>\n<\/table>\n<p>&nbsp;<\/p>\n<\/div>\n","protected":false},"excerpt":{"rendered":"<p>&nbsp; Nr. 15 STRODEL Lisa &nbsp; Au\u00dfen &nbsp; Geburtsdatum 11.04.89 Wohnort Lindau Beruf Bauleiterin Funktion im Verein Spielerin Lieblingsessen Pizza Lieblingsgetr\u00e4nk Gspritzter Saft Meine Mannschaft beschreibt mich als Volleyballurgestein &amp; &#8222;wei\u00df wie der Hase l\u00e4uft&#8220; Gr\u00f6\u00dfe 177cm Position Au\u00dfen Spielt Volleyball seit \u00fcber 20 Jahre Ist bei Wolfurt seit 2021 &nbsp;<\/p>\n","protected":false},"author":4,"featured_media":0,"parent":0,"menu_order":0,"comment_status":"closed","ping_status":"closed","template":"","meta":{"footnotes":""},"class_list":["post-1559","page","type-page","status-publish","hentry"],"_links":{"self":[{"href":"https:\/\/vcwolfurt.at\/index.php\/wp-json\/wp\/v2\/pages\/1559","targetHints":{"allow":["GET"]}}],"collection":[{"href":"https:\/\/vcwolfurt.at\/index.php\/wp-json\/wp\/v2\/pages"}],"about":[{"href":"https:\/\/vcwolfurt.at\/index.php\/wp-json\/wp\/v2\/types\/page"}],"author":[{"embeddable":true,"href":"https:\/\/vcwolfurt.at\/index.php\/wp-json\/wp\/v2\/users\/4"}],"replies":[{"embeddable":true,"href":"https:\/\/vcwolfurt.at\/index.php\/wp-json\/wp\/v2\/comments?post=1559"}],"version-history":[{"count":1,"href":"https:\/\/vcwolfurt.at\/index.php\/wp-json\/wp\/v2\/pages\/1559\/revisions"}],"predecessor-version":[{"id":1561,"href":"https:\/\/vcwolfurt.at\/index.php\/wp-json\/wp\/v2\/pages\/1559\/revisions\/1561"}],"wp:attachment":[{"href":"https:\/\/vcwolfurt.at\/index.php\/wp-json\/wp\/v2\/media?parent=1559"}],"curies":[{"name":"wp","href":"https:\/\/api.w.org\/{rel}","templated":true}]}}