{"id":1589,"date":"2021-10-09T15:37:55","date_gmt":"2021-10-09T13:37:55","guid":{"rendered":"https:\/\/vcwolfurt.at\/?page_id=1589"},"modified":"2024-01-09T16:35:19","modified_gmt":"2024-01-09T15:35:19","slug":"analena-nikolic","status":"publish","type":"page","link":"https:\/\/vcwolfurt.at\/index.php\/analena-nikolic\/","title":{"rendered":"Analena Nikolic"},"content":{"rendered":"<div class=\"row\" style=\"background-color: #d8d9da;\">\n<div class=\"col-sm-2 col-xs-5 col-sm-offset-0\" style=\"padding: 0;\">\n<p><img loading=\"lazy\" decoding=\"async\" class=\"alignnone wp-image-2390 size-full\" src=\"https:\/\/vcwolfurt.at\/wp-content\/uploads\/2024\/01\/DSCF0408.png\" alt=\"\" width=\"1000\" height=\"1366\" srcset=\"https:\/\/vcwolfurt.at\/wp-content\/uploads\/2024\/01\/DSCF0408.png 1000w, https:\/\/vcwolfurt.at\/wp-content\/uploads\/2024\/01\/DSCF0408-220x300.png 220w, https:\/\/vcwolfurt.at\/wp-content\/uploads\/2024\/01\/DSCF0408-750x1024.png 750w, https:\/\/vcwolfurt.at\/wp-content\/uploads\/2024\/01\/DSCF0408-768x1049.png 768w\" sizes=\"auto, (max-width: 1000px) 100vw, 1000px\" \/><\/p>\n<\/div>\n<div class=\"col-sm-9 col-xs-7 col-sm-offset-0\" style=\"background-color: #d8d9da; padding: 0;\">\n<div class=\"col-xs-12\" style=\"padding: 0.8em; padding-left: 2em;\">\n<h1>Nr. 3<\/h1>\n<\/div>\n<div class=\"col-xs-12\" style=\"padding: 0.8em; padding-left: 2em;\">\n<h2>NIKOLIC Analena<\/h2>\n<p>&nbsp;<\/p>\n<h3>Mitte<\/h3>\n<\/div>\n<\/div>\n<\/div>\n<p>&nbsp;<\/p>\n<div class=\"row player-type\">\n<table class=\"player-list\" style=\"width: 52.1787%; height: 264px;\">\n<tbody>\n<tr style=\"height: 24px;\">\n<td style=\"height: 24px; width: 42.4916%;\">Geburtsdatum<\/td>\n<td style=\"height: 24px; width: 90.4297%;\">16.08.2004<\/td>\n<\/tr>\n<tr style=\"height: 24px;\">\n<td style=\"height: 24px; width: 42.4916%;\">Wohnort<\/td>\n<td style=\"height: 24px; width: 90.4297%;\">Lustenau<\/td>\n<\/tr>\n<tr style=\"height: 24px;\">\n<td style=\"height: 24px; width: 42.4916%;\">Beruf<\/td>\n<td style=\"height: 24px; width: 90.4297%;\">Sch\u00fclerin<\/td>\n<\/tr>\n<tr style=\"height: 24px;\">\n<td style=\"height: 24px; width: 42.4916%;\">Funktion im Verein<\/td>\n<td style=\"height: 24px; width: 90.4297%;\">Spieler<\/td>\n<\/tr>\n<tr style=\"height: 24px;\">\n<td style=\"height: 24px; width: 42.4916%;\">Lieblingsessen<\/td>\n<td style=\"height: 24px; width: 90.4297%;\">Pizza<\/td>\n<\/tr>\n<tr style=\"height: 24px;\">\n<td style=\"height: 26px; width: 42.4916%;\">Lieblingsgetr\u00e4nk<\/td>\n<td style=\"height: 26px; width: 90.4297%;\">Eistee<\/td>\n<\/tr>\n<tr style=\"height: 24px;\">\n<td style=\"height: 24px; width: 42.4916%;\">Meine Mannschaft beschreibt mich als<\/td>\n<td style=\"height: 24px; width: 90.4297%;\">Servicemaschine und Partyqueen<\/td>\n<\/tr>\n<tr style=\"height: 24px;\">\n<td style=\"height: 24px; width: 42.4916%;\">Gr\u00f6\u00dfe<\/td>\n<td style=\"height: 24px; width: 90.4297%;\">170cm<\/td>\n<\/tr>\n<tr style=\"height: 22px;\">\n<td style=\"height: 22px; width: 42.4916%;\">Position<\/td>\n<td style=\"height: 22px; width: 90.4297%;\">Mitte<\/td>\n<\/tr>\n<tr style=\"height: 24px;\">\n<td style=\"height: 24px; width: 42.4916%;\">Spielt Volleyball seit<\/td>\n<td style=\"height: 24px; width: 90.4297%;\">2016<\/td>\n<\/tr>\n<tr style=\"height: 24px;\">\n<td style=\"height: 24px; width: 42.4916%;\">Ist bei Wolfurt seit<\/td>\n<td style=\"height: 24px; width: 90.4297%;\">2016<\/td>\n<\/tr>\n<\/tbody>\n<\/table>\n<\/div>\n","protected":false},"excerpt":{"rendered":"<p>Nr. 3 NIKOLIC Analena &nbsp; Mitte &nbsp; Geburtsdatum 16.08.2004 Wohnort Lustenau Beruf Sch\u00fclerin Funktion im Verein Spieler Lieblingsessen Pizza Lieblingsgetr\u00e4nk Eistee Meine Mannschaft beschreibt mich als Servicemaschine und Partyqueen Gr\u00f6\u00dfe 170cm Position Mitte Spielt Volleyball seit 2016 Ist bei Wolfurt seit 2016<\/p>\n","protected":false},"author":4,"featured_media":0,"parent":0,"menu_order":0,"comment_status":"closed","ping_status":"closed","template":"","meta":{"footnotes":""},"class_list":["post-1589","page","type-page","status-publish","hentry"],"_links":{"self":[{"href":"https:\/\/vcwolfurt.at\/index.php\/wp-json\/wp\/v2\/pages\/1589","targetHints":{"allow":["GET"]}}],"collection":[{"href":"https:\/\/vcwolfurt.at\/index.php\/wp-json\/wp\/v2\/pages"}],"about":[{"href":"https:\/\/vcwolfurt.at\/index.php\/wp-json\/wp\/v2\/types\/page"}],"author":[{"embeddable":true,"href":"https:\/\/vcwolfurt.at\/index.php\/wp-json\/wp\/v2\/users\/4"}],"replies":[{"embeddable":true,"href":"https:\/\/vcwolfurt.at\/index.php\/wp-json\/wp\/v2\/comments?post=1589"}],"version-history":[{"count":4,"href":"https:\/\/vcwolfurt.at\/index.php\/wp-json\/wp\/v2\/pages\/1589\/revisions"}],"predecessor-version":[{"id":2442,"href":"https:\/\/vcwolfurt.at\/index.php\/wp-json\/wp\/v2\/pages\/1589\/revisions\/2442"}],"wp:attachment":[{"href":"https:\/\/vcwolfurt.at\/index.php\/wp-json\/wp\/v2\/media?parent=1589"}],"curies":[{"name":"wp","href":"https:\/\/api.w.org\/{rel}","templated":true}]}}