{"id":164,"date":"2018-03-11T22:46:12","date_gmt":"2018-03-11T21:46:12","guid":{"rendered":"http:\/\/new.vcwolfurt.at\/?page_id=164"},"modified":"2018-04-18T13:17:02","modified_gmt":"2018-04-18T11:17:02","slug":"eckdaten","status":"publish","type":"page","link":"https:\/\/vcwolfurt.at\/index.php\/eckdaten\/","title":{"rendered":"Eckdaten"},"content":{"rendered":"<p>Die Damenmannschaft spielte \u00fcber mehrere Jahre in der 1. Bundesliga. Die Herren spielen seit Jahren in der 2. Bundesliga Nord, zwar gab es in der Saison 16\/17 ein Jahr Pause. Dies lag aber lediglich an Personalgr\u00fcnden, sportlich wurde der Klassenerhalt geschafft.<\/p>\n<p>Der Raiffeisen VC Wolfurt setzt vor allem auf eine starke Jugendarbeit, sowohl bei den Damen als auch bei den Herren, dies ist in Vorarlberg einzigartig. Bei den Burschen wird jedes Jahr von U11 bis U19 fast jeder Titel gewonnen und im Jahr 2015 konnten sich die U15 Burschen zum \u00d6sterreichischen Meister k\u00fcren. Die Damen zeigen,  nach sportlicher Umstrukturieren vor der Saison 17\/18, eine tolle Leistungssteigerung und wir werden weiter daran arbeiten um auch mit den Damen langfristig in einer h\u00f6heren Liga zu spielen.<\/p>\n<p>Das Highlight beim Raiffeisen Volleyball Club Wolfurt ist j\u00e4hrliche die Wolfurttrophy, ein internationales Beachvolleyballturnier mit den \u00f6sterreichischen Spitzenteams und Teams der World-Tour. Nach dem Beachvolleyball Grand Slam in Wien ist die Wolfurttrophy das zweitgr\u00f6\u00dfte Turnier \u00d6sterreichs und ein wichtiger Bestandteil der Austrian Beachtour <\/p>\n<p>\u201eVolleyball ist mit 998millionen Aktiven weltweit die meistgespielte Sportart\u201c<\/p>\n<p>@FIVB<\/p>\n","protected":false},"excerpt":{"rendered":"<p>Die Damenmannschaft spielte \u00fcber mehrere Jahre in der 1. Bundesliga. Die Herren spielen seit Jahren in der 2. Bundesliga Nord, zwar gab es in der Saison 16\/17 ein Jahr Pause. Dies lag aber lediglich an Personalgr\u00fcnden, sportlich wurde der Klassenerhalt geschafft. Der Raiffeisen VC Wolfurt setzt vor allem auf eine starke Jugendarbeit, sowohl bei den [&hellip;]<\/p>\n","protected":false},"author":1,"featured_media":0,"parent":0,"menu_order":0,"comment_status":"closed","ping_status":"closed","template":"","meta":{"footnotes":""},"class_list":["post-164","page","type-page","status-publish","hentry"],"_links":{"self":[{"href":"https:\/\/vcwolfurt.at\/index.php\/wp-json\/wp\/v2\/pages\/164","targetHints":{"allow":["GET"]}}],"collection":[{"href":"https:\/\/vcwolfurt.at\/index.php\/wp-json\/wp\/v2\/pages"}],"about":[{"href":"https:\/\/vcwolfurt.at\/index.php\/wp-json\/wp\/v2\/types\/page"}],"author":[{"embeddable":true,"href":"https:\/\/vcwolfurt.at\/index.php\/wp-json\/wp\/v2\/users\/1"}],"replies":[{"embeddable":true,"href":"https:\/\/vcwolfurt.at\/index.php\/wp-json\/wp\/v2\/comments?post=164"}],"version-history":[{"count":4,"href":"https:\/\/vcwolfurt.at\/index.php\/wp-json\/wp\/v2\/pages\/164\/revisions"}],"predecessor-version":[{"id":784,"href":"https:\/\/vcwolfurt.at\/index.php\/wp-json\/wp\/v2\/pages\/164\/revisions\/784"}],"wp:attachment":[{"href":"https:\/\/vcwolfurt.at\/index.php\/wp-json\/wp\/v2\/media?parent=164"}],"curies":[{"name":"wp","href":"https:\/\/api.w.org\/{rel}","templated":true}]}}