{"id":166,"date":"2018-03-11T22:47:13","date_gmt":"2018-03-11T21:47:13","guid":{"rendered":"http:\/\/new.vcwolfurt.at\/?page_id=166"},"modified":"2018-04-18T13:17:38","modified_gmt":"2018-04-18T11:17:38","slug":"spielstaetten","status":"publish","type":"page","link":"https:\/\/vcwolfurt.at\/index.php\/spielstaetten\/","title":{"rendered":"Spiel- und Trainingsst\u00e4tten"},"content":{"rendered":"<h3>Hofsteigsporthalle Wolfurt<\/h3>\n<p>Sporthallenstr. 1<br \/>\n6922 Wolfurt<br \/>\n350 Sitzpl\u00e4tze, ca. 250 Stehpl\u00e4tze<\/p>\n<hr>\n<h3>Volksschule B\u00fctze<\/h3>\n<p>Montfortstr. 14<br \/>\n6922 Wolfurt<br \/>\nca. 250 Stehpl\u00e4tze<\/p>\n<hr>\n<h3>Volksschule M\u00e4hdle<\/h3>\n<p>M\u00e4hdlestr. 27<br \/>\n6922 Wolfurt<\/p>\n","protected":false},"excerpt":{"rendered":"<p>Hofsteigsporthalle Wolfurt Sporthallenstr. 1 6922 Wolfurt 350 Sitzpl\u00e4tze, ca. 250 Stehpl\u00e4tze Volksschule B\u00fctze Montfortstr. 14 6922 Wolfurt ca. 250 Stehpl\u00e4tze Volksschule M\u00e4hdle M\u00e4hdlestr. 27 6922 Wolfurt<\/p>\n","protected":false},"author":1,"featured_media":0,"parent":0,"menu_order":0,"comment_status":"closed","ping_status":"closed","template":"","meta":{"footnotes":""},"class_list":["post-166","page","type-page","status-publish","hentry"],"_links":{"self":[{"href":"https:\/\/vcwolfurt.at\/index.php\/wp-json\/wp\/v2\/pages\/166","targetHints":{"allow":["GET"]}}],"collection":[{"href":"https:\/\/vcwolfurt.at\/index.php\/wp-json\/wp\/v2\/pages"}],"about":[{"href":"https:\/\/vcwolfurt.at\/index.php\/wp-json\/wp\/v2\/types\/page"}],"author":[{"embeddable":true,"href":"https:\/\/vcwolfurt.at\/index.php\/wp-json\/wp\/v2\/users\/1"}],"replies":[{"embeddable":true,"href":"https:\/\/vcwolfurt.at\/index.php\/wp-json\/wp\/v2\/comments?post=166"}],"version-history":[{"count":14,"href":"https:\/\/vcwolfurt.at\/index.php\/wp-json\/wp\/v2\/pages\/166\/revisions"}],"predecessor-version":[{"id":785,"href":"https:\/\/vcwolfurt.at\/index.php\/wp-json\/wp\/v2\/pages\/166\/revisions\/785"}],"wp:attachment":[{"href":"https:\/\/vcwolfurt.at\/index.php\/wp-json\/wp\/v2\/media?parent=166"}],"curies":[{"name":"wp","href":"https:\/\/api.w.org\/{rel}","templated":true}]}}