{"id":1792,"date":"2022-09-20T08:12:13","date_gmt":"2022-09-20T06:12:13","guid":{"rendered":"https:\/\/vcwolfurt.at\/?page_id=1792"},"modified":"2022-09-20T08:12:13","modified_gmt":"2022-09-20T06:12:13","slug":"christof-meier","status":"publish","type":"page","link":"https:\/\/vcwolfurt.at\/index.php\/christof-meier\/","title":{"rendered":"Christof Meier"},"content":{"rendered":"<div class=\"row\" style=\"background-color: #d8d9da;\">\n<div class=\"col-sm-2 col-xs-5 col-sm-offset-0\" style=\"padding: 0;\">\n<p><img loading=\"lazy\" decoding=\"async\" class=\"alignnone wp-image-1780 size-large\" src=\"https:\/\/vcwolfurt.at\/wp-content\/uploads\/2022\/09\/RaiffeisenVCWolfurt_Maennlich_Meier_Christof-676x1024.png\" alt=\"\" width=\"676\" height=\"1024\" srcset=\"https:\/\/vcwolfurt.at\/wp-content\/uploads\/2022\/09\/RaiffeisenVCWolfurt_Maennlich_Meier_Christof-676x1024.png 676w, https:\/\/vcwolfurt.at\/wp-content\/uploads\/2022\/09\/RaiffeisenVCWolfurt_Maennlich_Meier_Christof-198x300.png 198w, https:\/\/vcwolfurt.at\/wp-content\/uploads\/2022\/09\/RaiffeisenVCWolfurt_Maennlich_Meier_Christof-768x1163.png 768w, https:\/\/vcwolfurt.at\/wp-content\/uploads\/2022\/09\/RaiffeisenVCWolfurt_Maennlich_Meier_Christof-1014x1536.png 1014w, https:\/\/vcwolfurt.at\/wp-content\/uploads\/2022\/09\/RaiffeisenVCWolfurt_Maennlich_Meier_Christof.png 1196w\" sizes=\"auto, (max-width: 676px) 100vw, 676px\" \/><\/p>\n<\/div>\n<div class=\"col-sm-9 col-xs-7 col-sm-offset-0\" style=\"background-color: #d8d9da; padding: 0;\">\n<div class=\"col-xs-12\" style=\"padding: 0.8em; padding-left: 2em;\">\n<h1>Nr. 13<\/h1>\n<\/div>\n<div class=\"col-xs-12\" style=\"padding: 0.8em; padding-left: 2em;\">\n<h2>Meier Christof<\/h2>\n<p>&nbsp;<\/p>\n<h3>Libero<\/h3>\n<\/div>\n<\/div>\n<\/div>\n<p>&nbsp;<\/p>\n<div class=\"row player-type\">\n<table class=\"player-list\">\n<tbody>\n<tr>\n<td>Geburtsdatum<\/td>\n<td>17.12.2003<\/td>\n<\/tr>\n<tr>\n<td>Wohnort<\/td>\n<td>G\u00f6fis<\/td>\n<\/tr>\n<tr>\n<td>Beruf<\/td>\n<td>Sch\u00fcler<\/td>\n<\/tr>\n<tr>\n<td>Funktion im Verein<\/td>\n<td>Spieler<\/td>\n<\/tr>\n<tr>\n<td>Lieblingsessen<\/td>\n<td>Spagetthi<\/td>\n<\/tr>\n<tr>\n<td>Lieblingsgetr\u00e4nk<\/td>\n<td>Orangensaft<\/td>\n<\/tr>\n<tr>\n<td>Beschreibt sich selbst als<\/td>\n<td>h\u00f6flich, sympathisch, hilfsbereit<\/td>\n<\/tr>\n<tr>\n<td>Gr\u00f6\u00dfe<\/td>\n<td>180 cm<\/td>\n<\/tr>\n<tr>\n<td>Position<\/td>\n<td>Libero<\/td>\n<\/tr>\n<tr>\n<td>Spielt Volleyball seit<\/td>\n<td>2011<\/td>\n<\/tr>\n<tr>\n<td>Ist bei Wolfurt seit<\/td>\n<td>2018<\/td>\n<\/tr>\n<\/tbody>\n<\/table>\n<\/div>\n","protected":false},"excerpt":{"rendered":"<p>Nr. 13 Meier Christof &nbsp; Libero &nbsp; Geburtsdatum 17.12.2003 Wohnort G\u00f6fis Beruf Sch\u00fcler Funktion im Verein Spieler Lieblingsessen Spagetthi Lieblingsgetr\u00e4nk Orangensaft Beschreibt sich selbst als h\u00f6flich, sympathisch, hilfsbereit Gr\u00f6\u00dfe 180 cm Position Libero Spielt Volleyball seit 2011 Ist bei Wolfurt seit 2018<\/p>\n","protected":false},"author":4,"featured_media":0,"parent":0,"menu_order":0,"comment_status":"closed","ping_status":"closed","template":"","meta":{"footnotes":""},"class_list":["post-1792","page","type-page","status-publish","hentry"],"_links":{"self":[{"href":"https:\/\/vcwolfurt.at\/index.php\/wp-json\/wp\/v2\/pages\/1792","targetHints":{"allow":["GET"]}}],"collection":[{"href":"https:\/\/vcwolfurt.at\/index.php\/wp-json\/wp\/v2\/pages"}],"about":[{"href":"https:\/\/vcwolfurt.at\/index.php\/wp-json\/wp\/v2\/types\/page"}],"author":[{"embeddable":true,"href":"https:\/\/vcwolfurt.at\/index.php\/wp-json\/wp\/v2\/users\/4"}],"replies":[{"embeddable":true,"href":"https:\/\/vcwolfurt.at\/index.php\/wp-json\/wp\/v2\/comments?post=1792"}],"version-history":[{"count":1,"href":"https:\/\/vcwolfurt.at\/index.php\/wp-json\/wp\/v2\/pages\/1792\/revisions"}],"predecessor-version":[{"id":1793,"href":"https:\/\/vcwolfurt.at\/index.php\/wp-json\/wp\/v2\/pages\/1792\/revisions\/1793"}],"wp:attachment":[{"href":"https:\/\/vcwolfurt.at\/index.php\/wp-json\/wp\/v2\/media?parent=1792"}],"curies":[{"name":"wp","href":"https:\/\/api.w.org\/{rel}","templated":true}]}}