{"id":1982,"date":"2022-11-22T08:18:38","date_gmt":"2022-11-22T07:18:38","guid":{"rendered":"https:\/\/vcwolfurt.at\/?page_id=1982"},"modified":"2024-01-09T16:37:36","modified_gmt":"2024-01-09T15:37:36","slug":"emilia-sammer","status":"publish","type":"page","link":"https:\/\/vcwolfurt.at\/index.php\/emilia-sammer\/","title":{"rendered":"Emilia Sammer"},"content":{"rendered":"<p>&nbsp;<\/p>\n<div class=\"row\" style=\"background-color: #d8d9da;\">\n<div class=\"col-sm-2 col-xs-5 col-sm-offset-0\" style=\"padding: 0;\">\n<p><img loading=\"lazy\" decoding=\"async\" class=\"alignnone wp-image-2386 size-full\" src=\"https:\/\/vcwolfurt.at\/wp-content\/uploads\/2024\/01\/DSCF0396.png\" alt=\"\" width=\"1000\" height=\"1395\" srcset=\"https:\/\/vcwolfurt.at\/wp-content\/uploads\/2024\/01\/DSCF0396.png 1000w, https:\/\/vcwolfurt.at\/wp-content\/uploads\/2024\/01\/DSCF0396-215x300.png 215w, https:\/\/vcwolfurt.at\/wp-content\/uploads\/2024\/01\/DSCF0396-734x1024.png 734w, https:\/\/vcwolfurt.at\/wp-content\/uploads\/2024\/01\/DSCF0396-768x1071.png 768w\" sizes=\"auto, (max-width: 1000px) 100vw, 1000px\" \/><\/p>\n<\/div>\n<div class=\"col-sm-9 col-xs-7 col-sm-offset-0\" style=\"background-color: #d8d9da; padding: 0;\">\n<div class=\"col-xs-12\" style=\"padding: 0.8em; padding-left: 2em;\">\n<h1>Nr.<\/h1>\n<\/div>\n<div class=\"col-xs-12\" style=\"padding: 0.8em; padding-left: 2em;\">\n<h2>SAMMER Emilia<\/h2>\n<p>&nbsp;<\/p>\n<h3>Au\u00dfen \/Diagonal<\/h3>\n<\/div>\n<\/div>\n<\/div>\n<p>&nbsp;<\/p>\n<div class=\"row player-type\">\n<table class=\"player-list\" style=\"width: 52.1787%; height: 258px;\">\n<tbody>\n<tr style=\"height: 24px;\">\n<td style=\"height: 25px; width: 42.6305%;\">Geburtsdatum<\/td>\n<td style=\"height: 25px; width: 90.2908%;\">19.07.2002<\/td>\n<\/tr>\n<tr style=\"height: 24px;\">\n<td style=\"height: 24px; width: 42.6305%;\">Wohnort<\/td>\n<td style=\"height: 24px; width: 90.2908%;\">Wolfurt<\/td>\n<\/tr>\n<tr style=\"height: 24px;\">\n<td style=\"height: 24px; width: 42.6305%;\">Beruf<\/td>\n<td style=\"height: 24px; width: 90.2908%;\">Studentin<\/td>\n<\/tr>\n<tr style=\"height: 24px;\">\n<td style=\"height: 24px; width: 42.6305%;\">Funktion im Verein<\/td>\n<td style=\"height: 24px; width: 90.2908%;\">Spielerin<\/td>\n<\/tr>\n<tr style=\"height: 24px;\">\n<td style=\"height: 24px; width: 42.6305%;\">Lieblingsessen<\/td>\n<td style=\"height: 24px; width: 90.2908%;\">Lasagne<\/td>\n<\/tr>\n<tr style=\"height: 24px;\">\n<td style=\"height: 26px; width: 42.6305%;\">Lieblingsgetr\u00e4nk<\/td>\n<td style=\"height: 26px; width: 90.2908%;\">Soda Zitrone<\/td>\n<\/tr>\n<tr style=\"height: 24px;\">\n<td style=\"height: 19px; width: 42.6305%;\">Meine Mannschaft beschreibt mich als<\/td>\n<td style=\"height: 19px; width: 90.2908%;\"><\/td>\n<\/tr>\n<tr style=\"height: 24px;\">\n<td style=\"height: 24px; width: 42.6305%;\">Gr\u00f6\u00dfe<\/td>\n<td style=\"height: 24px; width: 90.2908%;\">168cm<\/td>\n<\/tr>\n<tr style=\"height: 22px;\">\n<td style=\"height: 22px; width: 42.6305%;\">Position<\/td>\n<td style=\"height: 22px; width: 90.2908%;\">Au\u00dfen Diagonal<\/td>\n<\/tr>\n<tr style=\"height: 24px;\">\n<td style=\"height: 22px; width: 42.6305%;\">Spielt Volleyball seit<\/td>\n<td style=\"height: 22px; width: 90.2908%;\">2012<\/td>\n<\/tr>\n<tr style=\"height: 24px;\">\n<td style=\"height: 24px; width: 42.6305%;\">Ist bei Wolfurt seit<\/td>\n<td style=\"height: 24px; width: 90.2908%;\">einmal Wolfurt, immer Wolfurt (mit Pause)<\/td>\n<\/tr>\n<\/tbody>\n<\/table>\n<p>&nbsp;<\/p>\n<\/div>\n","protected":false},"excerpt":{"rendered":"<p>&nbsp; Nr. SAMMER Emilia &nbsp; Au\u00dfen \/Diagonal &nbsp; Geburtsdatum 19.07.2002 Wohnort Wolfurt Beruf Studentin Funktion im Verein Spielerin Lieblingsessen Lasagne Lieblingsgetr\u00e4nk Soda Zitrone Meine Mannschaft beschreibt mich als Gr\u00f6\u00dfe 168cm Position Au\u00dfen Diagonal Spielt Volleyball seit 2012 Ist bei Wolfurt seit einmal Wolfurt, immer Wolfurt (mit Pause) &nbsp;<\/p>\n","protected":false},"author":4,"featured_media":0,"parent":0,"menu_order":0,"comment_status":"closed","ping_status":"closed","template":"","meta":{"footnotes":""},"class_list":["post-1982","page","type-page","status-publish","hentry"],"_links":{"self":[{"href":"https:\/\/vcwolfurt.at\/index.php\/wp-json\/wp\/v2\/pages\/1982","targetHints":{"allow":["GET"]}}],"collection":[{"href":"https:\/\/vcwolfurt.at\/index.php\/wp-json\/wp\/v2\/pages"}],"about":[{"href":"https:\/\/vcwolfurt.at\/index.php\/wp-json\/wp\/v2\/types\/page"}],"author":[{"embeddable":true,"href":"https:\/\/vcwolfurt.at\/index.php\/wp-json\/wp\/v2\/users\/4"}],"replies":[{"embeddable":true,"href":"https:\/\/vcwolfurt.at\/index.php\/wp-json\/wp\/v2\/comments?post=1982"}],"version-history":[{"count":3,"href":"https:\/\/vcwolfurt.at\/index.php\/wp-json\/wp\/v2\/pages\/1982\/revisions"}],"predecessor-version":[{"id":2447,"href":"https:\/\/vcwolfurt.at\/index.php\/wp-json\/wp\/v2\/pages\/1982\/revisions\/2447"}],"wp:attachment":[{"href":"https:\/\/vcwolfurt.at\/index.php\/wp-json\/wp\/v2\/media?parent=1982"}],"curies":[{"name":"wp","href":"https:\/\/api.w.org\/{rel}","templated":true}]}}