{"id":2201,"date":"2024-01-09T16:29:26","date_gmt":"2024-01-09T15:29:26","guid":{"rendered":"https:\/\/vcwolfurt.at\/?page_id=2201"},"modified":"2024-01-09T16:30:08","modified_gmt":"2024-01-09T15:30:08","slug":"costa-leonie","status":"publish","type":"page","link":"https:\/\/vcwolfurt.at\/index.php\/costa-leonie\/","title":{"rendered":"Costa Leonie"},"content":{"rendered":"<div class=\"row\" style=\"background-color: #d8d9da;\">\n<div class=\"col-sm-2 col-xs-5 col-sm-offset-0\" style=\"padding: 0;\">\n<p><img loading=\"lazy\" decoding=\"async\" class=\"alignnone wp-image-2391 size-full\" src=\"https:\/\/vcwolfurt.at\/wp-content\/uploads\/2024\/01\/DSCF0409.png\" alt=\"\" width=\"1000\" height=\"1562\" srcset=\"https:\/\/vcwolfurt.at\/wp-content\/uploads\/2024\/01\/DSCF0409.png 1000w, https:\/\/vcwolfurt.at\/wp-content\/uploads\/2024\/01\/DSCF0409-192x300.png 192w, https:\/\/vcwolfurt.at\/wp-content\/uploads\/2024\/01\/DSCF0409-656x1024.png 656w, https:\/\/vcwolfurt.at\/wp-content\/uploads\/2024\/01\/DSCF0409-768x1200.png 768w, https:\/\/vcwolfurt.at\/wp-content\/uploads\/2024\/01\/DSCF0409-983x1536.png 983w\" sizes=\"auto, (max-width: 1000px) 100vw, 1000px\" \/><\/p>\n<\/div>\n<div class=\"col-sm-9 col-xs-7 col-sm-offset-0\" style=\"background-color: #d8d9da; padding: 0;\">\n<div class=\"col-xs-12\" style=\"padding: 0.8em; padding-left: 2em;\">\n<h1>Nr. 6<\/h1>\n<\/div>\n<div class=\"col-xs-12\" style=\"padding: 0.8em; padding-left: 2em;\">\n<h2>Costa Leonie<\/h2>\n<p>&nbsp;<\/p>\n<h3>Zuspielerin<\/h3>\n<\/div>\n<\/div>\n<\/div>\n<p>&nbsp;<\/p>\n<div class=\"row player-type\">\n<table class=\"player-list\" style=\"width: 37.3066%;\">\n<tbody>\n<tr>\n<td style=\"width: 44.25%;\">Spitzname<\/td>\n<td style=\"width: 81.4722%;\">Leo<\/td>\n<\/tr>\n<tr>\n<td style=\"width: 44.25%;\">Geburtsdatum<\/td>\n<td style=\"width: 81.4722%;\">08.10.2006<\/td>\n<\/tr>\n<tr>\n<td style=\"width: 44.25%;\">Wohnort<\/td>\n<td style=\"width: 81.4722%;\">Wolfurt<\/td>\n<\/tr>\n<tr>\n<td style=\"width: 44.25%;\">Beruf<\/td>\n<td style=\"width: 81.4722%;\">Sch\u00fclerin<\/td>\n<\/tr>\n<tr>\n<td style=\"width: 44.25%;\">Funktion im Verein<\/td>\n<td style=\"width: 81.4722%;\">Spielerin<\/td>\n<\/tr>\n<tr>\n<td style=\"width: 44.25%;\">Lieblingsessen<\/td>\n<td style=\"width: 81.4722%;\">Pizza<\/td>\n<\/tr>\n<tr>\n<td style=\"width: 44.25%;\">Lieblingsgetr\u00e4nk<\/td>\n<td style=\"width: 81.4722%;\">Apfelsaft<\/td>\n<\/tr>\n<tr>\n<td style=\"width: 44.25%;\">Beschreibt sich selbst als<\/td>\n<td style=\"width: 81.4722%;\">passiv aggressiv und lustig<\/td>\n<\/tr>\n<tr>\n<td style=\"width: 44.25%;\">Gr\u00f6\u00dfe<\/td>\n<td style=\"width: 81.4722%;\">168cm<\/td>\n<\/tr>\n<tr>\n<td style=\"width: 44.25%;\">Position<\/td>\n<td style=\"width: 81.4722%;\">Zuspielerin<\/td>\n<\/tr>\n<tr>\n<td style=\"width: 44.25%;\">Spielt Volleyball seit<\/td>\n<td style=\"width: 81.4722%;\">2016<\/td>\n<\/tr>\n<tr>\n<td style=\"width: 44.25%;\">Ist bei Wolfurt seit<\/td>\n<td style=\"width: 81.4722%;\">2016<\/td>\n<\/tr>\n<\/tbody>\n<\/table>\n<\/div>\n","protected":false},"excerpt":{"rendered":"<p>Nr. 6 Costa Leonie &nbsp; Zuspielerin &nbsp; Spitzname Leo Geburtsdatum 08.10.2006 Wohnort Wolfurt Beruf Sch\u00fclerin Funktion im Verein Spielerin Lieblingsessen Pizza Lieblingsgetr\u00e4nk Apfelsaft Beschreibt sich selbst als passiv aggressiv und lustig Gr\u00f6\u00dfe 168cm Position Zuspielerin Spielt Volleyball seit 2016 Ist bei Wolfurt seit 2016<\/p>\n","protected":false},"author":4,"featured_media":0,"parent":0,"menu_order":0,"comment_status":"closed","ping_status":"closed","template":"","meta":{"footnotes":""},"class_list":["post-2201","page","type-page","status-publish","hentry"],"_links":{"self":[{"href":"https:\/\/vcwolfurt.at\/index.php\/wp-json\/wp\/v2\/pages\/2201","targetHints":{"allow":["GET"]}}],"collection":[{"href":"https:\/\/vcwolfurt.at\/index.php\/wp-json\/wp\/v2\/pages"}],"about":[{"href":"https:\/\/vcwolfurt.at\/index.php\/wp-json\/wp\/v2\/types\/page"}],"author":[{"embeddable":true,"href":"https:\/\/vcwolfurt.at\/index.php\/wp-json\/wp\/v2\/users\/4"}],"replies":[{"embeddable":true,"href":"https:\/\/vcwolfurt.at\/index.php\/wp-json\/wp\/v2\/comments?post=2201"}],"version-history":[{"count":2,"href":"https:\/\/vcwolfurt.at\/index.php\/wp-json\/wp\/v2\/pages\/2201\/revisions"}],"predecessor-version":[{"id":2439,"href":"https:\/\/vcwolfurt.at\/index.php\/wp-json\/wp\/v2\/pages\/2201\/revisions\/2439"}],"wp:attachment":[{"href":"https:\/\/vcwolfurt.at\/index.php\/wp-json\/wp\/v2\/media?parent=2201"}],"curies":[{"name":"wp","href":"https:\/\/api.w.org\/{rel}","templated":true}]}}