{"id":2207,"date":"2024-01-09T16:28:05","date_gmt":"2024-01-09T15:28:05","guid":{"rendered":"https:\/\/vcwolfurt.at\/?page_id=2207"},"modified":"2024-01-09T16:34:01","modified_gmt":"2024-01-09T15:34:01","slug":"linder-fabiola","status":"publish","type":"page","link":"https:\/\/vcwolfurt.at\/index.php\/linder-fabiola\/","title":{"rendered":"Linder Fabiola"},"content":{"rendered":"<div class=\"row\" style=\"background-color: #d8d9da;\">\n<div class=\"col-sm-2 col-xs-5 col-sm-offset-0\" style=\"padding: 0;\">\n<p><img loading=\"lazy\" decoding=\"async\" class=\"alignnone wp-image-2406 size-full\" src=\"https:\/\/vcwolfurt.at\/wp-content\/uploads\/2024\/01\/DSCF0420.png\" alt=\"\" width=\"1000\" height=\"1386\" srcset=\"https:\/\/vcwolfurt.at\/wp-content\/uploads\/2024\/01\/DSCF0420.png 1000w, https:\/\/vcwolfurt.at\/wp-content\/uploads\/2024\/01\/DSCF0420-216x300.png 216w, https:\/\/vcwolfurt.at\/wp-content\/uploads\/2024\/01\/DSCF0420-739x1024.png 739w, https:\/\/vcwolfurt.at\/wp-content\/uploads\/2024\/01\/DSCF0420-768x1064.png 768w\" sizes=\"auto, (max-width: 1000px) 100vw, 1000px\" \/><\/p>\n<\/div>\n<div class=\"col-sm-9 col-xs-7 col-sm-offset-0\" style=\"background-color: #d8d9da; padding: 0;\">\n<div class=\"col-xs-12\" style=\"padding: 0.8em; padding-left: 2em;\">\n<h1>Nr. 9<\/h1>\n<\/div>\n<div class=\"col-xs-12\" style=\"padding: 0.8em; padding-left: 2em;\">\n<h2>Linder Fabiola (C)<\/h2>\n<p>&nbsp;<\/p>\n<h3>Libera<\/h3>\n<\/div>\n<\/div>\n<\/div>\n<p>&nbsp;<\/p>\n<div class=\"row player-type\">\n<table class=\"player-list\" style=\"width: 37.3066%; height: 288px;\">\n<tbody>\n<tr style=\"height: 24px;\">\n<td style=\"width: 44.25%; height: 24px;\">Spitzname<\/td>\n<td style=\"width: 81.4722%; height: 24px;\">Fabi<\/td>\n<\/tr>\n<tr style=\"height: 24px;\">\n<td style=\"width: 44.25%; height: 24px;\">Geburtsdatum<\/td>\n<td style=\"width: 81.4722%; height: 24px;\">10.04.2007<\/td>\n<\/tr>\n<tr style=\"height: 24px;\">\n<td style=\"width: 44.25%; height: 24px;\">Wohnort<\/td>\n<td style=\"width: 81.4722%; height: 24px;\">Wolfurt<\/td>\n<\/tr>\n<tr style=\"height: 24px;\">\n<td style=\"width: 44.25%; height: 24px;\">Beruf<\/td>\n<td style=\"width: 81.4722%; height: 24px;\">Sch\u00fclerin<\/td>\n<\/tr>\n<tr style=\"height: 24px;\">\n<td style=\"width: 44.25%; height: 24px;\">Funktion im Verein<\/td>\n<td style=\"width: 81.4722%; height: 24px;\">Spielerin<\/td>\n<\/tr>\n<tr style=\"height: 24px;\">\n<td style=\"width: 44.25%; height: 24px;\">Lieblingsessen<\/td>\n<td style=\"width: 81.4722%; height: 24px;\">Sp\u00e4tzle mit Sauce<\/td>\n<\/tr>\n<tr style=\"height: 24px;\">\n<td style=\"width: 44.25%; height: 24px;\">Lieblingsgetr\u00e4nk<\/td>\n<td style=\"width: 81.4722%; height: 24px;\">Wasser<\/td>\n<\/tr>\n<tr style=\"height: 24px;\">\n<td style=\"width: 44.25%; height: 24px;\">Beschreibt sich selbst als<\/td>\n<td style=\"width: 81.4722%; height: 24px;\">Zwerg und Chefin<\/td>\n<\/tr>\n<tr style=\"height: 24px;\">\n<td style=\"width: 44.25%; height: 24px;\">Gr\u00f6\u00dfe<\/td>\n<td style=\"width: 81.4722%; height: 24px;\">155cm<\/td>\n<\/tr>\n<tr style=\"height: 24px;\">\n<td style=\"width: 44.25%; height: 24px;\">Position<\/td>\n<td style=\"width: 81.4722%; height: 24px;\">Libera<\/td>\n<\/tr>\n<tr style=\"height: 24px;\">\n<td style=\"width: 44.25%; height: 24px;\">Spielt Volleyball seit<\/td>\n<td style=\"width: 81.4722%; height: 24px;\">2016<\/td>\n<\/tr>\n<tr style=\"height: 24px;\">\n<td style=\"width: 44.25%; height: 24px;\">Ist bei Wolfurt seit<\/td>\n<td style=\"width: 81.4722%; height: 24px;\">2016<\/td>\n<\/tr>\n<\/tbody>\n<\/table>\n<\/div>\n","protected":false},"excerpt":{"rendered":"<p>Nr. 9 Linder Fabiola (C) &nbsp; Libera &nbsp; Spitzname Fabi Geburtsdatum 10.04.2007 Wohnort Wolfurt Beruf Sch\u00fclerin Funktion im Verein Spielerin Lieblingsessen Sp\u00e4tzle mit Sauce Lieblingsgetr\u00e4nk Wasser Beschreibt sich selbst als Zwerg und Chefin Gr\u00f6\u00dfe 155cm Position Libera Spielt Volleyball seit 2016 Ist bei Wolfurt seit 2016<\/p>\n","protected":false},"author":4,"featured_media":0,"parent":0,"menu_order":0,"comment_status":"closed","ping_status":"closed","template":"","meta":{"footnotes":""},"class_list":["post-2207","page","type-page","status-publish","hentry"],"_links":{"self":[{"href":"https:\/\/vcwolfurt.at\/index.php\/wp-json\/wp\/v2\/pages\/2207","targetHints":{"allow":["GET"]}}],"collection":[{"href":"https:\/\/vcwolfurt.at\/index.php\/wp-json\/wp\/v2\/pages"}],"about":[{"href":"https:\/\/vcwolfurt.at\/index.php\/wp-json\/wp\/v2\/types\/page"}],"author":[{"embeddable":true,"href":"https:\/\/vcwolfurt.at\/index.php\/wp-json\/wp\/v2\/users\/4"}],"replies":[{"embeddable":true,"href":"https:\/\/vcwolfurt.at\/index.php\/wp-json\/wp\/v2\/comments?post=2207"}],"version-history":[{"count":3,"href":"https:\/\/vcwolfurt.at\/index.php\/wp-json\/wp\/v2\/pages\/2207\/revisions"}],"predecessor-version":[{"id":2441,"href":"https:\/\/vcwolfurt.at\/index.php\/wp-json\/wp\/v2\/pages\/2207\/revisions\/2441"}],"wp:attachment":[{"href":"https:\/\/vcwolfurt.at\/index.php\/wp-json\/wp\/v2\/media?parent=2207"}],"curies":[{"name":"wp","href":"https:\/\/api.w.org\/{rel}","templated":true}]}}