{"id":2211,"date":"2024-01-09T16:47:49","date_gmt":"2024-01-09T15:47:49","guid":{"rendered":"https:\/\/vcwolfurt.at\/?page_id=2211"},"modified":"2024-01-09T16:47:49","modified_gmt":"2024-01-09T15:47:49","slug":"cinar-irem","status":"publish","type":"page","link":"https:\/\/vcwolfurt.at\/index.php\/cinar-irem\/","title":{"rendered":"Cinar Irem"},"content":{"rendered":"<div class=\"row\" style=\"background-color: #d8d9da;\">\n<div class=\"col-sm-2 col-xs-5 col-sm-offset-0\" style=\"padding: 0;\">\n<p><img loading=\"lazy\" decoding=\"async\" class=\"alignnone wp-image-2418 size-full\" src=\"https:\/\/vcwolfurt.at\/wp-content\/uploads\/2024\/01\/DSCF0444.png\" alt=\"\" width=\"1000\" height=\"1367\" srcset=\"https:\/\/vcwolfurt.at\/wp-content\/uploads\/2024\/01\/DSCF0444.png 1000w, https:\/\/vcwolfurt.at\/wp-content\/uploads\/2024\/01\/DSCF0444-219x300.png 219w, https:\/\/vcwolfurt.at\/wp-content\/uploads\/2024\/01\/DSCF0444-749x1024.png 749w, https:\/\/vcwolfurt.at\/wp-content\/uploads\/2024\/01\/DSCF0444-768x1050.png 768w\" sizes=\"auto, (max-width: 1000px) 100vw, 1000px\" \/><\/p>\n<\/div>\n<div class=\"col-sm-9 col-xs-7 col-sm-offset-0\" style=\"background-color: #d8d9da; padding: 0;\">\n<div class=\"col-xs-12\" style=\"padding: 0.8em; padding-left: 2em;\">\n<h1>Nr. 11<\/h1>\n<\/div>\n<div class=\"col-xs-12\" style=\"padding: 0.8em; padding-left: 2em;\">\n<h2>Cinar Irem<\/h2>\n<p>&nbsp;<\/p>\n<h3>Mittelblock<\/h3>\n<\/div>\n<\/div>\n<\/div>\n<p>&nbsp;<\/p>\n<div class=\"row player-type\">\n<table class=\"player-list\" style=\"width: 37.3066%;\">\n<tbody>\n<tr>\n<td style=\"width: 44.25%;\">Spitzname<\/td>\n<td style=\"width: 81.4722%;\">Irem<\/td>\n<\/tr>\n<tr>\n<td style=\"width: 44.25%;\">Geburtsdatum<\/td>\n<td style=\"width: 81.4722%;\">09.03.2008<\/td>\n<\/tr>\n<tr>\n<td style=\"width: 44.25%;\">Wohnort<\/td>\n<td style=\"width: 81.4722%;\">Bregenz<\/td>\n<\/tr>\n<tr>\n<td style=\"width: 44.25%;\">Beruf<\/td>\n<td style=\"width: 81.4722%;\">Sch\u00fclerin<\/td>\n<\/tr>\n<tr>\n<td style=\"width: 44.25%;\">Funktion im Verein<\/td>\n<td style=\"width: 81.4722%;\">Spielerin<\/td>\n<\/tr>\n<tr>\n<td style=\"width: 44.25%;\">Lieblingsessen<\/td>\n<td style=\"width: 81.4722%;\">Pizza<\/td>\n<\/tr>\n<tr>\n<td style=\"width: 44.25%;\">Lieblingsgetr\u00e4nk<\/td>\n<td style=\"width: 81.4722%;\">Eistee Pfirsich<\/td>\n<\/tr>\n<tr>\n<td style=\"width: 44.25%;\">Beschreibt sich selbst als<\/td>\n<td style=\"width: 81.4722%;\">freundlich<\/td>\n<\/tr>\n<tr>\n<td style=\"width: 44.25%;\">Gr\u00f6\u00dfe<\/td>\n<td style=\"width: 81.4722%;\">171cm<\/td>\n<\/tr>\n<tr>\n<td style=\"width: 44.25%;\">Position<\/td>\n<td style=\"width: 81.4722%;\">Mittelblock<\/td>\n<\/tr>\n<tr>\n<td style=\"width: 44.25%;\">Spielt Volleyball seit<\/td>\n<td style=\"width: 81.4722%;\">2020<\/td>\n<\/tr>\n<tr>\n<td style=\"width: 44.25%;\">Ist bei Wolfurt seit<\/td>\n<td style=\"width: 81.4722%;\">2020<\/td>\n<\/tr>\n<\/tbody>\n<\/table>\n<\/div>\n","protected":false},"excerpt":{"rendered":"<p>Nr. 11 Cinar Irem &nbsp; Mittelblock &nbsp; Spitzname Irem Geburtsdatum 09.03.2008 Wohnort Bregenz Beruf Sch\u00fclerin Funktion im Verein Spielerin Lieblingsessen Pizza Lieblingsgetr\u00e4nk Eistee Pfirsich Beschreibt sich selbst als freundlich Gr\u00f6\u00dfe 171cm Position Mittelblock Spielt Volleyball seit 2020 Ist bei Wolfurt seit 2020<\/p>\n","protected":false},"author":4,"featured_media":0,"parent":0,"menu_order":0,"comment_status":"closed","ping_status":"closed","template":"","meta":{"footnotes":""},"class_list":["post-2211","page","type-page","status-publish","hentry"],"_links":{"self":[{"href":"https:\/\/vcwolfurt.at\/index.php\/wp-json\/wp\/v2\/pages\/2211","targetHints":{"allow":["GET"]}}],"collection":[{"href":"https:\/\/vcwolfurt.at\/index.php\/wp-json\/wp\/v2\/pages"}],"about":[{"href":"https:\/\/vcwolfurt.at\/index.php\/wp-json\/wp\/v2\/types\/page"}],"author":[{"embeddable":true,"href":"https:\/\/vcwolfurt.at\/index.php\/wp-json\/wp\/v2\/users\/4"}],"replies":[{"embeddable":true,"href":"https:\/\/vcwolfurt.at\/index.php\/wp-json\/wp\/v2\/comments?post=2211"}],"version-history":[{"count":2,"href":"https:\/\/vcwolfurt.at\/index.php\/wp-json\/wp\/v2\/pages\/2211\/revisions"}],"predecessor-version":[{"id":2464,"href":"https:\/\/vcwolfurt.at\/index.php\/wp-json\/wp\/v2\/pages\/2211\/revisions\/2464"}],"wp:attachment":[{"href":"https:\/\/vcwolfurt.at\/index.php\/wp-json\/wp\/v2\/media?parent=2211"}],"curies":[{"name":"wp","href":"https:\/\/api.w.org\/{rel}","templated":true}]}}