{"id":2218,"date":"2024-01-09T16:48:31","date_gmt":"2024-01-09T15:48:31","guid":{"rendered":"https:\/\/vcwolfurt.at\/?page_id=2218"},"modified":"2024-01-09T16:48:31","modified_gmt":"2024-01-09T15:48:31","slug":"karlinger-lavinia","status":"publish","type":"page","link":"https:\/\/vcwolfurt.at\/index.php\/karlinger-lavinia\/","title":{"rendered":"Karlinger Lavinia"},"content":{"rendered":"<div class=\"row\" style=\"background-color: #d8d9da;\">\n<div class=\"col-sm-2 col-xs-5 col-sm-offset-0\" style=\"padding: 0;\">\n<p><img loading=\"lazy\" decoding=\"async\" class=\"alignnone wp-image-2410 size-full\" src=\"https:\/\/vcwolfurt.at\/wp-content\/uploads\/2024\/01\/DSCF0428.png\" alt=\"\" width=\"1000\" height=\"1484\" srcset=\"https:\/\/vcwolfurt.at\/wp-content\/uploads\/2024\/01\/DSCF0428.png 1000w, https:\/\/vcwolfurt.at\/wp-content\/uploads\/2024\/01\/DSCF0428-202x300.png 202w, https:\/\/vcwolfurt.at\/wp-content\/uploads\/2024\/01\/DSCF0428-690x1024.png 690w, https:\/\/vcwolfurt.at\/wp-content\/uploads\/2024\/01\/DSCF0428-768x1140.png 768w\" sizes=\"auto, (max-width: 1000px) 100vw, 1000px\" \/><\/p>\n<\/div>\n<div class=\"col-sm-9 col-xs-7 col-sm-offset-0\" style=\"background-color: #d8d9da; padding: 0;\">\n<div class=\"col-xs-12\" style=\"padding: 0.8em; padding-left: 2em;\">\n<h1>Nr. 15<\/h1>\n<\/div>\n<div class=\"col-xs-12\" style=\"padding: 0.8em; padding-left: 2em;\">\n<h2>Karlinger Lavinia<\/h2>\n<p>&nbsp;<\/p>\n<h3>Mittelblock<\/h3>\n<\/div>\n<\/div>\n<\/div>\n<p>&nbsp;<\/p>\n<div class=\"row player-type\">\n<table class=\"player-list\" style=\"width: 37.3066%;\">\n<tbody>\n<tr>\n<td style=\"width: 44.25%;\">Spitzname<\/td>\n<td style=\"width: 81.4722%;\">Lavi<\/td>\n<\/tr>\n<tr>\n<td style=\"width: 44.25%;\">Geburtsdatum<\/td>\n<td style=\"width: 81.4722%;\">14.06.2009<\/td>\n<\/tr>\n<tr>\n<td style=\"width: 44.25%;\">Wohnort<\/td>\n<td style=\"width: 81.4722%;\">Wolfurt<\/td>\n<\/tr>\n<tr>\n<td style=\"width: 44.25%;\">Beruf<\/td>\n<td style=\"width: 81.4722%;\">Sch\u00fclerin<\/td>\n<\/tr>\n<tr>\n<td style=\"width: 44.25%;\">Funktion im Verein<\/td>\n<td style=\"width: 81.4722%;\">Spielerin<\/td>\n<\/tr>\n<tr>\n<td style=\"width: 44.25%;\">Lieblingsessen<\/td>\n<td style=\"width: 81.4722%;\">Pizza<\/td>\n<\/tr>\n<tr>\n<td style=\"width: 44.25%;\">Lieblingsgetr\u00e4nk<\/td>\n<td style=\"width: 81.4722%;\">Cola<\/td>\n<\/tr>\n<tr>\n<td style=\"width: 44.25%;\">Beschreibt sich selbst als<\/td>\n<td style=\"width: 81.4722%;\">freundlich<\/td>\n<\/tr>\n<tr>\n<td style=\"width: 44.25%;\">Gr\u00f6\u00dfe<\/td>\n<td style=\"width: 81.4722%;\">173cm<\/td>\n<\/tr>\n<tr>\n<td style=\"width: 44.25%;\">Position<\/td>\n<td style=\"width: 81.4722%;\">Mittelblock<\/td>\n<\/tr>\n<tr>\n<td style=\"width: 44.25%;\">Spielt Volleyball seit<\/td>\n<td style=\"width: 81.4722%;\">2017<\/td>\n<\/tr>\n<tr>\n<td style=\"width: 44.25%;\">Ist bei Wolfurt seit<\/td>\n<td style=\"width: 81.4722%;\">2017<\/td>\n<\/tr>\n<\/tbody>\n<\/table>\n<\/div>\n","protected":false},"excerpt":{"rendered":"<p>Nr. 15 Karlinger Lavinia &nbsp; Mittelblock &nbsp; Spitzname Lavi Geburtsdatum 14.06.2009 Wohnort Wolfurt Beruf Sch\u00fclerin Funktion im Verein Spielerin Lieblingsessen Pizza Lieblingsgetr\u00e4nk Cola Beschreibt sich selbst als freundlich Gr\u00f6\u00dfe 173cm Position Mittelblock Spielt Volleyball seit 2017 Ist bei Wolfurt seit 2017<\/p>\n","protected":false},"author":4,"featured_media":0,"parent":0,"menu_order":0,"comment_status":"closed","ping_status":"closed","template":"","meta":{"footnotes":""},"class_list":["post-2218","page","type-page","status-publish","hentry"],"_links":{"self":[{"href":"https:\/\/vcwolfurt.at\/index.php\/wp-json\/wp\/v2\/pages\/2218","targetHints":{"allow":["GET"]}}],"collection":[{"href":"https:\/\/vcwolfurt.at\/index.php\/wp-json\/wp\/v2\/pages"}],"about":[{"href":"https:\/\/vcwolfurt.at\/index.php\/wp-json\/wp\/v2\/types\/page"}],"author":[{"embeddable":true,"href":"https:\/\/vcwolfurt.at\/index.php\/wp-json\/wp\/v2\/users\/4"}],"replies":[{"embeddable":true,"href":"https:\/\/vcwolfurt.at\/index.php\/wp-json\/wp\/v2\/comments?post=2218"}],"version-history":[{"count":2,"href":"https:\/\/vcwolfurt.at\/index.php\/wp-json\/wp\/v2\/pages\/2218\/revisions"}],"predecessor-version":[{"id":2465,"href":"https:\/\/vcwolfurt.at\/index.php\/wp-json\/wp\/v2\/pages\/2218\/revisions\/2465"}],"wp:attachment":[{"href":"https:\/\/vcwolfurt.at\/index.php\/wp-json\/wp\/v2\/media?parent=2218"}],"curies":[{"name":"wp","href":"https:\/\/api.w.org\/{rel}","templated":true}]}}