{"id":2300,"date":"2023-12-14T06:41:36","date_gmt":"2023-12-14T05:41:36","guid":{"rendered":"https:\/\/vcwolfurt.at\/?page_id=2300"},"modified":"2023-12-14T06:41:36","modified_gmt":"2023-12-14T05:41:36","slug":"benjamin-skowronnek","status":"publish","type":"page","link":"https:\/\/vcwolfurt.at\/index.php\/benjamin-skowronnek\/","title":{"rendered":"Benjamin Skowronnek"},"content":{"rendered":"<div class=\"row\" style=\"background-color: #d8d9da;\">\n<div class=\"col-sm-2 col-xs-5 col-sm-offset-0\" style=\"padding: 0;\">\n<p><img loading=\"lazy\" decoding=\"async\" class=\"alignnone wp-image-2117 size-full\" src=\"https:\/\/vcwolfurt.at\/wp-content\/uploads\/2023\/08\/7.png\" alt=\"\" width=\"866\" height=\"1000\" srcset=\"https:\/\/vcwolfurt.at\/wp-content\/uploads\/2023\/08\/7.png 866w, https:\/\/vcwolfurt.at\/wp-content\/uploads\/2023\/08\/7-260x300.png 260w, https:\/\/vcwolfurt.at\/wp-content\/uploads\/2023\/08\/7-768x887.png 768w\" sizes=\"auto, (max-width: 866px) 100vw, 866px\" \/><\/p>\n<\/div>\n<div class=\"col-sm-9 col-xs-7 col-sm-offset-0\" style=\"background-color: #d8d9da; padding: 0;\">\n<div class=\"col-xs-12\" style=\"padding: 0.8em; padding-left: 2em;\">\n<h1>Nr. 7<\/h1>\n<\/div>\n<div class=\"col-xs-12\" style=\"padding: 0.8em; padding-left: 2em;\">\n<h2>Skowronnek Benjamin<\/h2>\n<p>&nbsp;<\/p>\n<h3>Diagonal<\/h3>\n<\/div>\n<\/div>\n<\/div>\n<p>&nbsp;<\/p>\n<div class=\"row player-type\">\n<table class=\"player-list\">\n<tbody>\n<tr>\n<td>Geburtsdatum<\/td>\n<td>06.04.1988<\/td>\n<\/tr>\n<tr>\n<td>Wohnort<\/td>\n<td>Lindau<\/td>\n<\/tr>\n<tr>\n<td>Beruf<\/td>\n<td>HR Personalentwickler<\/td>\n<\/tr>\n<tr>\n<td>Funktion im Verein<\/td>\n<td>Spieler<\/td>\n<\/tr>\n<tr>\n<td>Lieblingsessen<\/td>\n<td>K\u00e4sspatzen und ab und mal einen Cord\u00fcrum<\/td>\n<\/tr>\n<tr>\n<td>Lieblingsgetr\u00e4nk<\/td>\n<td>Gin Tonic<\/td>\n<\/tr>\n<tr>\n<td>Beschreibt sich selbst als<\/td>\n<td>ehrgeizig und zuverl\u00e4ssig<\/td>\n<\/tr>\n<tr>\n<td>Gr\u00f6\u00dfe<\/td>\n<td>194cm<\/td>\n<\/tr>\n<tr>\n<td>Position<\/td>\n<td>Diagonal<\/td>\n<\/tr>\n<tr>\n<td>Spielt Volleyball seit<\/td>\n<td>2010<\/td>\n<\/tr>\n<tr>\n<td>Ist bei Wolfurt seit<\/td>\n<td>2022<\/td>\n<\/tr>\n<\/tbody>\n<\/table>\n<\/div>\n","protected":false},"excerpt":{"rendered":"<p>Nr. 7 Skowronnek Benjamin &nbsp; Diagonal &nbsp; Geburtsdatum 06.04.1988 Wohnort Lindau Beruf HR Personalentwickler Funktion im Verein Spieler Lieblingsessen K\u00e4sspatzen und ab und mal einen Cord\u00fcrum Lieblingsgetr\u00e4nk Gin Tonic Beschreibt sich selbst als ehrgeizig und zuverl\u00e4ssig Gr\u00f6\u00dfe 194cm Position Diagonal Spielt Volleyball seit 2010 Ist bei Wolfurt seit 2022<\/p>\n","protected":false},"author":4,"featured_media":0,"parent":0,"menu_order":0,"comment_status":"closed","ping_status":"closed","template":"","meta":{"footnotes":""},"class_list":["post-2300","page","type-page","status-publish","hentry"],"_links":{"self":[{"href":"https:\/\/vcwolfurt.at\/index.php\/wp-json\/wp\/v2\/pages\/2300","targetHints":{"allow":["GET"]}}],"collection":[{"href":"https:\/\/vcwolfurt.at\/index.php\/wp-json\/wp\/v2\/pages"}],"about":[{"href":"https:\/\/vcwolfurt.at\/index.php\/wp-json\/wp\/v2\/types\/page"}],"author":[{"embeddable":true,"href":"https:\/\/vcwolfurt.at\/index.php\/wp-json\/wp\/v2\/users\/4"}],"replies":[{"embeddable":true,"href":"https:\/\/vcwolfurt.at\/index.php\/wp-json\/wp\/v2\/comments?post=2300"}],"version-history":[{"count":1,"href":"https:\/\/vcwolfurt.at\/index.php\/wp-json\/wp\/v2\/pages\/2300\/revisions"}],"predecessor-version":[{"id":2301,"href":"https:\/\/vcwolfurt.at\/index.php\/wp-json\/wp\/v2\/pages\/2300\/revisions\/2301"}],"wp:attachment":[{"href":"https:\/\/vcwolfurt.at\/index.php\/wp-json\/wp\/v2\/media?parent=2300"}],"curies":[{"name":"wp","href":"https:\/\/api.w.org\/{rel}","templated":true}]}}