{"id":2308,"date":"2023-12-15T08:11:38","date_gmt":"2023-12-15T07:11:38","guid":{"rendered":"https:\/\/vcwolfurt.at\/?page_id=2308"},"modified":"2023-12-15T08:11:38","modified_gmt":"2023-12-15T07:11:38","slug":"laurin-ertl","status":"publish","type":"page","link":"https:\/\/vcwolfurt.at\/index.php\/laurin-ertl\/","title":{"rendered":"Laurin Ertl"},"content":{"rendered":"<div class=\"row\" style=\"background-color: #d8d9da;\">\n<div class=\"col-sm-2 col-xs-5 col-sm-offset-0\" style=\"padding: 0;\">\n<p><img loading=\"lazy\" decoding=\"async\" class=\"alignnone wp-image-2309 size-full\" src=\"https:\/\/vcwolfurt.at\/wp-content\/uploads\/2023\/12\/DSCF0475.png\" alt=\"\" width=\"1000\" height=\"1394\" srcset=\"https:\/\/vcwolfurt.at\/wp-content\/uploads\/2023\/12\/DSCF0475.png 1000w, https:\/\/vcwolfurt.at\/wp-content\/uploads\/2023\/12\/DSCF0475-215x300.png 215w, https:\/\/vcwolfurt.at\/wp-content\/uploads\/2023\/12\/DSCF0475-735x1024.png 735w, https:\/\/vcwolfurt.at\/wp-content\/uploads\/2023\/12\/DSCF0475-768x1071.png 768w\" sizes=\"auto, (max-width: 1000px) 100vw, 1000px\" \/><\/p>\n<\/div>\n<div class=\"col-sm-9 col-xs-7 col-sm-offset-0\" style=\"background-color: #d8d9da; padding: 0;\">\n<div class=\"col-xs-12\" style=\"padding: 0.8em; padding-left: 2em;\">\n<h1>Nr. 1<\/h1>\n<\/div>\n<div class=\"col-xs-12\" style=\"padding: 0.8em; padding-left: 2em;\">\n<h2>Ertl Laurin<\/h2>\n<p>&nbsp;<\/p>\n<h3>Zuspiel<\/h3>\n<\/div>\n<\/div>\n<\/div>\n<p>&nbsp;<\/p>\n<div class=\"row player-type\">\n<table class=\"player-list\">\n<tbody>\n<tr>\n<td>Geburtsdatum<\/td>\n<td>02.11.2006<\/td>\n<\/tr>\n<tr>\n<td>Wohnort<\/td>\n<td>Lauterach<\/td>\n<\/tr>\n<tr>\n<td>Beruf<\/td>\n<td>Schlosser<\/td>\n<\/tr>\n<tr>\n<td>Funktion im Verein<\/td>\n<td>Spieler<\/td>\n<\/tr>\n<tr>\n<td>Lieblingsessen<\/td>\n<td>Pizza<\/td>\n<\/tr>\n<tr>\n<td>Lieblingsgetr\u00e4nk<\/td>\n<td>Eistee<\/td>\n<\/tr>\n<tr>\n<td>Beschreibt sich selbst als<\/td>\n<td>Sympatischer Typ<\/td>\n<\/tr>\n<tr>\n<td>Gr\u00f6\u00dfe<\/td>\n<td>1,86m<\/td>\n<\/tr>\n<tr>\n<td>Position<\/td>\n<td>Zuspiel<\/td>\n<\/tr>\n<tr>\n<td>Spielt Volleyball seit<\/td>\n<td>2021<\/td>\n<\/tr>\n<tr>\n<td>Ist bei Wolfurt seit<\/td>\n<td>2021<\/td>\n<\/tr>\n<\/tbody>\n<\/table>\n<\/div>\n","protected":false},"excerpt":{"rendered":"<p>Nr. 1 Ertl Laurin &nbsp; Zuspiel &nbsp; Geburtsdatum 02.11.2006 Wohnort Lauterach Beruf Schlosser Funktion im Verein Spieler Lieblingsessen Pizza Lieblingsgetr\u00e4nk Eistee Beschreibt sich selbst als Sympatischer Typ Gr\u00f6\u00dfe 1,86m Position Zuspiel Spielt Volleyball seit 2021 Ist bei Wolfurt seit 2021<\/p>\n","protected":false},"author":4,"featured_media":0,"parent":0,"menu_order":0,"comment_status":"closed","ping_status":"closed","template":"","meta":{"footnotes":""},"class_list":["post-2308","page","type-page","status-publish","hentry"],"_links":{"self":[{"href":"https:\/\/vcwolfurt.at\/index.php\/wp-json\/wp\/v2\/pages\/2308","targetHints":{"allow":["GET"]}}],"collection":[{"href":"https:\/\/vcwolfurt.at\/index.php\/wp-json\/wp\/v2\/pages"}],"about":[{"href":"https:\/\/vcwolfurt.at\/index.php\/wp-json\/wp\/v2\/types\/page"}],"author":[{"embeddable":true,"href":"https:\/\/vcwolfurt.at\/index.php\/wp-json\/wp\/v2\/users\/4"}],"replies":[{"embeddable":true,"href":"https:\/\/vcwolfurt.at\/index.php\/wp-json\/wp\/v2\/comments?post=2308"}],"version-history":[{"count":1,"href":"https:\/\/vcwolfurt.at\/index.php\/wp-json\/wp\/v2\/pages\/2308\/revisions"}],"predecessor-version":[{"id":2318,"href":"https:\/\/vcwolfurt.at\/index.php\/wp-json\/wp\/v2\/pages\/2308\/revisions\/2318"}],"wp:attachment":[{"href":"https:\/\/vcwolfurt.at\/index.php\/wp-json\/wp\/v2\/media?parent=2308"}],"curies":[{"name":"wp","href":"https:\/\/api.w.org\/{rel}","templated":true}]}}