{"id":2321,"date":"2023-12-15T08:19:14","date_gmt":"2023-12-15T07:19:14","guid":{"rendered":"https:\/\/vcwolfurt.at\/?page_id=2321"},"modified":"2023-12-15T08:19:14","modified_gmt":"2023-12-15T07:19:14","slug":"jakob-franz","status":"publish","type":"page","link":"https:\/\/vcwolfurt.at\/index.php\/jakob-franz\/","title":{"rendered":"Jakob Franz"},"content":{"rendered":"<div class=\"row\" style=\"background-color: #d8d9da;\">\n<div class=\"col-sm-2 col-xs-5 col-sm-offset-0\" style=\"padding: 0;\">\n<p><img loading=\"lazy\" decoding=\"async\" class=\"alignnone wp-image-2313 size-full\" src=\"https:\/\/vcwolfurt.at\/wp-content\/uploads\/2023\/12\/DSCF0483.png\" alt=\"\" width=\"1000\" height=\"1519\" srcset=\"https:\/\/vcwolfurt.at\/wp-content\/uploads\/2023\/12\/DSCF0483.png 1000w, https:\/\/vcwolfurt.at\/wp-content\/uploads\/2023\/12\/DSCF0483-197x300.png 197w, https:\/\/vcwolfurt.at\/wp-content\/uploads\/2023\/12\/DSCF0483-674x1024.png 674w, https:\/\/vcwolfurt.at\/wp-content\/uploads\/2023\/12\/DSCF0483-768x1167.png 768w\" sizes=\"auto, (max-width: 1000px) 100vw, 1000px\" \/><\/p>\n<\/div>\n<div class=\"col-sm-9 col-xs-7 col-sm-offset-0\" style=\"background-color: #d8d9da; padding: 0;\">\n<div class=\"col-xs-12\" style=\"padding: 0.8em; padding-left: 2em;\">\n<h1>Nr. 8<\/h1>\n<\/div>\n<div class=\"col-xs-12\" style=\"padding: 0.8em; padding-left: 2em;\">\n<h2>Franz Jakob<\/h2>\n<p>&nbsp;<\/p>\n<h3>Au\u00dfenangriff \/ Diagonal<\/h3>\n<\/div>\n<\/div>\n<\/div>\n<p>&nbsp;<\/p>\n<div class=\"row player-type\">\n<table class=\"player-list\">\n<tbody>\n<tr>\n<td>Geburtsdatum<\/td>\n<td>15.04.2008<\/td>\n<\/tr>\n<tr>\n<td>Wohnort<\/td>\n<td>Bezau<\/td>\n<\/tr>\n<tr>\n<td>Beruf<\/td>\n<td>Sch\u00fcler<\/td>\n<\/tr>\n<tr>\n<td>Funktion im Verein<\/td>\n<td>Spieler<\/td>\n<\/tr>\n<tr>\n<td>Lieblingsessen<\/td>\n<td>Tortillas<\/td>\n<\/tr>\n<tr>\n<td>Lieblingsgetr\u00e4nk<\/td>\n<td>Coca Cola<\/td>\n<\/tr>\n<tr>\n<td>Beschreibt sich selbst als<\/td>\n<td>Spontan, Flexibel<\/td>\n<\/tr>\n<tr>\n<td>Gr\u00f6\u00dfe<\/td>\n<td>178,5 cm<\/td>\n<\/tr>\n<tr>\n<td>Position<\/td>\n<td>Au\u00dfenangriff, Diagonal<\/td>\n<\/tr>\n<tr>\n<td>Spielt Volleyball seit<\/td>\n<td>2018<\/td>\n<\/tr>\n<tr>\n<td>Ist bei Wolfurt seit<\/td>\n<td>2022<\/td>\n<\/tr>\n<\/tbody>\n<\/table>\n<\/div>\n","protected":false},"excerpt":{"rendered":"<p>Nr. 8 Franz Jakob &nbsp; Au\u00dfenangriff \/ Diagonal &nbsp; Geburtsdatum 15.04.2008 Wohnort Bezau Beruf Sch\u00fcler Funktion im Verein Spieler Lieblingsessen Tortillas Lieblingsgetr\u00e4nk Coca Cola Beschreibt sich selbst als Spontan, Flexibel Gr\u00f6\u00dfe 178,5 cm Position Au\u00dfenangriff, Diagonal Spielt Volleyball seit 2018 Ist bei Wolfurt seit 2022<\/p>\n","protected":false},"author":4,"featured_media":0,"parent":0,"menu_order":0,"comment_status":"closed","ping_status":"closed","template":"","meta":{"footnotes":""},"class_list":["post-2321","page","type-page","status-publish","hentry"],"_links":{"self":[{"href":"https:\/\/vcwolfurt.at\/index.php\/wp-json\/wp\/v2\/pages\/2321","targetHints":{"allow":["GET"]}}],"collection":[{"href":"https:\/\/vcwolfurt.at\/index.php\/wp-json\/wp\/v2\/pages"}],"about":[{"href":"https:\/\/vcwolfurt.at\/index.php\/wp-json\/wp\/v2\/types\/page"}],"author":[{"embeddable":true,"href":"https:\/\/vcwolfurt.at\/index.php\/wp-json\/wp\/v2\/users\/4"}],"replies":[{"embeddable":true,"href":"https:\/\/vcwolfurt.at\/index.php\/wp-json\/wp\/v2\/comments?post=2321"}],"version-history":[{"count":1,"href":"https:\/\/vcwolfurt.at\/index.php\/wp-json\/wp\/v2\/pages\/2321\/revisions"}],"predecessor-version":[{"id":2322,"href":"https:\/\/vcwolfurt.at\/index.php\/wp-json\/wp\/v2\/pages\/2321\/revisions\/2322"}],"wp:attachment":[{"href":"https:\/\/vcwolfurt.at\/index.php\/wp-json\/wp\/v2\/media?parent=2321"}],"curies":[{"name":"wp","href":"https:\/\/api.w.org\/{rel}","templated":true}]}}