{"id":2326,"date":"2023-12-15T09:49:26","date_gmt":"2023-12-15T08:49:26","guid":{"rendered":"https:\/\/vcwolfurt.at\/?page_id=2326"},"modified":"2023-12-15T09:49:26","modified_gmt":"2023-12-15T08:49:26","slug":"yannic-fessler","status":"publish","type":"page","link":"https:\/\/vcwolfurt.at\/index.php\/yannic-fessler\/","title":{"rendered":"Yannic Fessler"},"content":{"rendered":"<div class=\"row\" style=\"background-color: #d8d9da;\">\n<div class=\"col-sm-2 col-xs-5 col-sm-offset-0\" style=\"padding: 0;\">\n<p><img loading=\"lazy\" decoding=\"async\" class=\"alignnone wp-image-2312 size-full\" src=\"https:\/\/vcwolfurt.at\/wp-content\/uploads\/2023\/12\/DSCF0481.png\" alt=\"\" width=\"1000\" height=\"1419\" srcset=\"https:\/\/vcwolfurt.at\/wp-content\/uploads\/2023\/12\/DSCF0481.png 1000w, https:\/\/vcwolfurt.at\/wp-content\/uploads\/2023\/12\/DSCF0481-211x300.png 211w, https:\/\/vcwolfurt.at\/wp-content\/uploads\/2023\/12\/DSCF0481-722x1024.png 722w, https:\/\/vcwolfurt.at\/wp-content\/uploads\/2023\/12\/DSCF0481-768x1090.png 768w\" sizes=\"auto, (max-width: 1000px) 100vw, 1000px\" \/><\/p>\n<\/div>\n<div class=\"col-sm-9 col-xs-7 col-sm-offset-0\" style=\"background-color: #d8d9da; padding: 0;\">\n<div class=\"col-xs-12\" style=\"padding: 0.8em; padding-left: 2em;\">\n<h1>Nr. 3<\/h1>\n<\/div>\n<div class=\"col-xs-12\" style=\"padding: 0.8em; padding-left: 2em;\">\n<h2>Yannic Fessler<\/h2>\n<p>&nbsp;<\/p>\n<h3>Mitte<\/h3>\n<\/div>\n<\/div>\n<\/div>\n<p>&nbsp;<\/p>\n<div class=\"row player-type\">\n<table class=\"player-list\">\n<tbody>\n<tr>\n<td>Geburtsdatum<\/td>\n<td>04.09.2007<\/td>\n<\/tr>\n<tr>\n<td>Wohnort<\/td>\n<td>Hard<\/td>\n<\/tr>\n<tr>\n<td>Beruf<\/td>\n<td>Sch\u00fcler<\/td>\n<\/tr>\n<tr>\n<td>Funktion im Verein<\/td>\n<td>Spieler<\/td>\n<\/tr>\n<tr>\n<td>Lieblingsessen<\/td>\n<td>Spaghetti Carbonara<\/td>\n<\/tr>\n<tr>\n<td>Lieblingsgetr\u00e4nk<\/td>\n<td>Eistee Pfirsich<\/td>\n<\/tr>\n<tr>\n<td>Beschreibt sich selbst als<\/td>\n<td>Ruhig, Ehrgeizig, Geduldig<\/td>\n<\/tr>\n<tr>\n<td>Gr\u00f6\u00dfe<\/td>\n<td>184cm<\/td>\n<\/tr>\n<tr>\n<td>Position<\/td>\n<td>Mitte<\/td>\n<\/tr>\n<tr>\n<td>Spielt Volleyball seit<\/td>\n<td>2022<\/td>\n<\/tr>\n<tr>\n<td>Ist bei Wolfurt seit<\/td>\n<td>2022<\/td>\n<\/tr>\n<\/tbody>\n<\/table>\n<\/div>\n","protected":false},"excerpt":{"rendered":"<p>Nr. 3 Yannic Fessler &nbsp; Mitte &nbsp; Geburtsdatum 04.09.2007 Wohnort Hard Beruf Sch\u00fcler Funktion im Verein Spieler Lieblingsessen Spaghetti Carbonara Lieblingsgetr\u00e4nk Eistee Pfirsich Beschreibt sich selbst als Ruhig, Ehrgeizig, Geduldig Gr\u00f6\u00dfe 184cm Position Mitte Spielt Volleyball seit 2022 Ist bei Wolfurt seit 2022<\/p>\n","protected":false},"author":4,"featured_media":0,"parent":0,"menu_order":0,"comment_status":"closed","ping_status":"closed","template":"","meta":{"footnotes":""},"class_list":["post-2326","page","type-page","status-publish","hentry"],"_links":{"self":[{"href":"https:\/\/vcwolfurt.at\/index.php\/wp-json\/wp\/v2\/pages\/2326","targetHints":{"allow":["GET"]}}],"collection":[{"href":"https:\/\/vcwolfurt.at\/index.php\/wp-json\/wp\/v2\/pages"}],"about":[{"href":"https:\/\/vcwolfurt.at\/index.php\/wp-json\/wp\/v2\/types\/page"}],"author":[{"embeddable":true,"href":"https:\/\/vcwolfurt.at\/index.php\/wp-json\/wp\/v2\/users\/4"}],"replies":[{"embeddable":true,"href":"https:\/\/vcwolfurt.at\/index.php\/wp-json\/wp\/v2\/comments?post=2326"}],"version-history":[{"count":1,"href":"https:\/\/vcwolfurt.at\/index.php\/wp-json\/wp\/v2\/pages\/2326\/revisions"}],"predecessor-version":[{"id":2327,"href":"https:\/\/vcwolfurt.at\/index.php\/wp-json\/wp\/v2\/pages\/2326\/revisions\/2327"}],"wp:attachment":[{"href":"https:\/\/vcwolfurt.at\/index.php\/wp-json\/wp\/v2\/media?parent=2326"}],"curies":[{"name":"wp","href":"https:\/\/api.w.org\/{rel}","templated":true}]}}