{"id":2330,"date":"2023-12-16T08:32:38","date_gmt":"2023-12-16T07:32:38","guid":{"rendered":"https:\/\/vcwolfurt.at\/?page_id=2330"},"modified":"2023-12-16T08:32:38","modified_gmt":"2023-12-16T07:32:38","slug":"mathias-boeni","status":"publish","type":"page","link":"https:\/\/vcwolfurt.at\/index.php\/mathias-boeni\/","title":{"rendered":"Mathias B\u00f6ni"},"content":{"rendered":"<div class=\"row\" style=\"background-color: #d8d9da;\">\n<div class=\"col-sm-2 col-xs-5 col-sm-offset-0\" style=\"padding: 0;\">\n<p><img loading=\"lazy\" decoding=\"async\" class=\"alignnone wp-image-2127 size-full\" src=\"https:\/\/vcwolfurt.at\/wp-content\/uploads\/2023\/08\/Platzhalter-Mann.jpg\" alt=\"\" width=\"693\" height=\"693\" srcset=\"https:\/\/vcwolfurt.at\/wp-content\/uploads\/2023\/08\/Platzhalter-Mann.jpg 693w, https:\/\/vcwolfurt.at\/wp-content\/uploads\/2023\/08\/Platzhalter-Mann-300x300.jpg 300w, https:\/\/vcwolfurt.at\/wp-content\/uploads\/2023\/08\/Platzhalter-Mann-150x150.jpg 150w\" sizes=\"auto, (max-width: 693px) 100vw, 693px\" \/><\/p>\n<\/div>\n<div class=\"col-sm-9 col-xs-7 col-sm-offset-0\" style=\"background-color: #d8d9da; padding: 0;\">\n<div class=\"col-xs-12\" style=\"padding: 0.8em; padding-left: 2em;\">\n<h1>Nr. 9<\/h1>\n<\/div>\n<div class=\"col-xs-12\" style=\"padding: 0.8em; padding-left: 2em;\">\n<h2>B\u00f6ni Mathias<\/h2>\n<p>&nbsp;<\/p>\n<h3>Zuspiel<\/h3>\n<\/div>\n<\/div>\n<\/div>\n<p>&nbsp;<\/p>\n<div class=\"row player-type\">\n<table class=\"player-list\" style=\"width: 33.0492%; height: 264px;\">\n<tbody>\n<tr style=\"height: 24px;\">\n<td style=\"height: 24px;\">Geburtsdatum<\/td>\n<td style=\"height: 24px;\">24.01.2008<\/td>\n<\/tr>\n<tr style=\"height: 24px;\">\n<td style=\"height: 24px;\">Wohnort<\/td>\n<td style=\"height: 24px;\">Lochau<\/td>\n<\/tr>\n<tr style=\"height: 24px;\">\n<td style=\"height: 24px;\">Beruf<\/td>\n<td style=\"height: 24px;\">Sch\u00fcler<\/td>\n<\/tr>\n<tr style=\"height: 24px;\">\n<td style=\"height: 24px;\">Funktion im Verein<\/td>\n<td style=\"height: 24px;\">Spieler<\/td>\n<\/tr>\n<tr style=\"height: 24px;\">\n<td style=\"height: 24px;\">Lieblingsessen<\/td>\n<td style=\"height: 24px;\">Spareribs<\/td>\n<\/tr>\n<tr style=\"height: 24px;\">\n<td style=\"height: 24px;\">Lieblingsgetr\u00e4nk<\/td>\n<td style=\"height: 24px;\">Wasser<\/td>\n<\/tr>\n<tr style=\"height: 24px;\">\n<td style=\"height: 24px;\">Beschreibt sich selbst als<\/td>\n<td style=\"height: 24px;\">freundlich<\/td>\n<\/tr>\n<tr style=\"height: 24px;\">\n<td style=\"height: 24px;\">Gr\u00f6\u00dfe<\/td>\n<td style=\"height: 24px;\">174cm<\/td>\n<\/tr>\n<tr style=\"height: 24px;\">\n<td style=\"height: 24px;\">Position<\/td>\n<td style=\"height: 24px;\">Zuspieler<\/td>\n<\/tr>\n<tr style=\"height: 24px;\">\n<td style=\"height: 24px;\">Spielt Volleyball seit<\/td>\n<td style=\"height: 24px;\">2021<\/td>\n<\/tr>\n<tr style=\"height: 24px;\">\n<td style=\"height: 24px;\">Ist bei Wolfurt seit<\/td>\n<td style=\"height: 24px;\">2021<\/td>\n<\/tr>\n<\/tbody>\n<\/table>\n<\/div>\n","protected":false},"excerpt":{"rendered":"<p>Nr. 9 B\u00f6ni Mathias &nbsp; Zuspiel &nbsp; Geburtsdatum 24.01.2008 Wohnort Lochau Beruf Sch\u00fcler Funktion im Verein Spieler Lieblingsessen Spareribs Lieblingsgetr\u00e4nk Wasser Beschreibt sich selbst als freundlich Gr\u00f6\u00dfe 174cm Position Zuspieler Spielt Volleyball seit 2021 Ist bei Wolfurt seit 2021<\/p>\n","protected":false},"author":4,"featured_media":0,"parent":0,"menu_order":0,"comment_status":"closed","ping_status":"closed","template":"","meta":{"footnotes":""},"class_list":["post-2330","page","type-page","status-publish","hentry"],"_links":{"self":[{"href":"https:\/\/vcwolfurt.at\/index.php\/wp-json\/wp\/v2\/pages\/2330","targetHints":{"allow":["GET"]}}],"collection":[{"href":"https:\/\/vcwolfurt.at\/index.php\/wp-json\/wp\/v2\/pages"}],"about":[{"href":"https:\/\/vcwolfurt.at\/index.php\/wp-json\/wp\/v2\/types\/page"}],"author":[{"embeddable":true,"href":"https:\/\/vcwolfurt.at\/index.php\/wp-json\/wp\/v2\/users\/4"}],"replies":[{"embeddable":true,"href":"https:\/\/vcwolfurt.at\/index.php\/wp-json\/wp\/v2\/comments?post=2330"}],"version-history":[{"count":1,"href":"https:\/\/vcwolfurt.at\/index.php\/wp-json\/wp\/v2\/pages\/2330\/revisions"}],"predecessor-version":[{"id":2331,"href":"https:\/\/vcwolfurt.at\/index.php\/wp-json\/wp\/v2\/pages\/2330\/revisions\/2331"}],"wp:attachment":[{"href":"https:\/\/vcwolfurt.at\/index.php\/wp-json\/wp\/v2\/media?parent=2330"}],"curies":[{"name":"wp","href":"https:\/\/api.w.org\/{rel}","templated":true}]}}