{"id":2342,"date":"2023-12-16T08:48:51","date_gmt":"2023-12-16T07:48:51","guid":{"rendered":"https:\/\/vcwolfurt.at\/?page_id=2342"},"modified":"2023-12-16T08:48:51","modified_gmt":"2023-12-16T07:48:51","slug":"roman-lutz","status":"publish","type":"page","link":"https:\/\/vcwolfurt.at\/index.php\/roman-lutz\/","title":{"rendered":"Roman Lutz"},"content":{"rendered":"<div class=\"row\" style=\"background-color: #d8d9da;\">\n<div class=\"col-sm-2 col-xs-5 col-sm-offset-0\" style=\"padding: 0;\">\n<p><img loading=\"lazy\" decoding=\"async\" class=\"alignnone wp-image-2315 size-full\" src=\"https:\/\/vcwolfurt.at\/wp-content\/uploads\/2023\/12\/DSCF0486.png\" alt=\"\" width=\"1000\" height=\"1547\" srcset=\"https:\/\/vcwolfurt.at\/wp-content\/uploads\/2023\/12\/DSCF0486.png 1000w, https:\/\/vcwolfurt.at\/wp-content\/uploads\/2023\/12\/DSCF0486-194x300.png 194w, https:\/\/vcwolfurt.at\/wp-content\/uploads\/2023\/12\/DSCF0486-662x1024.png 662w, https:\/\/vcwolfurt.at\/wp-content\/uploads\/2023\/12\/DSCF0486-768x1188.png 768w, https:\/\/vcwolfurt.at\/wp-content\/uploads\/2023\/12\/DSCF0486-993x1536.png 993w\" sizes=\"auto, (max-width: 1000px) 100vw, 1000px\" \/><\/p>\n<\/div>\n<div class=\"col-sm-9 col-xs-7 col-sm-offset-0\" style=\"background-color: #d8d9da; padding: 0;\">\n<div class=\"col-xs-12\" style=\"padding: 0.8em; padding-left: 2em;\">\n<h1>Nr. 14<\/h1>\n<\/div>\n<div class=\"col-xs-12\" style=\"padding: 0.8em; padding-left: 2em;\">\n<h2>Lutz Roman<\/h2>\n<p>&nbsp;<\/p>\n<h3>Au\u00dfenangriff<\/h3>\n<\/div>\n<\/div>\n<\/div>\n<p>&nbsp;<\/p>\n<div class=\"row player-type\">\n<table class=\"player-list\" style=\"width: 40.7101%; height: 264px;\">\n<tbody>\n<tr style=\"height: 24px;\">\n<td style=\"height: 24px; width: 54.7703%;\">Geburtsdatum<\/td>\n<td style=\"height: 24px; width: 60.6943%;\">03.09.2007<\/td>\n<\/tr>\n<tr style=\"height: 24px;\">\n<td style=\"height: 24px; width: 54.7703%;\">Wohnort<\/td>\n<td style=\"height: 24px; width: 60.6943%;\">Bregenz<\/td>\n<\/tr>\n<tr style=\"height: 24px;\">\n<td style=\"height: 24px; width: 54.7703%;\">Beruf<\/td>\n<td style=\"height: 24px; width: 60.6943%;\">Sch\u00fcler<\/td>\n<\/tr>\n<tr style=\"height: 24px;\">\n<td style=\"height: 24px; width: 54.7703%;\">Funktion im Verein<\/td>\n<td style=\"height: 24px; width: 60.6943%;\">Spieler<\/td>\n<\/tr>\n<tr style=\"height: 24px;\">\n<td style=\"height: 24px; width: 54.7703%;\">Lieblingsessen<\/td>\n<td style=\"height: 24px; width: 60.6943%;\">Lasagne<\/td>\n<\/tr>\n<tr style=\"height: 24px;\">\n<td style=\"height: 24px; width: 54.7703%;\">Lieblingsgetr\u00e4nk<\/td>\n<td style=\"height: 24px; width: 60.6943%;\">Wasser<\/td>\n<\/tr>\n<tr style=\"height: 24px;\">\n<td style=\"height: 24px; width: 54.7703%;\">Beschreibt sich selbst als<\/td>\n<td style=\"height: 24px; width: 60.6943%;\">zielstrebig<\/td>\n<\/tr>\n<tr style=\"height: 24px;\">\n<td style=\"height: 24px; width: 54.7703%;\">Gr\u00f6\u00dfe<\/td>\n<td style=\"height: 24px; width: 60.6943%;\">177cm<\/td>\n<\/tr>\n<tr style=\"height: 24px;\">\n<td style=\"height: 24px; width: 54.7703%;\">Position<\/td>\n<td style=\"height: 24px; width: 60.6943%;\">Au\u00dfenangriff<\/td>\n<\/tr>\n<tr style=\"height: 24px;\">\n<td style=\"height: 24px; width: 54.7703%;\">Spielt Volleyball seit<\/td>\n<td style=\"height: 24px; width: 60.6943%;\">2021<\/td>\n<\/tr>\n<tr style=\"height: 24px;\">\n<td style=\"height: 24px; width: 54.7703%;\">Ist bei Wolfurt seit<\/td>\n<td style=\"height: 24px; width: 60.6943%;\">2021<\/td>\n<\/tr>\n<\/tbody>\n<\/table>\n<\/div>\n","protected":false},"excerpt":{"rendered":"<p>Nr. 14 Lutz Roman &nbsp; Au\u00dfenangriff &nbsp; Geburtsdatum 03.09.2007 Wohnort Bregenz Beruf Sch\u00fcler Funktion im Verein Spieler Lieblingsessen Lasagne Lieblingsgetr\u00e4nk Wasser Beschreibt sich selbst als zielstrebig Gr\u00f6\u00dfe 177cm Position Au\u00dfenangriff Spielt Volleyball seit 2021 Ist bei Wolfurt seit 2021<\/p>\n","protected":false},"author":4,"featured_media":0,"parent":0,"menu_order":0,"comment_status":"closed","ping_status":"closed","template":"","meta":{"footnotes":""},"class_list":["post-2342","page","type-page","status-publish","hentry"],"_links":{"self":[{"href":"https:\/\/vcwolfurt.at\/index.php\/wp-json\/wp\/v2\/pages\/2342","targetHints":{"allow":["GET"]}}],"collection":[{"href":"https:\/\/vcwolfurt.at\/index.php\/wp-json\/wp\/v2\/pages"}],"about":[{"href":"https:\/\/vcwolfurt.at\/index.php\/wp-json\/wp\/v2\/types\/page"}],"author":[{"embeddable":true,"href":"https:\/\/vcwolfurt.at\/index.php\/wp-json\/wp\/v2\/users\/4"}],"replies":[{"embeddable":true,"href":"https:\/\/vcwolfurt.at\/index.php\/wp-json\/wp\/v2\/comments?post=2342"}],"version-history":[{"count":1,"href":"https:\/\/vcwolfurt.at\/index.php\/wp-json\/wp\/v2\/pages\/2342\/revisions"}],"predecessor-version":[{"id":2343,"href":"https:\/\/vcwolfurt.at\/index.php\/wp-json\/wp\/v2\/pages\/2342\/revisions\/2343"}],"wp:attachment":[{"href":"https:\/\/vcwolfurt.at\/index.php\/wp-json\/wp\/v2\/media?parent=2342"}],"curies":[{"name":"wp","href":"https:\/\/api.w.org\/{rel}","templated":true}]}}