{"id":2345,"date":"2023-12-16T08:57:33","date_gmt":"2023-12-16T07:57:33","guid":{"rendered":"https:\/\/vcwolfurt.at\/?page_id=2345"},"modified":"2023-12-16T08:57:39","modified_gmt":"2023-12-16T07:57:39","slug":"felix-bechter","status":"publish","type":"page","link":"https:\/\/vcwolfurt.at\/index.php\/felix-bechter\/","title":{"rendered":"Felix Bechter"},"content":{"rendered":"<div class=\"row\" style=\"background-color: #d8d9da;\">\n<div class=\"col-sm-2 col-xs-5 col-sm-offset-0\" style=\"padding: 0;\">\n<p><img loading=\"lazy\" decoding=\"async\" class=\"alignnone wp-image-2316 size-full\" src=\"https:\/\/vcwolfurt.at\/wp-content\/uploads\/2023\/12\/DSCF0491.png\" alt=\"\" width=\"1000\" height=\"1565\" srcset=\"https:\/\/vcwolfurt.at\/wp-content\/uploads\/2023\/12\/DSCF0491.png 1000w, https:\/\/vcwolfurt.at\/wp-content\/uploads\/2023\/12\/DSCF0491-192x300.png 192w, https:\/\/vcwolfurt.at\/wp-content\/uploads\/2023\/12\/DSCF0491-654x1024.png 654w, https:\/\/vcwolfurt.at\/wp-content\/uploads\/2023\/12\/DSCF0491-768x1202.png 768w, https:\/\/vcwolfurt.at\/wp-content\/uploads\/2023\/12\/DSCF0491-981x1536.png 981w\" sizes=\"auto, (max-width: 1000px) 100vw, 1000px\" \/><\/p>\n<\/div>\n<div class=\"col-sm-9 col-xs-7 col-sm-offset-0\" style=\"background-color: #d8d9da; padding: 0;\">\n<div class=\"col-xs-12\" style=\"padding: 0.8em; padding-left: 2em;\">\n<h1>Nr. 5<\/h1>\n<\/div>\n<div class=\"col-xs-12\" style=\"padding: 0.8em; padding-left: 2em;\">\n<h2>Bechter Felix<\/h2>\n<p>&nbsp;<\/p>\n<h3>Allrounder<\/h3>\n<\/div>\n<\/div>\n<\/div>\n<p>&nbsp;<\/p>\n<div class=\"row player-type\">\n<table class=\"player-list\" style=\"width: 40.7101%; height: 264px;\">\n<tbody>\n<tr style=\"height: 24px;\">\n<td style=\"height: 24px; width: 54.7703%;\">Geburtsdatum<\/td>\n<td style=\"height: 24px; width: 60.6943%;\">16.08.2009<\/td>\n<\/tr>\n<tr style=\"height: 24px;\">\n<td style=\"height: 24px; width: 54.7703%;\">Wohnort<\/td>\n<td style=\"height: 24px; width: 60.6943%;\">Egg<\/td>\n<\/tr>\n<tr style=\"height: 24px;\">\n<td style=\"height: 24px; width: 54.7703%;\">Beruf<\/td>\n<td style=\"height: 24px; width: 60.6943%;\">Sch\u00fcler<\/td>\n<\/tr>\n<tr style=\"height: 24px;\">\n<td style=\"height: 24px; width: 54.7703%;\">Funktion im Verein<\/td>\n<td style=\"height: 24px; width: 60.6943%;\">Spieler<\/td>\n<\/tr>\n<tr style=\"height: 24px;\">\n<td style=\"height: 24px; width: 54.7703%;\">Lieblingsessen<\/td>\n<td style=\"height: 24px; width: 60.6943%;\">Raclett<\/td>\n<\/tr>\n<tr style=\"height: 24px;\">\n<td style=\"height: 24px; width: 54.7703%;\">Lieblingsgetr\u00e4nk<\/td>\n<td style=\"height: 24px; width: 60.6943%;\">Holundersirup<\/td>\n<\/tr>\n<tr style=\"height: 24px;\">\n<td style=\"height: 24px; width: 54.7703%;\">Beschreibt sich selbst als<\/td>\n<td style=\"height: 24px; width: 60.6943%;\">normaler Junge<\/td>\n<\/tr>\n<tr style=\"height: 24px;\">\n<td style=\"height: 24px; width: 54.7703%;\">Gr\u00f6\u00dfe<\/td>\n<td style=\"height: 24px; width: 60.6943%;\">174cm<\/td>\n<\/tr>\n<tr style=\"height: 24px;\">\n<td style=\"height: 24px; width: 54.7703%;\">Position<\/td>\n<td style=\"height: 24px; width: 60.6943%;\">Allrounder<\/td>\n<\/tr>\n<tr style=\"height: 24px;\">\n<td style=\"height: 24px; width: 54.7703%;\">Spielt Volleyball seit<\/td>\n<td style=\"height: 24px; width: 60.6943%;\">2019<\/td>\n<\/tr>\n<tr style=\"height: 24px;\">\n<td style=\"height: 24px; width: 54.7703%;\">Ist bei Wolfurt seit<\/td>\n<td style=\"height: 24px; width: 60.6943%;\">2019<\/td>\n<\/tr>\n<\/tbody>\n<\/table>\n<\/div>\n","protected":false},"excerpt":{"rendered":"<p>Nr. 5 Bechter Felix &nbsp; Allrounder &nbsp; Geburtsdatum 16.08.2009 Wohnort Egg Beruf Sch\u00fcler Funktion im Verein Spieler Lieblingsessen Raclett Lieblingsgetr\u00e4nk Holundersirup Beschreibt sich selbst als normaler Junge Gr\u00f6\u00dfe 174cm Position Allrounder Spielt Volleyball seit 2019 Ist bei Wolfurt seit 2019<\/p>\n","protected":false},"author":4,"featured_media":0,"parent":0,"menu_order":0,"comment_status":"closed","ping_status":"closed","template":"","meta":{"footnotes":""},"class_list":["post-2345","page","type-page","status-publish","hentry"],"_links":{"self":[{"href":"https:\/\/vcwolfurt.at\/index.php\/wp-json\/wp\/v2\/pages\/2345","targetHints":{"allow":["GET"]}}],"collection":[{"href":"https:\/\/vcwolfurt.at\/index.php\/wp-json\/wp\/v2\/pages"}],"about":[{"href":"https:\/\/vcwolfurt.at\/index.php\/wp-json\/wp\/v2\/types\/page"}],"author":[{"embeddable":true,"href":"https:\/\/vcwolfurt.at\/index.php\/wp-json\/wp\/v2\/users\/4"}],"replies":[{"embeddable":true,"href":"https:\/\/vcwolfurt.at\/index.php\/wp-json\/wp\/v2\/comments?post=2345"}],"version-history":[{"count":2,"href":"https:\/\/vcwolfurt.at\/index.php\/wp-json\/wp\/v2\/pages\/2345\/revisions"}],"predecessor-version":[{"id":2348,"href":"https:\/\/vcwolfurt.at\/index.php\/wp-json\/wp\/v2\/pages\/2345\/revisions\/2348"}],"wp:attachment":[{"href":"https:\/\/vcwolfurt.at\/index.php\/wp-json\/wp\/v2\/media?parent=2345"}],"curies":[{"name":"wp","href":"https:\/\/api.w.org\/{rel}","templated":true}]}}