{"id":2357,"date":"2023-12-16T09:18:42","date_gmt":"2023-12-16T08:18:42","guid":{"rendered":"https:\/\/vcwolfurt.at\/?page_id=2357"},"modified":"2023-12-16T09:19:25","modified_gmt":"2023-12-16T08:19:25","slug":"seidelmann-ben","status":"publish","type":"page","link":"https:\/\/vcwolfurt.at\/index.php\/seidelmann-ben\/","title":{"rendered":"Seidelmann Ben"},"content":{"rendered":"<div class=\"row\" style=\"background-color: #d8d9da;\">\n<div class=\"col-sm-2 col-xs-5 col-sm-offset-0\" style=\"padding: 0;\">\n<p><img loading=\"lazy\" decoding=\"async\" class=\"alignnone wp-image-2127 size-full\" src=\"https:\/\/vcwolfurt.at\/wp-content\/uploads\/2023\/08\/Platzhalter-Mann.jpg\" alt=\"\" width=\"693\" height=\"693\" srcset=\"https:\/\/vcwolfurt.at\/wp-content\/uploads\/2023\/08\/Platzhalter-Mann.jpg 693w, https:\/\/vcwolfurt.at\/wp-content\/uploads\/2023\/08\/Platzhalter-Mann-300x300.jpg 300w, https:\/\/vcwolfurt.at\/wp-content\/uploads\/2023\/08\/Platzhalter-Mann-150x150.jpg 150w\" sizes=\"auto, (max-width: 693px) 100vw, 693px\" \/><\/p>\n<\/div>\n<div class=\"col-sm-9 col-xs-7 col-sm-offset-0\" style=\"background-color: #d8d9da; padding: 0;\">\n<div class=\"col-xs-12\" style=\"padding: 0.8em; padding-left: 2em;\">\n<h1>Nr. 4<\/h1>\n<\/div>\n<div class=\"col-xs-12\" style=\"padding: 0.8em; padding-left: 2em;\">\n<h2>Seidelmann Ben<\/h2>\n<p>&nbsp;<\/p>\n<h3>Mitte<\/h3>\n<\/div>\n<\/div>\n<\/div>\n<p>&nbsp;<\/p>\n<div class=\"row player-type\">\n<table class=\"player-list\">\n<tbody>\n<tr>\n<td>Geburtsdatum<\/td>\n<td>25.08.2007<\/td>\n<\/tr>\n<tr>\n<td>Wohnort<\/td>\n<td>Bregenz<\/td>\n<\/tr>\n<tr>\n<td>Beruf<\/td>\n<td>Koch Lehrling<\/td>\n<\/tr>\n<tr>\n<td>Funktion im Verein<\/td>\n<td>Spieler<\/td>\n<\/tr>\n<tr>\n<td>Lieblingsessen<\/td>\n<td>Pommes<\/td>\n<\/tr>\n<tr>\n<td>Lieblingsgetr\u00e4nk<\/td>\n<td>Wasser<\/td>\n<\/tr>\n<tr>\n<td>Beschreibt sich selbst als<\/td>\n<td><\/td>\n<\/tr>\n<tr>\n<td>Gr\u00f6\u00dfe<\/td>\n<td>186cm<\/td>\n<\/tr>\n<tr>\n<td>Position<\/td>\n<td>Mittelblocker<\/td>\n<\/tr>\n<tr>\n<td>Spielt Volleyball seit<\/td>\n<td>2021<\/td>\n<\/tr>\n<tr>\n<td>Ist bei Wolfurt seit<\/td>\n<td>2021<\/td>\n<\/tr>\n<\/tbody>\n<\/table>\n<\/div>\n","protected":false},"excerpt":{"rendered":"<p>Nr. 4 Seidelmann Ben &nbsp; Mitte &nbsp; Geburtsdatum 25.08.2007 Wohnort Bregenz Beruf Koch Lehrling Funktion im Verein Spieler Lieblingsessen Pommes Lieblingsgetr\u00e4nk Wasser Beschreibt sich selbst als Gr\u00f6\u00dfe 186cm Position Mittelblocker Spielt Volleyball seit 2021 Ist bei Wolfurt seit 2021<\/p>\n","protected":false},"author":4,"featured_media":0,"parent":0,"menu_order":0,"comment_status":"closed","ping_status":"closed","template":"","meta":{"footnotes":""},"class_list":["post-2357","page","type-page","status-publish","hentry"],"_links":{"self":[{"href":"https:\/\/vcwolfurt.at\/index.php\/wp-json\/wp\/v2\/pages\/2357","targetHints":{"allow":["GET"]}}],"collection":[{"href":"https:\/\/vcwolfurt.at\/index.php\/wp-json\/wp\/v2\/pages"}],"about":[{"href":"https:\/\/vcwolfurt.at\/index.php\/wp-json\/wp\/v2\/types\/page"}],"author":[{"embeddable":true,"href":"https:\/\/vcwolfurt.at\/index.php\/wp-json\/wp\/v2\/users\/4"}],"replies":[{"embeddable":true,"href":"https:\/\/vcwolfurt.at\/index.php\/wp-json\/wp\/v2\/comments?post=2357"}],"version-history":[{"count":1,"href":"https:\/\/vcwolfurt.at\/index.php\/wp-json\/wp\/v2\/pages\/2357\/revisions"}],"predecessor-version":[{"id":2358,"href":"https:\/\/vcwolfurt.at\/index.php\/wp-json\/wp\/v2\/pages\/2357\/revisions\/2358"}],"wp:attachment":[{"href":"https:\/\/vcwolfurt.at\/index.php\/wp-json\/wp\/v2\/media?parent=2357"}],"curies":[{"name":"wp","href":"https:\/\/api.w.org\/{rel}","templated":true}]}}