{"id":2360,"date":"2023-12-16T09:25:58","date_gmt":"2023-12-16T08:25:58","guid":{"rendered":"https:\/\/vcwolfurt.at\/?page_id=2360"},"modified":"2023-12-16T09:30:43","modified_gmt":"2023-12-16T08:30:43","slug":"david-doblhamer","status":"publish","type":"page","link":"https:\/\/vcwolfurt.at\/index.php\/david-doblhamer\/","title":{"rendered":"David Doblhamer"},"content":{"rendered":"<div class=\"row\" style=\"background-color: #d8d9da;\">\n<div class=\"col-sm-2 col-xs-5 col-sm-offset-0\" style=\"padding: 0;\">\n<p><img loading=\"lazy\" decoding=\"async\" class=\"alignnone wp-image-2234 size-full\" src=\"https:\/\/vcwolfurt.at\/wp-content\/uploads\/2023\/12\/DSCF0564.png\" alt=\"\" width=\"1000\" height=\"1262\" srcset=\"https:\/\/vcwolfurt.at\/wp-content\/uploads\/2023\/12\/DSCF0564.png 1000w, https:\/\/vcwolfurt.at\/wp-content\/uploads\/2023\/12\/DSCF0564-238x300.png 238w, https:\/\/vcwolfurt.at\/wp-content\/uploads\/2023\/12\/DSCF0564-811x1024.png 811w, https:\/\/vcwolfurt.at\/wp-content\/uploads\/2023\/12\/DSCF0564-768x969.png 768w\" sizes=\"auto, (max-width: 1000px) 100vw, 1000px\" \/><\/p>\n<\/div>\n<div class=\"col-sm-9 col-xs-7 col-sm-offset-0\" style=\"background-color: #d8d9da; padding: 0;\">\n<div class=\"col-xs-12\" style=\"padding: 0.8em; padding-left: 2em;\">\n<h1>Nr. 6<\/h1>\n<\/div>\n<div class=\"col-xs-12\" style=\"padding: 0.8em; padding-left: 2em;\">\n<h2>Doblhamer David<\/h2>\n<p>&nbsp;<\/p>\n<h3>Au\u00dfenangriff<\/h3>\n<\/div>\n<\/div>\n<\/div>\n<p>&nbsp;<\/p>\n<div class=\"row player-type\">\n<table class=\"player-list\" style=\"width: 62.9366%; height: 264px;\">\n<tbody>\n<tr style=\"height: 24px;\">\n<td style=\"height: 24px; width: 54.7703%;\">Geburtsdatum<\/td>\n<td style=\"height: 24px; width: 107.078%;\">21.09.2006<\/td>\n<\/tr>\n<tr style=\"height: 24px;\">\n<td style=\"height: 24px; width: 54.7703%;\">Wohnort<\/td>\n<td style=\"height: 24px; width: 107.078%;\">Schwarzach<\/td>\n<\/tr>\n<tr style=\"height: 24px;\">\n<td style=\"height: 24px; width: 54.7703%;\">Beruf<\/td>\n<td style=\"height: 24px; width: 107.078%;\">Konstrukteur Lehrling<\/td>\n<\/tr>\n<tr style=\"height: 24px;\">\n<td style=\"height: 24px; width: 54.7703%;\">Funktion im Verein<\/td>\n<td style=\"height: 24px; width: 107.078%;\">Spieler<\/td>\n<\/tr>\n<tr style=\"height: 24px;\">\n<td style=\"height: 24px; width: 54.7703%;\">Lieblingsessen<\/td>\n<td style=\"height: 24px; width: 107.078%;\">D\u00f6ner<\/td>\n<\/tr>\n<tr style=\"height: 24px;\">\n<td style=\"height: 24px; width: 54.7703%;\">Lieblingsgetr\u00e4nk<\/td>\n<td style=\"height: 24px; width: 107.078%;\">Eistee Zitrone<\/td>\n<\/tr>\n<tr style=\"height: 24px;\">\n<td style=\"height: 24px; width: 54.7703%;\">Beschreibt sich selbst als<\/td>\n<td style=\"height: 24px; width: 107.078%;\">Teamplayer<\/td>\n<\/tr>\n<tr style=\"height: 24px;\">\n<td style=\"height: 24px; width: 54.7703%;\">Gr\u00f6\u00dfe<\/td>\n<td style=\"height: 24px; width: 107.078%;\">184cm<\/td>\n<\/tr>\n<tr style=\"height: 24px;\">\n<td style=\"height: 24px; width: 54.7703%;\">Position<\/td>\n<td style=\"height: 24px; width: 107.078%;\">Au\u00dfenangreifer<\/td>\n<\/tr>\n<tr style=\"height: 24px;\">\n<td style=\"height: 24px; width: 54.7703%;\">Spielt Volleyball seit<\/td>\n<td style=\"height: 24px; width: 107.078%;\">2020<\/td>\n<\/tr>\n<tr style=\"height: 24px;\">\n<td style=\"height: 24px; width: 54.7703%;\">Ist bei Wolfurt seit<\/td>\n<td style=\"height: 24px; width: 107.078%;\">2020<\/td>\n<\/tr>\n<\/tbody>\n<\/table>\n<\/div>\n","protected":false},"excerpt":{"rendered":"<p>Nr. 6 Doblhamer David &nbsp; Au\u00dfenangriff &nbsp; Geburtsdatum 21.09.2006 Wohnort Schwarzach Beruf Konstrukteur Lehrling Funktion im Verein Spieler Lieblingsessen D\u00f6ner Lieblingsgetr\u00e4nk Eistee Zitrone Beschreibt sich selbst als Teamplayer Gr\u00f6\u00dfe 184cm Position Au\u00dfenangreifer Spielt Volleyball seit 2020 Ist bei Wolfurt seit 2020<\/p>\n","protected":false},"author":4,"featured_media":0,"parent":0,"menu_order":0,"comment_status":"closed","ping_status":"closed","template":"","meta":{"footnotes":""},"class_list":["post-2360","page","type-page","status-publish","hentry"],"_links":{"self":[{"href":"https:\/\/vcwolfurt.at\/index.php\/wp-json\/wp\/v2\/pages\/2360","targetHints":{"allow":["GET"]}}],"collection":[{"href":"https:\/\/vcwolfurt.at\/index.php\/wp-json\/wp\/v2\/pages"}],"about":[{"href":"https:\/\/vcwolfurt.at\/index.php\/wp-json\/wp\/v2\/types\/page"}],"author":[{"embeddable":true,"href":"https:\/\/vcwolfurt.at\/index.php\/wp-json\/wp\/v2\/users\/4"}],"replies":[{"embeddable":true,"href":"https:\/\/vcwolfurt.at\/index.php\/wp-json\/wp\/v2\/comments?post=2360"}],"version-history":[{"count":3,"href":"https:\/\/vcwolfurt.at\/index.php\/wp-json\/wp\/v2\/pages\/2360\/revisions"}],"predecessor-version":[{"id":2364,"href":"https:\/\/vcwolfurt.at\/index.php\/wp-json\/wp\/v2\/pages\/2360\/revisions\/2364"}],"wp:attachment":[{"href":"https:\/\/vcwolfurt.at\/index.php\/wp-json\/wp\/v2\/media?parent=2360"}],"curies":[{"name":"wp","href":"https:\/\/api.w.org\/{rel}","templated":true}]}}