{"id":2373,"date":"2023-12-20T07:53:58","date_gmt":"2023-12-20T06:53:58","guid":{"rendered":"https:\/\/vcwolfurt.at\/?page_id=2373"},"modified":"2023-12-20T07:54:55","modified_gmt":"2023-12-20T06:54:55","slug":"jakob-winder","status":"publish","type":"page","link":"https:\/\/vcwolfurt.at\/index.php\/jakob-winder\/","title":{"rendered":"Jakob Winder"},"content":{"rendered":"<div class=\"row\" style=\"background-color: #d8d9da;\">\n<div class=\"col-sm-2 col-xs-5 col-sm-offset-0\" style=\"padding: 0;\">\n<p><img loading=\"lazy\" decoding=\"async\" class=\"alignnone wp-image-2135 size-full\" src=\"https:\/\/vcwolfurt.at\/wp-content\/uploads\/2023\/08\/DSCF0072.png\" alt=\"\" width=\"1219\" height=\"1581\" srcset=\"https:\/\/vcwolfurt.at\/wp-content\/uploads\/2023\/08\/DSCF0072.png 1219w, https:\/\/vcwolfurt.at\/wp-content\/uploads\/2023\/08\/DSCF0072-231x300.png 231w, https:\/\/vcwolfurt.at\/wp-content\/uploads\/2023\/08\/DSCF0072-790x1024.png 790w, https:\/\/vcwolfurt.at\/wp-content\/uploads\/2023\/08\/DSCF0072-768x996.png 768w, https:\/\/vcwolfurt.at\/wp-content\/uploads\/2023\/08\/DSCF0072-1184x1536.png 1184w\" sizes=\"auto, (max-width: 1219px) 100vw, 1219px\" \/><\/p>\n<\/div>\n<div class=\"col-sm-9 col-xs-7 col-sm-offset-0\" style=\"background-color: #d8d9da; padding: 0;\">\n<div class=\"col-xs-12\" style=\"padding: 0.8em; padding-left: 2em;\">\n<h1>Nr. 6<\/h1>\n<\/div>\n<div class=\"col-xs-12\" style=\"padding: 0.8em; padding-left: 2em;\">\n<h2>Winder Jakob<\/h2>\n<p>&nbsp;<\/p>\n<h3>Libero<\/h3>\n<\/div>\n<\/div>\n<\/div>\n<p>&nbsp;<\/p>\n<div class=\"row player-type\">\n<table class=\"player-list\">\n<tbody>\n<tr>\n<td>Geburtsdatum<\/td>\n<td>10.01.2007<\/td>\n<\/tr>\n<tr>\n<td>Wohnort<\/td>\n<td>Bildstein<\/td>\n<\/tr>\n<tr>\n<td>Beruf<\/td>\n<td>Lehrling bei Schlosserei Klocker<\/td>\n<\/tr>\n<tr>\n<td>Funktion im Verein<\/td>\n<td>Spieler<\/td>\n<\/tr>\n<tr>\n<td>Lieblingsessen<\/td>\n<td>Steak medium rare<\/td>\n<\/tr>\n<tr>\n<td>Lieblingsgetr\u00e4nk<\/td>\n<td>Wasser<\/td>\n<\/tr>\n<tr>\n<td>Beschreibt sich selbst als<\/td>\n<td>Zielstrebig<\/td>\n<\/tr>\n<tr>\n<td>Gr\u00f6\u00dfe<\/td>\n<td>179cm<\/td>\n<\/tr>\n<tr>\n<td>Position<\/td>\n<td>Libero<\/td>\n<\/tr>\n<tr>\n<td>Spielt Volleyball seit<\/td>\n<td>2015<\/td>\n<\/tr>\n<tr>\n<td>Ist bei Wolfurt seit<\/td>\n<td>2015<\/td>\n<\/tr>\n<\/tbody>\n<\/table>\n<\/div>\n","protected":false},"excerpt":{"rendered":"<p>Nr. 6 Winder Jakob &nbsp; Libero &nbsp; Geburtsdatum 10.01.2007 Wohnort Bildstein Beruf Lehrling bei Schlosserei Klocker Funktion im Verein Spieler Lieblingsessen Steak medium rare Lieblingsgetr\u00e4nk Wasser Beschreibt sich selbst als Zielstrebig Gr\u00f6\u00dfe 179cm Position Libero Spielt Volleyball seit 2015 Ist bei Wolfurt seit 2015<\/p>\n","protected":false},"author":4,"featured_media":0,"parent":0,"menu_order":0,"comment_status":"closed","ping_status":"closed","template":"","meta":{"footnotes":""},"class_list":["post-2373","page","type-page","status-publish","hentry"],"_links":{"self":[{"href":"https:\/\/vcwolfurt.at\/index.php\/wp-json\/wp\/v2\/pages\/2373","targetHints":{"allow":["GET"]}}],"collection":[{"href":"https:\/\/vcwolfurt.at\/index.php\/wp-json\/wp\/v2\/pages"}],"about":[{"href":"https:\/\/vcwolfurt.at\/index.php\/wp-json\/wp\/v2\/types\/page"}],"author":[{"embeddable":true,"href":"https:\/\/vcwolfurt.at\/index.php\/wp-json\/wp\/v2\/users\/4"}],"replies":[{"embeddable":true,"href":"https:\/\/vcwolfurt.at\/index.php\/wp-json\/wp\/v2\/comments?post=2373"}],"version-history":[{"count":2,"href":"https:\/\/vcwolfurt.at\/index.php\/wp-json\/wp\/v2\/pages\/2373\/revisions"}],"predecessor-version":[{"id":2376,"href":"https:\/\/vcwolfurt.at\/index.php\/wp-json\/wp\/v2\/pages\/2373\/revisions\/2376"}],"wp:attachment":[{"href":"https:\/\/vcwolfurt.at\/index.php\/wp-json\/wp\/v2\/media?parent=2373"}],"curies":[{"name":"wp","href":"https:\/\/api.w.org\/{rel}","templated":true}]}}