{"id":2451,"date":"2024-01-09T16:40:01","date_gmt":"2024-01-09T15:40:01","guid":{"rendered":"https:\/\/vcwolfurt.at\/?page_id=2451"},"modified":"2024-01-09T16:40:01","modified_gmt":"2024-01-09T15:40:01","slug":"leila-hotschubearova","status":"publish","type":"page","link":"https:\/\/vcwolfurt.at\/index.php\/leila-hotschubearova\/","title":{"rendered":"Leila Hotschubearova"},"content":{"rendered":"<div class=\"row\" style=\"background-color: #d8d9da;\">\n<div class=\"col-sm-2 col-xs-5 col-sm-offset-0\" style=\"padding: 0;\">\n<p><img loading=\"lazy\" decoding=\"async\" class=\"alignnone wp-image-2417 size-full\" src=\"https:\/\/vcwolfurt.at\/wp-content\/uploads\/2024\/01\/DSCF0443.png\" alt=\"\" width=\"1000\" height=\"1335\" srcset=\"https:\/\/vcwolfurt.at\/wp-content\/uploads\/2024\/01\/DSCF0443.png 1000w, https:\/\/vcwolfurt.at\/wp-content\/uploads\/2024\/01\/DSCF0443-225x300.png 225w, https:\/\/vcwolfurt.at\/wp-content\/uploads\/2024\/01\/DSCF0443-767x1024.png 767w, https:\/\/vcwolfurt.at\/wp-content\/uploads\/2024\/01\/DSCF0443-768x1025.png 768w\" sizes=\"auto, (max-width: 1000px) 100vw, 1000px\" \/><\/p>\n<\/div>\n<div class=\"col-sm-9 col-xs-7 col-sm-offset-0\" style=\"background-color: #d8d9da; padding: 0;\">\n<div class=\"col-xs-12\" style=\"padding: 0.8em; padding-left: 2em;\">\n<h1>Nr. 7<\/h1>\n<\/div>\n<div class=\"col-xs-12\" style=\"padding: 0.8em; padding-left: 2em;\">\n<h2>Hotschubearova Leila<\/h2>\n<p>&nbsp;<\/p>\n<h3>Au\u00dfenangriff<\/h3>\n<\/div>\n<\/div>\n<\/div>\n<p>&nbsp;<\/p>\n<div class=\"row player-type\">\n<table class=\"player-list\" style=\"width: 37.3066%;\">\n<tbody>\n<tr>\n<td style=\"width: 44.25%;\">Spitzname<\/td>\n<td style=\"width: 81.4722%;\">Leila<\/td>\n<\/tr>\n<tr>\n<td style=\"width: 44.25%;\">Geburtsdatum<\/td>\n<td style=\"width: 81.4722%;\">02.08.2007<\/td>\n<\/tr>\n<tr>\n<td style=\"width: 44.25%;\">Wohnort<\/td>\n<td style=\"width: 81.4722%;\">Bregenz<\/td>\n<\/tr>\n<tr>\n<td style=\"width: 44.25%;\">Beruf<\/td>\n<td style=\"width: 81.4722%;\">Sch\u00fclerin<\/td>\n<\/tr>\n<tr>\n<td style=\"width: 44.25%;\">Funktion im Verein<\/td>\n<td style=\"width: 81.4722%;\">Spielerin<\/td>\n<\/tr>\n<tr>\n<td style=\"width: 44.25%;\">Lieblingsessen<\/td>\n<td style=\"width: 81.4722%;\">Pizza<\/td>\n<\/tr>\n<tr>\n<td style=\"width: 44.25%;\">Lieblingsgetr\u00e4nk<\/td>\n<td style=\"width: 81.4722%;\">Wasser<\/td>\n<\/tr>\n<tr>\n<td style=\"width: 44.25%;\">Beschreibt sich selbst als<\/td>\n<td style=\"width: 81.4722%;\">ruhig und gibt immer 100%<\/td>\n<\/tr>\n<tr>\n<td style=\"width: 44.25%;\">Gr\u00f6\u00dfe<\/td>\n<td style=\"width: 81.4722%;\">170cm<\/td>\n<\/tr>\n<tr>\n<td style=\"width: 44.25%;\">Position<\/td>\n<td style=\"width: 81.4722%;\">Au\u00dfenangriff<\/td>\n<\/tr>\n<tr>\n<td style=\"width: 44.25%;\">Spielt Volleyball seit<\/td>\n<td style=\"width: 81.4722%;\">2018<\/td>\n<\/tr>\n<tr>\n<td style=\"width: 44.25%;\">Ist bei Wolfurt seit<\/td>\n<td style=\"width: 81.4722%;\">2020<\/td>\n<\/tr>\n<\/tbody>\n<\/table>\n<\/div>\n","protected":false},"excerpt":{"rendered":"<p>Nr. 7 Hotschubearova Leila &nbsp; Au\u00dfenangriff &nbsp; Spitzname Leila Geburtsdatum 02.08.2007 Wohnort Bregenz Beruf Sch\u00fclerin Funktion im Verein Spielerin Lieblingsessen Pizza Lieblingsgetr\u00e4nk Wasser Beschreibt sich selbst als ruhig und gibt immer 100% Gr\u00f6\u00dfe 170cm Position Au\u00dfenangriff Spielt Volleyball seit 2018 Ist bei Wolfurt seit 2020<\/p>\n","protected":false},"author":4,"featured_media":0,"parent":0,"menu_order":0,"comment_status":"closed","ping_status":"closed","template":"","meta":{"footnotes":""},"class_list":["post-2451","page","type-page","status-publish","hentry"],"_links":{"self":[{"href":"https:\/\/vcwolfurt.at\/index.php\/wp-json\/wp\/v2\/pages\/2451","targetHints":{"allow":["GET"]}}],"collection":[{"href":"https:\/\/vcwolfurt.at\/index.php\/wp-json\/wp\/v2\/pages"}],"about":[{"href":"https:\/\/vcwolfurt.at\/index.php\/wp-json\/wp\/v2\/types\/page"}],"author":[{"embeddable":true,"href":"https:\/\/vcwolfurt.at\/index.php\/wp-json\/wp\/v2\/users\/4"}],"replies":[{"embeddable":true,"href":"https:\/\/vcwolfurt.at\/index.php\/wp-json\/wp\/v2\/comments?post=2451"}],"version-history":[{"count":1,"href":"https:\/\/vcwolfurt.at\/index.php\/wp-json\/wp\/v2\/pages\/2451\/revisions"}],"predecessor-version":[{"id":2452,"href":"https:\/\/vcwolfurt.at\/index.php\/wp-json\/wp\/v2\/pages\/2451\/revisions\/2452"}],"wp:attachment":[{"href":"https:\/\/vcwolfurt.at\/index.php\/wp-json\/wp\/v2\/media?parent=2451"}],"curies":[{"name":"wp","href":"https:\/\/api.w.org\/{rel}","templated":true}]}}