{"id":2470,"date":"2024-01-09T16:56:58","date_gmt":"2024-01-09T15:56:58","guid":{"rendered":"https:\/\/vcwolfurt.at\/?page_id=2470"},"modified":"2024-01-09T16:57:06","modified_gmt":"2024-01-09T15:57:06","slug":"marlena-huber","status":"publish","type":"page","link":"https:\/\/vcwolfurt.at\/index.php\/marlena-huber\/","title":{"rendered":"Marlena Huber"},"content":{"rendered":"<div class=\"row\" style=\"background-color: #d8d9da;\">\n<div class=\"col-sm-2 col-xs-5 col-sm-offset-0\" style=\"padding: 0;\">\n<p><img loading=\"lazy\" decoding=\"async\" class=\"alignnone wp-image-2127 size-full\" src=\"https:\/\/vcwolfurt.at\/wp-content\/uploads\/2023\/08\/Platzhalter-Mann.jpg\" alt=\"\" width=\"693\" height=\"693\" srcset=\"https:\/\/vcwolfurt.at\/wp-content\/uploads\/2023\/08\/Platzhalter-Mann.jpg 693w, https:\/\/vcwolfurt.at\/wp-content\/uploads\/2023\/08\/Platzhalter-Mann-300x300.jpg 300w, https:\/\/vcwolfurt.at\/wp-content\/uploads\/2023\/08\/Platzhalter-Mann-150x150.jpg 150w\" sizes=\"auto, (max-width: 693px) 100vw, 693px\" \/><\/p>\n<\/div>\n<div class=\"col-sm-9 col-xs-7 col-sm-offset-0\" style=\"background-color: #d8d9da; padding: 0;\">\n<div class=\"col-xs-12\" style=\"padding: 0.8em; padding-left: 2em;\">\n<h1>Nr. 16<\/h1>\n<\/div>\n<div class=\"col-xs-12\" style=\"padding: 0.8em; padding-left: 2em;\">\n<h2>Huber Marlena<\/h2>\n<p>&nbsp;<\/p>\n<h3>Aussen<\/h3>\n<\/div>\n<\/div>\n<\/div>\n<p>&nbsp;<\/p>\n<div class=\"row player-type\">\n<table class=\"player-list\" style=\"width: 31.5368%;\">\n<tbody>\n<tr>\n<td style=\"width: 31.1504%;\">Geburtsdatum<\/td>\n<td style=\"width: 79.6953%;\">26.08.1998<\/td>\n<\/tr>\n<tr>\n<td style=\"width: 31.1504%;\">Wohnort<\/td>\n<td style=\"width: 79.6953%;\">Dornbirn<\/td>\n<\/tr>\n<tr>\n<td style=\"width: 31.1504%;\">Beruf<\/td>\n<td style=\"width: 79.6953%;\">Findungsphase \ud83d\ude00 (Psychologin &amp; Sportwissenschaftlerin)<\/td>\n<\/tr>\n<tr>\n<td style=\"width: 31.1504%;\">Funktion im Verein<\/td>\n<td style=\"width: 79.6953%;\">Spieler, Dani&#8217;s Gehilfin<\/td>\n<\/tr>\n<tr>\n<td style=\"width: 31.1504%;\">Lieblingsessen<\/td>\n<td style=\"width: 79.6953%;\">Buddha Bowl<\/td>\n<\/tr>\n<tr>\n<td style=\"width: 31.1504%;\">Lieblingsgetr\u00e4nk<\/td>\n<td style=\"width: 79.6953%;\">Holunders\u00e4ftle<\/td>\n<\/tr>\n<tr>\n<td style=\"width: 31.1504%;\">Gr\u00f6\u00dfe<\/td>\n<td style=\"width: 79.6953%;\">167cm<\/td>\n<\/tr>\n<tr>\n<td style=\"width: 31.1504%;\">Position<\/td>\n<td style=\"width: 79.6953%;\">Aussen<\/td>\n<\/tr>\n<tr>\n<td style=\"width: 31.1504%;\">Spielt Volleyball seit<\/td>\n<td style=\"width: 79.6953%;\">2016<\/td>\n<\/tr>\n<tr>\n<td style=\"width: 31.1504%;\">Ist bei Wolfurt seit<\/td>\n<td style=\"width: 79.6953%;\">2023<\/td>\n<\/tr>\n<tr>\n<td style=\"width: 31.1504%;\"><\/td>\n<td style=\"width: 79.6953%;\"><\/td>\n<\/tr>\n<\/tbody>\n<\/table>\n<\/div>\n","protected":false},"excerpt":{"rendered":"<p>Nr. 16 Huber Marlena &nbsp; Aussen &nbsp; Geburtsdatum 26.08.1998 Wohnort Dornbirn Beruf Findungsphase \ud83d\ude00 (Psychologin &amp; Sportwissenschaftlerin) Funktion im Verein Spieler, Dani&#8217;s Gehilfin Lieblingsessen Buddha Bowl Lieblingsgetr\u00e4nk Holunders\u00e4ftle Gr\u00f6\u00dfe 167cm Position Aussen Spielt Volleyball seit 2016 Ist bei Wolfurt seit 2023<\/p>\n","protected":false},"author":4,"featured_media":0,"parent":0,"menu_order":0,"comment_status":"closed","ping_status":"closed","template":"","meta":{"footnotes":""},"class_list":["post-2470","page","type-page","status-publish","hentry"],"_links":{"self":[{"href":"https:\/\/vcwolfurt.at\/index.php\/wp-json\/wp\/v2\/pages\/2470","targetHints":{"allow":["GET"]}}],"collection":[{"href":"https:\/\/vcwolfurt.at\/index.php\/wp-json\/wp\/v2\/pages"}],"about":[{"href":"https:\/\/vcwolfurt.at\/index.php\/wp-json\/wp\/v2\/types\/page"}],"author":[{"embeddable":true,"href":"https:\/\/vcwolfurt.at\/index.php\/wp-json\/wp\/v2\/users\/4"}],"replies":[{"embeddable":true,"href":"https:\/\/vcwolfurt.at\/index.php\/wp-json\/wp\/v2\/comments?post=2470"}],"version-history":[{"count":1,"href":"https:\/\/vcwolfurt.at\/index.php\/wp-json\/wp\/v2\/pages\/2470\/revisions"}],"predecessor-version":[{"id":2471,"href":"https:\/\/vcwolfurt.at\/index.php\/wp-json\/wp\/v2\/pages\/2470\/revisions\/2471"}],"wp:attachment":[{"href":"https:\/\/vcwolfurt.at\/index.php\/wp-json\/wp\/v2\/media?parent=2470"}],"curies":[{"name":"wp","href":"https:\/\/api.w.org\/{rel}","templated":true}]}}