{"id":272,"date":"2018-03-13T14:47:59","date_gmt":"2018-03-13T13:47:59","guid":{"rendered":"http:\/\/new.vcwolfurt.at\/?page_id=272"},"modified":"2025-04-24T06:51:22","modified_gmt":"2025-04-24T04:51:22","slug":"wie-kann-ich-den-vc-wolfurt-unterstuetzen","status":"publish","type":"page","link":"https:\/\/vcwolfurt.at\/index.php\/wie-kann-ich-den-vc-wolfurt-unterstuetzen\/","title":{"rendered":"Sponsorm\u00f6glichkeiten"},"content":{"rendered":"<h2>Dressenwerbung<\/h2>\n<p><img loading=\"lazy\" decoding=\"async\" class=\"alignleft size-thumbnail wp-image-752\" style=\"margin-bottom: 50px;\" src=\"https:\/\/vcwolfurt.at\/wp-content\/uploads\/2018\/04\/Dressponsoring-300x199.jpg\" alt=\"\" width=\"300\" height=\"199\" srcset=\"https:\/\/vcwolfurt.at\/wp-content\/uploads\/2018\/04\/Dressponsoring-300x199.jpg 300w, https:\/\/vcwolfurt.at\/wp-content\/uploads\/2018\/04\/Dressponsoring-768x511.jpg 768w, https:\/\/vcwolfurt.at\/wp-content\/uploads\/2018\/04\/Dressponsoring-1024x681.jpg 1024w\" sizes=\"auto, (max-width: 300px) 100vw, 300px\" \/>N\u00fctzen Sie die Werbefl\u00e4chen auf den Dressen unserer Spieler. Sie sind damit bei jedem Pressebericht \u00fcber unser Team gro\u00df im Bild, live am Geschehen und bringt Ihnen hohe Blickkontakte.<br \/>\nEs bestehen folgende M\u00f6glichkeiten, sich auf der Bekleidung der Spieler zu pr\u00e4sentieren:<\/p>\n<ul>\n<li><span style=\"font-size: 1.2em; line-height: 1.5em;\">Dress (Vorder- und R\u00fcckseite)<\/span><\/li>\n<li><span style=\"font-size: 1.2em; line-height: 1.5em;\">Hose (Vorder- und R\u00fcckseite)<\/span><\/li>\n<li><span style=\"font-size: 1.2em; line-height: 1.5em;\">\u00c4rmel Einzelsponsor (Exklusivsponsoring)<\/span><\/li>\n<li><span style=\"font-size: 1.2em; line-height: 1.5em;\">Trainer<\/span><\/li>\n<li><span style=\"font-size: 1.2em; line-height: 1.5em;\">Ballkinder<\/span><\/li>\n<\/ul>\n<hr style=\"margin-top: 50px; margin-bottom: 50px;\" \/>\n<h2>Aufw\u00e4rmkleidung<\/h2>\n<ul>\n<li><span style=\"font-size: 1.2em; line-height: 1.5em;\">Werbem\u00f6glichkeit auf der Vorder- und R\u00fcckseite des Trainingsanzuges<\/span><\/li>\n<li><span style=\"font-size: 1.2em; line-height: 1.5em;\">Aufw\u00e4rm-T-Shirts<\/span><\/li>\n<\/ul>\n<hr style=\"margin-top: 50px; margin-bottom: 50px;\" \/>\n<h2>Transparentwerbung Halle<\/h2>\n<p><img loading=\"lazy\" decoding=\"async\" class=\"alignleft size-medium wp-image-751\" style=\"margin-bottom: 50px;\" src=\"https:\/\/vcwolfurt.at\/wp-content\/uploads\/2018\/04\/Sponsorm\u00f6glichkeitBande-300x199.jpg\" alt=\"\" width=\"300\" height=\"199\" srcset=\"https:\/\/vcwolfurt.at\/wp-content\/uploads\/2018\/04\/Sponsorm\u00f6glichkeitBande-300x199.jpg 300w, https:\/\/vcwolfurt.at\/wp-content\/uploads\/2018\/04\/Sponsorm\u00f6glichkeitBande-768x511.jpg 768w, https:\/\/vcwolfurt.at\/wp-content\/uploads\/2018\/04\/Sponsorm\u00f6glichkeitBande-1024x681.jpg 1024w\" sizes=\"auto, (max-width: 300px) 100vw, 300px\" \/>Platzieren Sie Ihre Werbung rund um unsere Spielfl\u00e4che &#8211; n\u00fctzen Sie die M\u00f6glichkeit, Ihre Werbung auf einem Transparent zu platzieren.<\/p>\n<hr style=\"margin-top: 50px; margin-bottom: 50px; width: 100%;\" \/>\n<h2>Hallenboden<\/h2>\n<p>N\u00fctzen Sie die M\u00f6glichkeit, Ihre Werbung auf dem Hallenboden zu platzieren. Dies ist sicherlich die effektivste Werbem\u00f6glichkeit f\u00fcr die Zuschauer.<\/p>\n<hr style=\"margin-top: 50px; margin-bottom: 50px;\" \/>\n<h2>Werbedurchsagen<\/h2>\n<p>Vor, w\u00e4hrend und nach dem Spiel wird Ihre Werbedurchsage von uns durchgegeben &#8211; Sie k\u00f6nnen so einem breiten Publikum Ihre Werbeaktivit\u00e4ten, Aktionen, Veranstaltungen etc. n\u00e4her bringen.<\/p>\n<hr style=\"margin-top: 50px; margin-bottom: 50px;\" \/>\n<h2>Logos auf Sitzpl\u00e4tzen<\/h2>\n<ul>\n<li><span style=\"font-size: 1.2em; line-height: 1.5em;\">Aufw\u00e4rm-T-Shirts<\/span><\/li>\n<li><span style=\"font-size: 1.2em; line-height: 1.5em;\">Werbung auf der Bekleidung aller Mitarbeiter<\/span><\/li>\n<li><span style=\"font-size: 1.2em; line-height: 1.5em;\">Hallenuhrwerbung (um die Uhr)<\/span><\/li>\n<li><span style=\"font-size: 1.2em; line-height: 1.5em;\">Pr\u00e4sentationscorner f\u00fcr Firmen<\/span><\/li>\n<li><span style=\"font-size: 1.2em; line-height: 1.5em;\">Pr\u00e4sentation Ihrer Produkte vor und nach dem Spiel &#8211; Ihrer Phantasie sind keine Grenzen gesetzt.<\/span><\/li>\n<\/ul>\n<p>&nbsp;<\/p>\n<hr style=\"margin-top: 50px; margin-bottom: 50px;\" \/>\n<h2>Sponsoring Kontakt:<\/h2>\n<p>Unsere Sponsorenangebote sollen nur eine Auswahl darstellen, f\u00fcr individuelle Vorschl\u00e4ge ist unser Verein immer offen. Gerne k\u00f6nnen sie unseren Obmann Sebastian Vonach kontaktieren, er steht gerne f\u00fcr Termine aber auch Telefonate zur Verf\u00fcgung. Da es sehr viele M\u00f6glichkeiten gibt den Raiffeisen VCWolfurt zu unterst\u00fctzen, k\u00f6nnen bei pers\u00f6nlichen Gespr\u00e4chen individuell angepasste Pakete geschn\u00fcrt werden.<\/p>\n<table class=\"board-list\">\n<tbody>\n<tr>\n<td style=\"min-width: 50px; min-height: 150px;\" width=\"15%\"><img loading=\"lazy\" decoding=\"async\" class=\"alignnone wp-image-1439 size-large\" style=\"min-width: 120px; height: auto;\" src=\"https:\/\/vcwolfurt.at\/wp-content\/uploads\/2021\/08\/DSCF1806-856x1024.jpg\" alt=\"\" width=\"856\" height=\"1024\" srcset=\"https:\/\/vcwolfurt.at\/wp-content\/uploads\/2021\/08\/DSCF1806-856x1024.jpg 856w, https:\/\/vcwolfurt.at\/wp-content\/uploads\/2021\/08\/DSCF1806-251x300.jpg 251w, https:\/\/vcwolfurt.at\/wp-content\/uploads\/2021\/08\/DSCF1806-768x918.jpg 768w, https:\/\/vcwolfurt.at\/wp-content\/uploads\/2021\/08\/DSCF1806-1284x1536.jpg 1284w, https:\/\/vcwolfurt.at\/wp-content\/uploads\/2021\/08\/DSCF1806-1713x2048.jpg 1713w\" sizes=\"auto, (max-width: 856px) 100vw, 856px\" \/><\/td>\n<td>Sebastian Vonach<br \/>\nObmann VCWolfurt<br \/>\n<a href=\"mailto:obmann@vcwolfurt.at\">obmann(at)vcwolfurt.at<br \/>\n<\/a><\/td>\n<\/tr>\n<\/tbody>\n<\/table>\n","protected":false},"excerpt":{"rendered":"<p>Dressenwerbung N\u00fctzen Sie die Werbefl\u00e4chen auf den Dressen unserer Spieler. Sie sind damit bei jedem Pressebericht \u00fcber unser Team gro\u00df im Bild, live am Geschehen und bringt Ihnen hohe Blickkontakte. Es bestehen folgende M\u00f6glichkeiten, sich auf der Bekleidung der Spieler zu pr\u00e4sentieren: Dress (Vorder- und R\u00fcckseite) Hose (Vorder- und R\u00fcckseite) \u00c4rmel Einzelsponsor (Exklusivsponsoring) Trainer Ballkinder [&hellip;]<\/p>\n","protected":false},"author":1,"featured_media":0,"parent":0,"menu_order":0,"comment_status":"closed","ping_status":"closed","template":"","meta":{"footnotes":""},"class_list":["post-272","page","type-page","status-publish","hentry"],"_links":{"self":[{"href":"https:\/\/vcwolfurt.at\/index.php\/wp-json\/wp\/v2\/pages\/272","targetHints":{"allow":["GET"]}}],"collection":[{"href":"https:\/\/vcwolfurt.at\/index.php\/wp-json\/wp\/v2\/pages"}],"about":[{"href":"https:\/\/vcwolfurt.at\/index.php\/wp-json\/wp\/v2\/types\/page"}],"author":[{"embeddable":true,"href":"https:\/\/vcwolfurt.at\/index.php\/wp-json\/wp\/v2\/users\/1"}],"replies":[{"embeddable":true,"href":"https:\/\/vcwolfurt.at\/index.php\/wp-json\/wp\/v2\/comments?post=272"}],"version-history":[{"count":70,"href":"https:\/\/vcwolfurt.at\/index.php\/wp-json\/wp\/v2\/pages\/272\/revisions"}],"predecessor-version":[{"id":2678,"href":"https:\/\/vcwolfurt.at\/index.php\/wp-json\/wp\/v2\/pages\/272\/revisions\/2678"}],"wp:attachment":[{"href":"https:\/\/vcwolfurt.at\/index.php\/wp-json\/wp\/v2\/media?parent=272"}],"curies":[{"name":"wp","href":"https:\/\/api.w.org\/{rel}","templated":true}]}}