{"id":42,"date":"2018-02-13T18:37:25","date_gmt":"2018-02-13T17:37:25","guid":{"rendered":"http:\/\/new.vcwolfurt.at\/?page_id=42"},"modified":"2024-01-23T22:15:16","modified_gmt":"2024-01-23T21:15:16","slug":"hobbymannschaft","status":"publish","type":"page","link":"https:\/\/vcwolfurt.at\/index.php\/hobbymannschaft\/","title":{"rendered":"Hobbymannschaft"},"content":{"rendered":"<p><img loading=\"lazy\" decoding=\"async\" class=\"team-image wp-image-2475 size-large aligncenter\" src=\"https:\/\/vcwolfurt.at\/wp-content\/uploads\/2024\/01\/DSCF0601-1024x563.jpg\" alt=\"\" width=\"1024\" height=\"563\" srcset=\"https:\/\/vcwolfurt.at\/wp-content\/uploads\/2024\/01\/DSCF0601-1024x563.jpg 1024w, https:\/\/vcwolfurt.at\/wp-content\/uploads\/2024\/01\/DSCF0601-300x165.jpg 300w, https:\/\/vcwolfurt.at\/wp-content\/uploads\/2024\/01\/DSCF0601-768x422.jpg 768w, https:\/\/vcwolfurt.at\/wp-content\/uploads\/2024\/01\/DSCF0601-1536x844.jpg 1536w, https:\/\/vcwolfurt.at\/wp-content\/uploads\/2024\/01\/DSCF0601-2048x1126.jpg 2048w\" sizes=\"auto, (max-width: 1024px) 100vw, 1024px\" \/><\/p>\n<p>Der Raiffeisen VC Wolfurt ist nicht nur im Nachwuchs und der Meisterschaft t\u00e4tigt \u2013 auch den Hobbysportlern bietet der VCW jeden Dienstag von<\/p>\n<p>19:30 \u2013 21:30 Uhr ein gemeinsames Volleyballtraining. Hier ist jeder willkommen, der gerne Volleyball spielt. Es gibt keine Vorgabe wie gut man spielen k\u00f6nnen muss, jedoch w\u00e4ren Grundkenntnisse von Baggern und Pritschen von Vorteil.<\/p>\n<p>Zus\u00e4tzlich geh\u00f6ren, Spa\u00df und Freude voneinander zu lernen, dazu. Au\u00dfer dem Training werden immer wieder Ausfl\u00fcge gemacht um<\/p>\n<p>das Kennenlernen zu vereinfachen.<\/p>\n<p>&nbsp;<\/p>\n<p>Wenn jemand Interesse hat, dann meldet euch unter\u00a0<a href=\"mailto:kontakt@vcwolfurt.at\">kontakt@vcwolfurt.at<\/a>.<\/p>\n","protected":false},"excerpt":{"rendered":"<p>Der Raiffeisen VC Wolfurt ist nicht nur im Nachwuchs und der Meisterschaft t\u00e4tigt \u2013 auch den Hobbysportlern bietet der VCW jeden Dienstag von 19:30 \u2013 21:30 Uhr ein gemeinsames Volleyballtraining. Hier ist jeder willkommen, der gerne Volleyball spielt. Es gibt keine Vorgabe wie gut man spielen k\u00f6nnen muss, jedoch w\u00e4ren Grundkenntnisse von Baggern und Pritschen [&hellip;]<\/p>\n","protected":false},"author":1,"featured_media":0,"parent":0,"menu_order":0,"comment_status":"closed","ping_status":"closed","template":"","meta":{"footnotes":""},"class_list":["post-42","page","type-page","status-publish","hentry"],"_links":{"self":[{"href":"https:\/\/vcwolfurt.at\/index.php\/wp-json\/wp\/v2\/pages\/42","targetHints":{"allow":["GET"]}}],"collection":[{"href":"https:\/\/vcwolfurt.at\/index.php\/wp-json\/wp\/v2\/pages"}],"about":[{"href":"https:\/\/vcwolfurt.at\/index.php\/wp-json\/wp\/v2\/types\/page"}],"author":[{"embeddable":true,"href":"https:\/\/vcwolfurt.at\/index.php\/wp-json\/wp\/v2\/users\/1"}],"replies":[{"embeddable":true,"href":"https:\/\/vcwolfurt.at\/index.php\/wp-json\/wp\/v2\/comments?post=42"}],"version-history":[{"count":15,"href":"https:\/\/vcwolfurt.at\/index.php\/wp-json\/wp\/v2\/pages\/42\/revisions"}],"predecessor-version":[{"id":2477,"href":"https:\/\/vcwolfurt.at\/index.php\/wp-json\/wp\/v2\/pages\/42\/revisions\/2477"}],"wp:attachment":[{"href":"https:\/\/vcwolfurt.at\/index.php\/wp-json\/wp\/v2\/media?parent=42"}],"curies":[{"name":"wp","href":"https:\/\/api.w.org\/{rel}","templated":true}]}}