{"id":563,"date":"2018-04-14T15:13:41","date_gmt":"2018-04-14T13:13:41","guid":{"rendered":"http:\/\/new.vcwolfurt.at\/?page_id=563"},"modified":"2022-09-12T21:04:21","modified_gmt":"2022-09-12T19:04:21","slug":"schriftfuehrerin","status":"publish","type":"page","link":"https:\/\/vcwolfurt.at\/index.php\/schriftfuehrerin\/","title":{"rendered":"Schriftf\u00fchrerin"},"content":{"rendered":"<div class=\"row\" style=\"background-color: #d8d9da;\">\n<div class=\"col-sm-6 col-xs-12 col-md-4 col-sm-offset-0\" style=\"padding: 0;\"><img loading=\"lazy\" decoding=\"async\" class=\"alignnone wp-image-1752 size-large\" src=\"https:\/\/vcwolfurt.at\/wp-content\/uploads\/2022\/09\/DSCF0174-1-770x1024.jpg\" alt=\"\" width=\"770\" height=\"1024\" srcset=\"https:\/\/vcwolfurt.at\/wp-content\/uploads\/2022\/09\/DSCF0174-1-770x1024.jpg 770w, https:\/\/vcwolfurt.at\/wp-content\/uploads\/2022\/09\/DSCF0174-1-226x300.jpg 226w, https:\/\/vcwolfurt.at\/wp-content\/uploads\/2022\/09\/DSCF0174-1-768x1021.jpg 768w, https:\/\/vcwolfurt.at\/wp-content\/uploads\/2022\/09\/DSCF0174-1.jpg 1089w\" sizes=\"auto, (max-width: 770px) 100vw, 770px\" \/><\/div>\n<div class=\"col-sm-6 col-xs-12 col-sm-offset-0 col-md-8\" style=\"background-color: #d8d9da; padding: 0;\">\n<div class=\"col-xs-12\" style=\"padding: 2em; padding-left: 2em;\">\n<h2>Lisa Hartmann<\/h2>\n<h3>Schriftf\u00fchrerin<\/h3>\n<\/div>\n<\/div>\n<\/div>\n<p>&nbsp;<\/p>\n<div class=\"row player-type\">\n<table class=\"player-list\">\n<tbody>\n<tr>\n<td style=\"width: 250px;\">Geburtsdatum<\/td>\n<td>30.04.1996<\/td>\n<\/tr>\n<tr>\n<td>Wohnort<\/td>\n<td>Lauterach<\/td>\n<\/tr>\n<tr>\n<td>Beruf<\/td>\n<td>Verkaufsinnendienst, Offsetdruckerei Schwarzach<\/td>\n<\/tr>\n<tr>\n<td>Funktion im Verein<\/td>\n<td>Schriftf\u00fchrerin, Spielerin, OK Team<\/td>\n<\/tr>\n<tr>\n<td>Beschreibt sich selbst als<\/td>\n<td>bodenst\u00e4ndig, teamf\u00e4hig, ehrgeizig<\/td>\n<\/tr>\n<tr>\n<td>Lieblingsspruch<\/td>\n<td>Leidenschaft steht am Anfang jeden Erfolgs<\/td>\n<\/tr>\n<\/tbody>\n<\/table>\n<\/div>\n","protected":false},"excerpt":{"rendered":"<p>Lisa Hartmann Schriftf\u00fchrerin &nbsp; Geburtsdatum 30.04.1996 Wohnort Lauterach Beruf Verkaufsinnendienst, Offsetdruckerei Schwarzach Funktion im Verein Schriftf\u00fchrerin, Spielerin, OK Team Beschreibt sich selbst als bodenst\u00e4ndig, teamf\u00e4hig, ehrgeizig Lieblingsspruch Leidenschaft steht am Anfang jeden Erfolgs<\/p>\n","protected":false},"author":1,"featured_media":0,"parent":0,"menu_order":0,"comment_status":"closed","ping_status":"closed","template":"single-person.php","meta":{"footnotes":""},"class_list":["post-563","page","type-page","status-publish","hentry"],"_links":{"self":[{"href":"https:\/\/vcwolfurt.at\/index.php\/wp-json\/wp\/v2\/pages\/563","targetHints":{"allow":["GET"]}}],"collection":[{"href":"https:\/\/vcwolfurt.at\/index.php\/wp-json\/wp\/v2\/pages"}],"about":[{"href":"https:\/\/vcwolfurt.at\/index.php\/wp-json\/wp\/v2\/types\/page"}],"author":[{"embeddable":true,"href":"https:\/\/vcwolfurt.at\/index.php\/wp-json\/wp\/v2\/users\/1"}],"replies":[{"embeddable":true,"href":"https:\/\/vcwolfurt.at\/index.php\/wp-json\/wp\/v2\/comments?post=563"}],"version-history":[{"count":12,"href":"https:\/\/vcwolfurt.at\/index.php\/wp-json\/wp\/v2\/pages\/563\/revisions"}],"predecessor-version":[{"id":1753,"href":"https:\/\/vcwolfurt.at\/index.php\/wp-json\/wp\/v2\/pages\/563\/revisions\/1753"}],"wp:attachment":[{"href":"https:\/\/vcwolfurt.at\/index.php\/wp-json\/wp\/v2\/media?parent=563"}],"curies":[{"name":"wp","href":"https:\/\/api.w.org\/{rel}","templated":true}]}}