{"id":61,"date":"2018-02-13T18:41:30","date_gmt":"2018-02-13T17:41:30","guid":{"rendered":"http:\/\/new.vcwolfurt.at\/?page_id=61"},"modified":"2019-11-12T08:38:53","modified_gmt":"2019-11-12T07:38:53","slug":"u15-weiblich","status":"publish","type":"page","link":"https:\/\/vcwolfurt.at\/index.php\/u15-weiblich\/","title":{"rendered":"U16 weiblich"},"content":{"rendered":"<p><img loading=\"lazy\" decoding=\"async\" width=\"1024\" height=\"916\" class=\"alignnone size-large wp-image-588 team-image\" src=\"https:\/\/vcwolfurt.at\/wp-content\/uploads\/2018\/04\/U15_weiblich-1024x916.jpg\" alt=\"\" srcset=\"https:\/\/vcwolfurt.at\/wp-content\/uploads\/2018\/04\/U15_weiblich-1024x916.jpg 1024w, https:\/\/vcwolfurt.at\/wp-content\/uploads\/2018\/04\/U15_weiblich-300x268.jpg 300w, https:\/\/vcwolfurt.at\/wp-content\/uploads\/2018\/04\/U15_weiblich-768x687.jpg 768w\" sizes=\"auto, (max-width: 1024px) 100vw, 1024px\" \/><\/p>\n<div class=\"player-type\">\n<h2>Spielerliste<\/h2>\n<p><b>Name<\/b><b>Geburtsdatum<\/b><\/p>\n<table class=\"player-list\">\n<thead><\/thead>\n<tbody>\n<tr>\n<td><b>Indira Gorbach<\/b><\/td>\n<td>27.09.04<\/td>\n<\/tr>\n<tr>\n<td><b>Analena Nikolic<\/b><\/td>\n<td>16.08.04<\/td>\n<\/tr>\n<tr>\n<td><b>Sofia Dell-Osbel<\/b><\/td>\n<td>30.04.04<\/td>\n<\/tr>\n<tr>\n<td><b>Linda D\u00fcr<\/b><\/td>\n<td>13.03.06<\/td>\n<\/tr>\n<tr>\n<td><b>Laura D\u00fcr<\/b><\/td>\n<td>06.07.04<\/td>\n<\/tr>\n<tr>\n<td><b>Vayda Eiler<\/b><\/td>\n<td>29.07.03<\/td>\n<\/tr>\n<tr>\n<td><b>Angelina Frank<\/b><\/td>\n<td>23.01.03<\/td>\n<\/tr>\n<tr>\n<td><b>Kristina Schwarz<\/b><\/td>\n<td>24.07.03<\/td>\n<\/tr>\n<tr>\n<td><b>Ilinka Popovic<\/b><\/td>\n<td>02.05.06<\/td>\n<\/tr>\n<tr>\n<td><b>Elisa V\u00f6gel<\/b><\/td>\n<td>19.12.02<\/td>\n<\/tr>\n<tr>\n<td><b>Annika Linder<\/b><\/td>\n<td>22.08.05<\/td>\n<\/tr>\n<tr>\n<td><b>Teresa Rhomberg<\/b><\/td>\n<td><\/td>\n<\/tr>\n<tr>\n<td><b>Sophia Sigismondi<\/b><\/td>\n<td>20.07.05<\/td>\n<\/tr>\n<tr>\n<td><b>Leonora Wolfgang<\/b><\/td>\n<td>29.03.06<\/td>\n<\/tr>\n<tr>\n<td><b>Sophie Beer<\/b><\/td>\n<td>22.02.03<\/td>\n<\/tr>\n<tr>\n<td><b>Isablle Beer<\/b><\/td>\n<td>25.09.04<\/td>\n<\/tr>\n<tr>\n<td><b>Isabel Boss<\/b><\/td>\n<td>25.10.06<\/td>\n<\/tr>\n<tr>\n<td><b>Theresa Scheffknecht<\/b><\/td>\n<td>23.09.04<\/td>\n<\/tr>\n<tr>\n<td><b>Tebecca Tribus<\/b><\/td>\n<td>04.03.04<\/td>\n<\/tr>\n<\/tbody>\n<\/table>\n<\/div>\n","protected":false},"excerpt":{"rendered":"<p>Spielerliste NameGeburtsdatum Indira Gorbach 27.09.04 Analena Nikolic 16.08.04 Sofia Dell-Osbel 30.04.04 Linda D\u00fcr 13.03.06 Laura D\u00fcr 06.07.04 Vayda Eiler 29.07.03 Angelina Frank 23.01.03 Kristina Schwarz 24.07.03 Ilinka Popovic 02.05.06 Elisa V\u00f6gel 19.12.02 Annika Linder 22.08.05 Teresa Rhomberg Sophia Sigismondi 20.07.05 Leonora Wolfgang 29.03.06 Sophie Beer 22.02.03 Isablle Beer 25.09.04 Isabel Boss 25.10.06 Theresa Scheffknecht 23.09.04 [&hellip;]<\/p>\n","protected":false},"author":1,"featured_media":0,"parent":0,"menu_order":0,"comment_status":"closed","ping_status":"closed","template":"","meta":{"footnotes":""},"class_list":["post-61","page","type-page","status-publish","hentry"],"_links":{"self":[{"href":"https:\/\/vcwolfurt.at\/index.php\/wp-json\/wp\/v2\/pages\/61","targetHints":{"allow":["GET"]}}],"collection":[{"href":"https:\/\/vcwolfurt.at\/index.php\/wp-json\/wp\/v2\/pages"}],"about":[{"href":"https:\/\/vcwolfurt.at\/index.php\/wp-json\/wp\/v2\/types\/page"}],"author":[{"embeddable":true,"href":"https:\/\/vcwolfurt.at\/index.php\/wp-json\/wp\/v2\/users\/1"}],"replies":[{"embeddable":true,"href":"https:\/\/vcwolfurt.at\/index.php\/wp-json\/wp\/v2\/comments?post=61"}],"version-history":[{"count":7,"href":"https:\/\/vcwolfurt.at\/index.php\/wp-json\/wp\/v2\/pages\/61\/revisions"}],"predecessor-version":[{"id":1203,"href":"https:\/\/vcwolfurt.at\/index.php\/wp-json\/wp\/v2\/pages\/61\/revisions\/1203"}],"wp:attachment":[{"href":"https:\/\/vcwolfurt.at\/index.php\/wp-json\/wp\/v2\/media?parent=61"}],"curies":[{"name":"wp","href":"https:\/\/api.w.org\/{rel}","templated":true}]}}