{"id":613,"date":"2018-04-16T11:25:20","date_gmt":"2018-04-16T09:25:20","guid":{"rendered":"http:\/\/new.vcwolfurt.at\/?page_id=613"},"modified":"2023-08-16T20:12:30","modified_gmt":"2023-08-16T18:12:30","slug":"theo-reiter","status":"publish","type":"page","link":"https:\/\/vcwolfurt.at\/index.php\/theo-reiter\/","title":{"rendered":"Theo Reiter"},"content":{"rendered":"<div class=\"row\" style=\"background-color: #d8d9da;\">\n<div class=\"col-sm-2 col-xs-5 col-sm-offset-0\" style=\"padding: 0;\">\n<p><img loading=\"lazy\" decoding=\"async\" class=\"alignnone wp-image-2119 size-full\" src=\"https:\/\/vcwolfurt.at\/wp-content\/uploads\/2023\/08\/9.png\" alt=\"\" width=\"707\" height=\"1000\" srcset=\"https:\/\/vcwolfurt.at\/wp-content\/uploads\/2023\/08\/9.png 707w, https:\/\/vcwolfurt.at\/wp-content\/uploads\/2023\/08\/9-212x300.png 212w\" sizes=\"auto, (max-width: 707px) 100vw, 707px\" \/><\/p>\n<\/div>\n<div class=\"col-sm-9 col-xs-7 col-sm-offset-0\" style=\"background-color: #d8d9da; padding: 0;\">\n<div class=\"col-xs-12\" style=\"padding: 0.8em; padding-left: 2em;\">\n<h1>Nr. 9<\/h1>\n<\/div>\n<div class=\"col-xs-12\" style=\"padding: 0.8em; padding-left: 2em;\">\n<h2>Theo Reiter<\/h2>\n<p>&nbsp;<\/p>\n<h3>Au\u00dfenangreifer<\/h3>\n<\/div>\n<\/div>\n<\/div>\n<p>&nbsp;<\/p>\n<div class=\"row player-type\">\n<table class=\"player-list\">\n<tbody>\n<tr>\n<td>Geburtsdatum<\/td>\n<td>16.01.2000<\/td>\n<\/tr>\n<tr>\n<td>Wohnort<\/td>\n<td>Dornbirn<\/td>\n<\/tr>\n<tr>\n<td>Beruf<\/td>\n<td>Physiotherapie Ausbildung in Ravensburg<\/td>\n<\/tr>\n<tr>\n<td>Funktion im Verein<\/td>\n<td>Spieler<\/td>\n<\/tr>\n<tr>\n<td>Lieblingsessen<\/td>\n<td>K\u00e4ssp\u00e4tzle<\/td>\n<\/tr>\n<tr>\n<td>Lieblingsgetr\u00e4nk<\/td>\n<td>Eistee, Bier<\/td>\n<\/tr>\n<tr>\n<td>Beschreibt sich selbst als<\/td>\n<td>Teamplayer<\/td>\n<\/tr>\n<tr>\n<td>Lieblingsspruch<\/td>\n<td>Never give up!<\/td>\n<\/tr>\n<tr>\n<td>Gr\u00f6\u00dfe<\/td>\n<td>183cm<\/td>\n<\/tr>\n<tr>\n<td>Position<\/td>\n<td>Au\u00dfen<\/td>\n<\/tr>\n<tr>\n<td>Spielt Volleyball seit<\/td>\n<td>2006<\/td>\n<\/tr>\n<tr>\n<td>Ist bei Wolfurt seit<\/td>\n<td>2009<\/td>\n<\/tr>\n<\/tbody>\n<\/table>\n<\/div>\n","protected":false},"excerpt":{"rendered":"<p>Nr. 9 Theo Reiter &nbsp; Au\u00dfenangreifer &nbsp; Geburtsdatum 16.01.2000 Wohnort Dornbirn Beruf Physiotherapie Ausbildung in Ravensburg Funktion im Verein Spieler Lieblingsessen K\u00e4ssp\u00e4tzle Lieblingsgetr\u00e4nk Eistee, Bier Beschreibt sich selbst als Teamplayer Lieblingsspruch Never give up! Gr\u00f6\u00dfe 183cm Position Au\u00dfen Spielt Volleyball seit 2006 Ist bei Wolfurt seit 2009<\/p>\n","protected":false},"author":1,"featured_media":0,"parent":0,"menu_order":0,"comment_status":"closed","ping_status":"closed","template":"single-person.php","meta":{"footnotes":""},"class_list":["post-613","page","type-page","status-publish","hentry"],"_links":{"self":[{"href":"https:\/\/vcwolfurt.at\/index.php\/wp-json\/wp\/v2\/pages\/613","targetHints":{"allow":["GET"]}}],"collection":[{"href":"https:\/\/vcwolfurt.at\/index.php\/wp-json\/wp\/v2\/pages"}],"about":[{"href":"https:\/\/vcwolfurt.at\/index.php\/wp-json\/wp\/v2\/types\/page"}],"author":[{"embeddable":true,"href":"https:\/\/vcwolfurt.at\/index.php\/wp-json\/wp\/v2\/users\/1"}],"replies":[{"embeddable":true,"href":"https:\/\/vcwolfurt.at\/index.php\/wp-json\/wp\/v2\/comments?post=613"}],"version-history":[{"count":11,"href":"https:\/\/vcwolfurt.at\/index.php\/wp-json\/wp\/v2\/pages\/613\/revisions"}],"predecessor-version":[{"id":2146,"href":"https:\/\/vcwolfurt.at\/index.php\/wp-json\/wp\/v2\/pages\/613\/revisions\/2146"}],"wp:attachment":[{"href":"https:\/\/vcwolfurt.at\/index.php\/wp-json\/wp\/v2\/media?parent=613"}],"curies":[{"name":"wp","href":"https:\/\/api.w.org\/{rel}","templated":true}]}}