{"id":619,"date":"2018-04-16T11:26:17","date_gmt":"2018-04-16T09:26:17","guid":{"rendered":"http:\/\/new.vcwolfurt.at\/?page_id=619"},"modified":"2018-04-18T23:35:29","modified_gmt":"2018-04-18T21:35:29","slug":"simon-kritzinger","status":"publish","type":"page","link":"https:\/\/vcwolfurt.at\/index.php\/simon-kritzinger\/","title":{"rendered":"Simon Kritzinger"},"content":{"rendered":"<div class=\"row\" style=\"background-color: #d8d9da;\">\n<div class=\"col-sm-2 col-xs-5 col-sm-offset-0\" style=\"padding: 0;\"><img decoding=\"async\" src=\"https:\/\/vcwolfurt.at\/wp-content\/uploads\/2018\/02\/SimonKritzinger.jpg\"\/><\/div>\n<div class=\"col-sm-9 col-xs-7 col-sm-offset-0\" style=\"background-color: #d8d9da; padding: 0;\">\n<div class=\"col-xs-12\" style=\"padding: 0.8em; padding-left: 2em;\">\n<h1>Nr. 5<\/h1>\n<\/div>\n<div class=\"col-xs-12\" style=\"padding: 0.8em; padding-left: 2em;\">\n<h2>Simon Kritzinger<\/h2>\n<p>&nbsp;<\/p>\n<h3>Au\u00dfenangreifer<\/h3>\n<\/div>\n<\/div>\n<\/div>\n<p>&nbsp;<\/p>\n<div class=\"row player-type\">\n<table class=\"player-list\">\n<tbody>\n<tr>\n<td>Geburtsdatum<\/td>\n<td>31.10.1993<\/td>\n<\/tr>\n<tr>\n<td>Wohnort<\/td>\n<td>Lauterach<\/td>\n<\/tr>\n<tr>\n<td>Beruf<\/td>\n<td>Bauleiter bei Micheal Hassler Bauleitung<\/td>\n<\/tr>\n<tr>\n<td>Funktion im Verein<\/td>\n<td>Vorstandsmitglied, Spieler<\/td>\n<\/tr>\n<tr>\n<td>Lieblingsessen<\/td>\n<td>Pizza<\/td>\n<\/tr>\n<tr>\n<td>Lieblingsgetr\u00e4nk<\/td>\n<td>Apfelsaft gespritzt<\/td>\n<\/tr>\n<tr>\n<td>Beschreibt sich selbst als<\/td>\n<td>unbeschreiblich, mich muss man erleben<\/td>\n<\/tr>\n<tr>\n<td>Lieblingsspruch<\/td>\n<td>Niemand wird als Meister geboren<\/td>\n<\/tr>\n<tr>\n<td>Gr\u00f6\u00dfe<\/td>\n<td>183cm<\/td>\n<\/tr>\n<tr>\n<td>Position<\/td>\n<td>Au\u00dfen, Diagonal<\/td>\n<\/tr>\n<tr>\n<td>Spielt Volleyball seit<\/td>\n<td>2006<\/td>\n<\/tr>\n<tr>\n<td>Ist bei Wolfurt seit<\/td>\n<td>2006<\/td>\n<\/tr>\n<\/tbody>\n<\/table>\n<\/div>\n","protected":false},"excerpt":{"rendered":"<p>Nr. 5 Simon Kritzinger &nbsp; Au\u00dfenangreifer &nbsp; Geburtsdatum 31.10.1993 Wohnort Lauterach Beruf Bauleiter bei Micheal Hassler Bauleitung Funktion im Verein Vorstandsmitglied, Spieler Lieblingsessen Pizza Lieblingsgetr\u00e4nk Apfelsaft gespritzt Beschreibt sich selbst als unbeschreiblich, mich muss man erleben Lieblingsspruch Niemand wird als Meister geboren Gr\u00f6\u00dfe 183cm Position Au\u00dfen, Diagonal Spielt Volleyball seit 2006 Ist bei Wolfurt seit [&hellip;]<\/p>\n","protected":false},"author":1,"featured_media":0,"parent":0,"menu_order":0,"comment_status":"closed","ping_status":"closed","template":"single-person.php","meta":{"footnotes":""},"class_list":["post-619","page","type-page","status-publish","hentry"],"_links":{"self":[{"href":"https:\/\/vcwolfurt.at\/index.php\/wp-json\/wp\/v2\/pages\/619","targetHints":{"allow":["GET"]}}],"collection":[{"href":"https:\/\/vcwolfurt.at\/index.php\/wp-json\/wp\/v2\/pages"}],"about":[{"href":"https:\/\/vcwolfurt.at\/index.php\/wp-json\/wp\/v2\/types\/page"}],"author":[{"embeddable":true,"href":"https:\/\/vcwolfurt.at\/index.php\/wp-json\/wp\/v2\/users\/1"}],"replies":[{"embeddable":true,"href":"https:\/\/vcwolfurt.at\/index.php\/wp-json\/wp\/v2\/comments?post=619"}],"version-history":[{"count":5,"href":"https:\/\/vcwolfurt.at\/index.php\/wp-json\/wp\/v2\/pages\/619\/revisions"}],"predecessor-version":[{"id":831,"href":"https:\/\/vcwolfurt.at\/index.php\/wp-json\/wp\/v2\/pages\/619\/revisions\/831"}],"wp:attachment":[{"href":"https:\/\/vcwolfurt.at\/index.php\/wp-json\/wp\/v2\/media?parent=619"}],"curies":[{"name":"wp","href":"https:\/\/api.w.org\/{rel}","templated":true}]}}