{"id":621,"date":"2018-04-16T11:26:31","date_gmt":"2018-04-16T09:26:31","guid":{"rendered":"http:\/\/new.vcwolfurt.at\/?page_id=621"},"modified":"2022-09-20T08:20:45","modified_gmt":"2022-09-20T06:20:45","slug":"joel-schlittenhardt","status":"publish","type":"page","link":"https:\/\/vcwolfurt.at\/index.php\/joel-schlittenhardt\/","title":{"rendered":"Joel Schlittenhardt"},"content":{"rendered":"<div class=\"row\" style=\"background-color: #d8d9da;\">\n<div class=\"col-sm-2 col-xs-5 col-sm-offset-0\" style=\"padding: 0;\">\n<p><img loading=\"lazy\" decoding=\"async\" class=\"alignnone wp-image-1788 size-large\" src=\"https:\/\/vcwolfurt.at\/wp-content\/uploads\/2022\/09\/RaiffeisenVCWolfurt_Maennlich_Schlittenhardt_Joel-695x1024.png\" alt=\"\" width=\"695\" height=\"1024\" srcset=\"https:\/\/vcwolfurt.at\/wp-content\/uploads\/2022\/09\/RaiffeisenVCWolfurt_Maennlich_Schlittenhardt_Joel-695x1024.png 695w, https:\/\/vcwolfurt.at\/wp-content\/uploads\/2022\/09\/RaiffeisenVCWolfurt_Maennlich_Schlittenhardt_Joel-204x300.png 204w, https:\/\/vcwolfurt.at\/wp-content\/uploads\/2022\/09\/RaiffeisenVCWolfurt_Maennlich_Schlittenhardt_Joel-768x1132.png 768w, https:\/\/vcwolfurt.at\/wp-content\/uploads\/2022\/09\/RaiffeisenVCWolfurt_Maennlich_Schlittenhardt_Joel-1042x1536.png 1042w, https:\/\/vcwolfurt.at\/wp-content\/uploads\/2022\/09\/RaiffeisenVCWolfurt_Maennlich_Schlittenhardt_Joel.png 1055w\" sizes=\"auto, (max-width: 695px) 100vw, 695px\" \/><\/p>\n<\/div>\n<div class=\"col-sm-9 col-xs-7 col-sm-offset-0\" style=\"background-color: #d8d9da; padding: 0;\">\n<div class=\"col-xs-12\" style=\"padding: 0.8em; padding-left: 2em;\">\n<h1>Nr. 5<\/h1>\n<\/div>\n<div class=\"col-xs-12\" style=\"padding: 0.8em; padding-left: 2em;\">\n<h2>Schlittenhardt Joel<\/h2>\n<p>&nbsp;<\/p>\n<h3>Zuspiel<\/h3>\n<\/div>\n<\/div>\n<\/div>\n<p>&nbsp;<\/p>\n<div class=\"row player-type\">\n<table class=\"player-list\">\n<tbody>\n<tr>\n<td>Geburtsdatum<\/td>\n<td>25.08.1993<\/td>\n<\/tr>\n<tr>\n<td>Wohnort<\/td>\n<td>Lindau<\/td>\n<\/tr>\n<tr>\n<td>Beruf<\/td>\n<td>Zahnarzt<\/td>\n<\/tr>\n<tr>\n<td>Funktion im Verein<\/td>\n<td>Spieler<\/td>\n<\/tr>\n<tr>\n<td>Lieblingsessen<\/td>\n<td>Pizza oder Gamsbraten<\/td>\n<\/tr>\n<tr>\n<td>Lieblingsgetr\u00e4nk<\/td>\n<td>(alkoholfreies) Bier<\/td>\n<\/tr>\n<tr>\n<td>Beschreibt sich selbst als<\/td>\n<td>korrekt<\/td>\n<\/tr>\n<tr>\n<td>Gr\u00f6\u00dfe<\/td>\n<td>185cm<\/td>\n<\/tr>\n<tr>\n<td>Position<\/td>\n<td>Zuspiel<\/td>\n<\/tr>\n<tr>\n<td>Spielt Volleyball seit<\/td>\n<td>einigen Jahren<\/td>\n<\/tr>\n<tr>\n<td>Ist bei Wolfurt seit<\/td>\n<td>2020<\/td>\n<\/tr>\n<\/tbody>\n<\/table>\n<\/div>\n","protected":false},"excerpt":{"rendered":"<p>Nr. 5 Schlittenhardt Joel &nbsp; Zuspiel &nbsp; Geburtsdatum 25.08.1993 Wohnort Lindau Beruf Zahnarzt Funktion im Verein Spieler Lieblingsessen Pizza oder Gamsbraten Lieblingsgetr\u00e4nk (alkoholfreies) Bier Beschreibt sich selbst als korrekt Gr\u00f6\u00dfe 185cm Position Zuspiel Spielt Volleyball seit einigen Jahren Ist bei Wolfurt seit 2020<\/p>\n","protected":false},"author":1,"featured_media":0,"parent":0,"menu_order":0,"comment_status":"closed","ping_status":"closed","template":"single-person.php","meta":{"footnotes":""},"class_list":["post-621","page","type-page","status-publish","hentry"],"_links":{"self":[{"href":"https:\/\/vcwolfurt.at\/index.php\/wp-json\/wp\/v2\/pages\/621","targetHints":{"allow":["GET"]}}],"collection":[{"href":"https:\/\/vcwolfurt.at\/index.php\/wp-json\/wp\/v2\/pages"}],"about":[{"href":"https:\/\/vcwolfurt.at\/index.php\/wp-json\/wp\/v2\/types\/page"}],"author":[{"embeddable":true,"href":"https:\/\/vcwolfurt.at\/index.php\/wp-json\/wp\/v2\/users\/1"}],"replies":[{"embeddable":true,"href":"https:\/\/vcwolfurt.at\/index.php\/wp-json\/wp\/v2\/comments?post=621"}],"version-history":[{"count":12,"href":"https:\/\/vcwolfurt.at\/index.php\/wp-json\/wp\/v2\/pages\/621\/revisions"}],"predecessor-version":[{"id":1321,"href":"https:\/\/vcwolfurt.at\/index.php\/wp-json\/wp\/v2\/pages\/621\/revisions\/1321"}],"wp:attachment":[{"href":"https:\/\/vcwolfurt.at\/index.php\/wp-json\/wp\/v2\/media?parent=621"}],"curies":[{"name":"wp","href":"https:\/\/api.w.org\/{rel}","templated":true}]}}