{"id":629,"date":"2018-04-16T11:27:37","date_gmt":"2018-04-16T09:27:37","guid":{"rendered":"http:\/\/new.vcwolfurt.at\/?page_id=629"},"modified":"2020-10-12T17:23:52","modified_gmt":"2020-10-12T15:23:52","slug":"simon-schwendinger","status":"publish","type":"page","link":"https:\/\/vcwolfurt.at\/index.php\/simon-schwendinger\/","title":{"rendered":"Simon Schwendinger"},"content":{"rendered":"<div class=\"row\" style=\"background-color: #d8d9da;\">\n<div class=\"col-sm-2 col-xs-5 col-sm-offset-0\" style=\"padding: 0;\">\n<div id=\"attachment_1376\" style=\"width: 693px\" class=\"wp-caption alignnone\"><img loading=\"lazy\" decoding=\"async\" aria-describedby=\"caption-attachment-1376\" class=\"size-large wp-image-1376\" src=\"https:\/\/vcwolfurt.at\/wp-content\/uploads\/2020\/10\/200908_VCW_037-683x1024.jpg\" alt=\"\" width=\"683\" height=\"1024\" srcset=\"https:\/\/vcwolfurt.at\/wp-content\/uploads\/2020\/10\/200908_VCW_037-683x1024.jpg 683w, https:\/\/vcwolfurt.at\/wp-content\/uploads\/2020\/10\/200908_VCW_037-200x300.jpg 200w, https:\/\/vcwolfurt.at\/wp-content\/uploads\/2020\/10\/200908_VCW_037-768x1152.jpg 768w, https:\/\/vcwolfurt.at\/wp-content\/uploads\/2020\/10\/200908_VCW_037-1024x1536.jpg 1024w, https:\/\/vcwolfurt.at\/wp-content\/uploads\/2020\/10\/200908_VCW_037-1365x2048.jpg 1365w, https:\/\/vcwolfurt.at\/wp-content\/uploads\/2020\/10\/200908_VCW_037-scaled.jpg 1707w\" sizes=\"auto, (max-width: 683px) 100vw, 683px\" \/><p id=\"caption-attachment-1376\" class=\"wp-caption-text\">Simon, Schwendinger, Volleyball, VC, Wolfurt, Foto, Maurice Shourot, Shourot,<\/p><\/div>\n<\/div>\n<div class=\"col-sm-9 col-xs-7 col-sm-offset-0\" style=\"background-color: #d8d9da; padding: 0;\">\n<div class=\"col-xs-12\" style=\"padding: 0.8em; padding-left: 2em;\">\n<h1>Nr. 15<\/h1>\n<\/div>\n<div class=\"col-xs-12\" style=\"padding: 0.8em; padding-left: 2em;\">\n<h2>Simon Schwendinger<\/h2>\n<p>&nbsp;<\/p>\n<h3>Mitte<\/h3>\n<\/div>\n<\/div>\n<\/div>\n<p>&nbsp;<\/p>\n<div class=\"row player-type\">\n<table class=\"player-list\">\n<tbody>\n<tr>\n<td>Geburtsdatum<\/td>\n<td>11.08.2000<\/td>\n<\/tr>\n<tr>\n<td>Wohnort<\/td>\n<td>H\u00f6rbranz<\/td>\n<\/tr>\n<tr>\n<td>Beruf<\/td>\n<td>Sch\u00fcler in der HTL Bregenz<\/td>\n<\/tr>\n<tr>\n<td>Funktion im Verein<\/td>\n<td>Spieler<\/td>\n<\/tr>\n<tr>\n<td>Lieblingsessen<\/td>\n<td>K\u00e4ssp\u00e4tzle<\/td>\n<\/tr>\n<tr>\n<td>Lieblingsgetr\u00e4nk<\/td>\n<td>Eistee von Pfanner<\/td>\n<\/tr>\n<tr>\n<td>Beschreibt sich selbst als<\/td>\n<td>eher ruhig<\/td>\n<\/tr>\n<tr>\n<td>Gr\u00f6\u00dfe<\/td>\n<td>191cm<\/td>\n<\/tr>\n<tr>\n<td>Position<\/td>\n<td>Mitte<\/td>\n<\/tr>\n<tr>\n<td>Spielt Volleyball seit<\/td>\n<td>2010<\/td>\n<\/tr>\n<tr>\n<td>Ist bei Wolfurt seit<\/td>\n<td>2011<\/td>\n<\/tr>\n<\/tbody>\n<\/table>\n<\/div>\n","protected":false},"excerpt":{"rendered":"<p>Nr. 15 Simon Schwendinger &nbsp; Mitte &nbsp; Geburtsdatum 11.08.2000 Wohnort H\u00f6rbranz Beruf Sch\u00fcler in der HTL Bregenz Funktion im Verein Spieler Lieblingsessen K\u00e4ssp\u00e4tzle Lieblingsgetr\u00e4nk Eistee von Pfanner Beschreibt sich selbst als eher ruhig Gr\u00f6\u00dfe 191cm Position Mitte Spielt Volleyball seit 2010 Ist bei Wolfurt seit 2011<\/p>\n","protected":false},"author":1,"featured_media":0,"parent":0,"menu_order":0,"comment_status":"closed","ping_status":"closed","template":"single-person.php","meta":{"footnotes":""},"class_list":["post-629","page","type-page","status-publish","hentry"],"_links":{"self":[{"href":"https:\/\/vcwolfurt.at\/index.php\/wp-json\/wp\/v2\/pages\/629","targetHints":{"allow":["GET"]}}],"collection":[{"href":"https:\/\/vcwolfurt.at\/index.php\/wp-json\/wp\/v2\/pages"}],"about":[{"href":"https:\/\/vcwolfurt.at\/index.php\/wp-json\/wp\/v2\/types\/page"}],"author":[{"embeddable":true,"href":"https:\/\/vcwolfurt.at\/index.php\/wp-json\/wp\/v2\/users\/1"}],"replies":[{"embeddable":true,"href":"https:\/\/vcwolfurt.at\/index.php\/wp-json\/wp\/v2\/comments?post=629"}],"version-history":[{"count":6,"href":"https:\/\/vcwolfurt.at\/index.php\/wp-json\/wp\/v2\/pages\/629\/revisions"}],"predecessor-version":[{"id":1377,"href":"https:\/\/vcwolfurt.at\/index.php\/wp-json\/wp\/v2\/pages\/629\/revisions\/1377"}],"wp:attachment":[{"href":"https:\/\/vcwolfurt.at\/index.php\/wp-json\/wp\/v2\/media?parent=629"}],"curies":[{"name":"wp","href":"https:\/\/api.w.org\/{rel}","templated":true}]}}