{"id":635,"date":"2018-04-16T11:28:29","date_gmt":"2018-04-16T09:28:29","guid":{"rendered":"http:\/\/new.vcwolfurt.at\/?page_id=635"},"modified":"2023-12-09T16:34:16","modified_gmt":"2023-12-09T15:34:16","slug":"sebastian-vonach","status":"publish","type":"page","link":"https:\/\/vcwolfurt.at\/index.php\/sebastian-vonach\/","title":{"rendered":"Sebastian Vonach"},"content":{"rendered":"<div class=\"row\" style=\"background-color: #d8d9da;\">\n<div class=\"col-sm-2 col-xs-5 col-sm-offset-0\" style=\"padding: 0;\">\n<p><img loading=\"lazy\" decoding=\"async\" class=\"alignnone wp-image-2112 size-full\" src=\"https:\/\/vcwolfurt.at\/wp-content\/uploads\/2023\/08\/1.png\" alt=\"\" width=\"879\" height=\"1000\" srcset=\"https:\/\/vcwolfurt.at\/wp-content\/uploads\/2023\/08\/1.png 879w, https:\/\/vcwolfurt.at\/wp-content\/uploads\/2023\/08\/1-264x300.png 264w, https:\/\/vcwolfurt.at\/wp-content\/uploads\/2023\/08\/1-768x874.png 768w\" sizes=\"auto, (max-width: 879px) 100vw, 879px\" \/><\/p>\n<\/div>\n<div class=\"col-sm-9 col-xs-7 col-sm-offset-0\" style=\"background-color: #d8d9da; padding: 0;\">\n<div class=\"col-xs-12\" style=\"padding: 0.8em; padding-left: 2em;\">\n<h1>Nr. 1<\/h1>\n<\/div>\n<div class=\"col-xs-12\" style=\"padding: 0.8em; padding-left: 2em;\">\n<h2>Sebastian Vonach<\/h2>\n<p>&nbsp;<\/p>\n<h3>Zuspiel<\/h3>\n<\/div>\n<\/div>\n<\/div>\n<p>&nbsp;<\/p>\n<div class=\"row player-type\">\n<table class=\"player-list\" style=\"width: 42.5986%; height: 294px;\">\n<tbody>\n<tr style=\"height: 24px;\">\n<td style=\"height: 24px; width: 33.3333%;\">Geburtsdatum<\/td>\n<td style=\"height: 24px; width: 69.8752%;\">05.12.1994<\/td>\n<\/tr>\n<tr style=\"height: 24px;\">\n<td style=\"height: 24px; width: 33.3333%;\">Wohnort<\/td>\n<td style=\"height: 24px; width: 69.8752%;\">Wolfurt (ein Leben lang)<\/td>\n<\/tr>\n<tr style=\"height: 24px;\">\n<td style=\"height: 24px; width: 33.3333%;\">Beruf<\/td>\n<td style=\"height: 24px; width: 69.8752%;\">Bauleiter Albrecht Baumanagement<\/td>\n<\/tr>\n<tr style=\"height: 24px;\">\n<td style=\"height: 24px; width: 33.3333%;\">Funktion im Verein<\/td>\n<td style=\"height: 24px; width: 69.8752%;\">Pr\u00e4sident, OK Team, Trainer und Spieler<\/td>\n<\/tr>\n<tr style=\"height: 24px;\">\n<td style=\"height: 24px; width: 33.3333%;\">Lieblingsessen<\/td>\n<td style=\"height: 24px; width: 69.8752%;\">K\u00e4ssp\u00e4tzle<\/td>\n<\/tr>\n<tr style=\"height: 24px;\">\n<td style=\"height: 24px; width: 33.3333%;\">Lieblingsgetr\u00e4nk<\/td>\n<td style=\"height: 24px; width: 69.8752%;\">Hopfentee<\/td>\n<\/tr>\n<tr style=\"height: 29px;\">\n<td style=\"height: 29px; width: 33.3333%;\">Beschreibt sich selbst als<\/td>\n<td style=\"height: 29px; width: 69.8752%;\">ehrgeizig, zielstrebig<\/td>\n<\/tr>\n<tr style=\"height: 25px;\">\n<td style=\"height: 25px; width: 33.3333%;\">Lieblingsspruch<\/td>\n<td style=\"height: 25px; width: 69.8752%;\">Es scheint immer unm\u00f6glich, bis es jemand getan hat<\/td>\n<\/tr>\n<tr style=\"height: 24px;\">\n<td style=\"height: 24px; width: 33.3333%;\">Gr\u00f6\u00dfe<\/td>\n<td style=\"height: 24px; width: 69.8752%;\">175cm<\/td>\n<\/tr>\n<tr style=\"height: 24px;\">\n<td style=\"height: 24px; width: 33.3333%;\">Position<\/td>\n<td style=\"height: 24px; width: 69.8752%;\">Zuspiel<\/td>\n<\/tr>\n<tr style=\"height: 24px;\">\n<td style=\"height: 24px; width: 33.3333%;\">Spielt Volleyball seit<\/td>\n<td style=\"height: 24px; width: 69.8752%;\">2009<\/td>\n<\/tr>\n<tr style=\"height: 24px;\">\n<td style=\"height: 24px; width: 33.3333%;\">Ist bei Wolfurt seit<\/td>\n<td style=\"height: 24px; width: 69.8752%;\">2009<\/td>\n<\/tr>\n<\/tbody>\n<\/table>\n<\/div>\n","protected":false},"excerpt":{"rendered":"<p>Nr. 1 Sebastian Vonach &nbsp; Zuspiel &nbsp; Geburtsdatum 05.12.1994 Wohnort Wolfurt (ein Leben lang) Beruf Bauleiter Albrecht Baumanagement Funktion im Verein Pr\u00e4sident, OK Team, Trainer und Spieler Lieblingsessen K\u00e4ssp\u00e4tzle Lieblingsgetr\u00e4nk Hopfentee Beschreibt sich selbst als ehrgeizig, zielstrebig Lieblingsspruch Es scheint immer unm\u00f6glich, bis es jemand getan hat Gr\u00f6\u00dfe 175cm Position Zuspiel Spielt Volleyball seit 2009 [&hellip;]<\/p>\n","protected":false},"author":1,"featured_media":0,"parent":0,"menu_order":0,"comment_status":"closed","ping_status":"closed","template":"single-person.php","meta":{"footnotes":""},"class_list":["post-635","page","type-page","status-publish","hentry"],"_links":{"self":[{"href":"https:\/\/vcwolfurt.at\/index.php\/wp-json\/wp\/v2\/pages\/635","targetHints":{"allow":["GET"]}}],"collection":[{"href":"https:\/\/vcwolfurt.at\/index.php\/wp-json\/wp\/v2\/pages"}],"about":[{"href":"https:\/\/vcwolfurt.at\/index.php\/wp-json\/wp\/v2\/types\/page"}],"author":[{"embeddable":true,"href":"https:\/\/vcwolfurt.at\/index.php\/wp-json\/wp\/v2\/users\/1"}],"replies":[{"embeddable":true,"href":"https:\/\/vcwolfurt.at\/index.php\/wp-json\/wp\/v2\/comments?post=635"}],"version-history":[{"count":10,"href":"https:\/\/vcwolfurt.at\/index.php\/wp-json\/wp\/v2\/pages\/635\/revisions"}],"predecessor-version":[{"id":2292,"href":"https:\/\/vcwolfurt.at\/index.php\/wp-json\/wp\/v2\/pages\/635\/revisions\/2292"}],"wp:attachment":[{"href":"https:\/\/vcwolfurt.at\/index.php\/wp-json\/wp\/v2\/media?parent=635"}],"curies":[{"name":"wp","href":"https:\/\/api.w.org\/{rel}","templated":true}]}}