{"id":637,"date":"2018-04-16T11:28:48","date_gmt":"2018-04-16T09:28:48","guid":{"rendered":"http:\/\/new.vcwolfurt.at\/?page_id=637"},"modified":"2018-04-18T23:26:09","modified_gmt":"2018-04-18T21:26:09","slug":"benjamin-halbeisen","status":"publish","type":"page","link":"https:\/\/vcwolfurt.at\/index.php\/benjamin-halbeisen\/","title":{"rendered":"Benjamin Halbeisen"},"content":{"rendered":"<div class=\"row\" style=\"background-color: #d8d9da;\">\n<div class=\"col-sm-2 col-xs-5 col-sm-offset-0\" style=\"padding: 0;\"><img decoding=\"async\" src=\"https:\/\/vcwolfurt.at\/wp-content\/uploads\/2018\/02\/BenjaminHalbeisen.jpg\" \/><\/div>\n<div class=\"col-sm-9 col-xs-7 col-sm-offset-0\" style=\"background-color: #d8d9da; padding: 0;\">\n<div class=\"col-xs-12\" style=\"padding: 0.8em; padding-left: 2em;\">\n<h1>Nr. 3<\/h1>\n<\/div>\n<div class=\"col-xs-12\" style=\"padding: 0.8em; padding-left: 2em;\">\n<h2>Benjamin Halbeisen<\/h2>\n<p>&nbsp;<\/p>\n<h3>Zuspiel<\/h3>\n<\/div>\n<\/div>\n<\/div>\n<p>&nbsp;<\/p>\n<div class=\"row player-type\">\n<table class=\"player-list\">\n<tbody>\n<tr>\n<td>Geburtsdatum<\/td>\n<td>20.01.1998<\/td>\n<\/tr>\n<tr>\n<td>Wohnort<\/td>\n<td>Koblach<\/td>\n<\/tr>\n<tr>\n<td>Beruf<\/td>\n<td>Zivildiener im Kindergarten Koblach<\/td>\n<\/tr>\n<tr>\n<td>Funktion im Verein<\/td>\n<td>Spieler<\/td>\n<\/tr>\n<tr>\n<td>Lieblingsessen<\/td>\n<td>Spinatkn\u00f6del<\/td>\n<\/tr>\n<tr>\n<td>Lieblingsgetr\u00e4nk<\/td>\n<td>Whiskey<\/td>\n<\/tr>\n<tr>\n<td>Beschreibt sich selbst als<\/td>\n<td>optimistisch<\/td>\n<\/tr>\n<tr>\n<td>Lieblingsspruch<\/td>\n<td>if you want be happy, be<\/td>\n<\/tr>\n<tr>\n<td>Gr\u00f6\u00dfe<\/td>\n<td>174cm<\/td>\n<\/tr>\n<tr>\n<td>Position<\/td>\n<td>Zuspiel<\/td>\n<\/tr>\n<tr>\n<td>Spielt Volleyball seit<\/td>\n<td>2008<\/td>\n<\/tr>\n<tr>\n<td>Ist bei Wolfurt seit<\/td>\n<td>2017<\/td>\n<\/tr>\n<\/tbody>\n<\/table>\n<\/div>\n","protected":false},"excerpt":{"rendered":"<p>Nr. 3 Benjamin Halbeisen &nbsp; Zuspiel &nbsp; Geburtsdatum 20.01.1998 Wohnort Koblach Beruf Zivildiener im Kindergarten Koblach Funktion im Verein Spieler Lieblingsessen Spinatkn\u00f6del Lieblingsgetr\u00e4nk Whiskey Beschreibt sich selbst als optimistisch Lieblingsspruch if you want be happy, be Gr\u00f6\u00dfe 174cm Position Zuspiel Spielt Volleyball seit 2008 Ist bei Wolfurt seit 2017<\/p>\n","protected":false},"author":1,"featured_media":0,"parent":0,"menu_order":0,"comment_status":"closed","ping_status":"closed","template":"single-person.php","meta":{"footnotes":""},"class_list":["post-637","page","type-page","status-publish","hentry"],"_links":{"self":[{"href":"https:\/\/vcwolfurt.at\/index.php\/wp-json\/wp\/v2\/pages\/637","targetHints":{"allow":["GET"]}}],"collection":[{"href":"https:\/\/vcwolfurt.at\/index.php\/wp-json\/wp\/v2\/pages"}],"about":[{"href":"https:\/\/vcwolfurt.at\/index.php\/wp-json\/wp\/v2\/types\/page"}],"author":[{"embeddable":true,"href":"https:\/\/vcwolfurt.at\/index.php\/wp-json\/wp\/v2\/users\/1"}],"replies":[{"embeddable":true,"href":"https:\/\/vcwolfurt.at\/index.php\/wp-json\/wp\/v2\/comments?post=637"}],"version-history":[{"count":4,"href":"https:\/\/vcwolfurt.at\/index.php\/wp-json\/wp\/v2\/pages\/637\/revisions"}],"predecessor-version":[{"id":809,"href":"https:\/\/vcwolfurt.at\/index.php\/wp-json\/wp\/v2\/pages\/637\/revisions\/809"}],"wp:attachment":[{"href":"https:\/\/vcwolfurt.at\/index.php\/wp-json\/wp\/v2\/media?parent=637"}],"curies":[{"name":"wp","href":"https:\/\/api.w.org\/{rel}","templated":true}]}}